{"id":987,"date":"2025-04-21T09:35:27","date_gmt":"2025-04-21T09:35:27","guid":{"rendered":"http:\/\/sobanski.pl\/?page_id=987"},"modified":"2025-04-21T09:36:38","modified_gmt":"2025-04-21T09:36:38","slug":"987-2","status":"publish","type":"page","link":"https:\/\/sobanski.pl\/index.php\/de\/987-2\/","title":{"rendered":"Zawiasy kryte ROTO DESIGNO DE"},"content":{"rendered":"\n<div class=\"wp-block-group alignfull has-global-padding is-layout-constrained wp-block-group-is-layout-constrained\">\n<h2 class=\"wp-block-heading has-text-align-center\" style=\"padding-top:var(--wp--preset--spacing--30);padding-bottom:var(--wp--preset--spacing--30)\"><strong>Verdeckte B\u00e4nder ROTO DESIGNO<\/strong><\/h2>\n\n\n\n<div class=\"wp-block-group alignfull has-global-padding is-layout-constrained wp-container-core-group-is-layout-2df14bad wp-block-group-is-layout-constrained\" style=\"margin-top:0;margin-bottom:0;padding-top:var(--wp--preset--spacing--10);padding-right:var(--wp--preset--spacing--50);padding-bottom:var(--wp--preset--spacing--10);padding-left:var(--wp--preset--spacing--50)\">\n<div class=\"wp-block-group alignwide has-global-padding is-layout-constrained wp-block-group-is-layout-constrained\">\n<div class=\"wp-block-columns alignwide are-vertically-aligned-center is-layout-flex wp-container-core-columns-is-layout-47c06fe3 wp-block-columns-is-layout-flex\">\n<div class=\"wp-block-column is-vertically-aligned-center is-layout-flow wp-block-column-is-layout-flow\" style=\"flex-basis:50%\">\n<p>Ganz im Sinne aktueller Trends gilt: Je weniger vom \u201eMechanismus\u201c eines Fensters sichtbar ist, desto sch\u00f6ner wirkt es. Wir bieten das innovative Beschlagsystem Roto NT Designo an, dessen B\u00e4nder im geschlossenen Zustand vollst\u00e4ndig verdeckt sind. Keine sichtbaren Abdeckkappen \u2013 das unterstreicht die \u00c4sthetik und Funktionalit\u00e4t des Fensters zus\u00e4tzlich. Glatte Fensterfl\u00e4chen ohne hervorstehende Elemente oder Ecken sparen zudem Zeit beim Reinigen.<\/p>\n\n\n\n<p>Dar\u00fcber hinaus erm\u00f6glicht das System einen \u00d6ffnungswinkel des Fl\u00fcgels von 100\u00b0. Die Roto NT Designo-B\u00e4nder sind kompakt und platzsparend, was ausreichend Raum f\u00fcr zus\u00e4tzliche Sicherheitsbeschl\u00e4ge bis zur Widerstandsklasse RC2 l\u00e4sst. Das untere Band verf\u00fcgt serienm\u00e4\u00dfig \u00fcber einen integrierten Aushebelschutz.<\/p>\n<\/div>\n\n\n\n<div class=\"wp-block-column is-vertically-aligned-center is-layout-flow wp-block-column-is-layout-flow\" style=\"flex-basis:50%\">\n<figure class=\"wp-block-image aligncenter size-full\"><img loading=\"lazy\" decoding=\"async\" width=\"800\" height=\"470\" src=\"http:\/\/sobanski.pl\/wp-content\/uploads\/2025\/02\/image-19.png\" alt=\"\" class=\"wp-image-228\" srcset=\"https:\/\/sobanski.pl\/wp-content\/uploads\/2025\/02\/image-19.png 800w, https:\/\/sobanski.pl\/wp-content\/uploads\/2025\/02\/image-19-300x176.png 300w, https:\/\/sobanski.pl\/wp-content\/uploads\/2025\/02\/image-19-768x451.png 768w\" sizes=\"auto, (max-width: 800px) 100vw, 800px\" \/><\/figure>\n<\/div>\n<\/div>\n<\/div>\n<\/div>\n<\/div>\n","protected":false},"excerpt":{"rendered":"<p>Verdeckte B\u00e4nder ROTO DESIGNO Ganz im Sinne aktueller Trends gilt: Je weniger vom \u201eMechanismus\u201c eines Fensters sichtbar ist, desto sch\u00f6ner wirkt es. Wir bieten das innovative Beschlagsystem Roto NT Designo an, dessen B\u00e4nder im geschlossenen Zustand vollst\u00e4ndig verdeckt sind. Keine sichtbaren Abdeckkappen \u2013 das unterstreicht die \u00c4sthetik und Funktionalit\u00e4t des Fensters zus\u00e4tzlich. Glatte Fensterfl\u00e4chen ohne [&hellip;]<\/p>\n","protected":false},"author":1,"featured_media":0,"parent":0,"menu_order":0,"comment_status":"closed","ping_status":"closed","template":"wp-custom-template-de","meta":{"_eb_attr":"","footnotes":""},"class_list":["post-987","page","type-page","status-publish","hentry"],"_links":{"self":[{"href":"https:\/\/sobanski.pl\/index.php\/wp-json\/wp\/v2\/pages\/987","targetHints":{"allow":["GET"]}}],"collection":[{"href":"https:\/\/sobanski.pl\/index.php\/wp-json\/wp\/v2\/pages"}],"about":[{"href":"https:\/\/sobanski.pl\/index.php\/wp-json\/wp\/v2\/types\/page"}],"author":[{"embeddable":true,"href":"https:\/\/sobanski.pl\/index.php\/wp-json\/wp\/v2\/users\/1"}],"replies":[{"embeddable":true,"href":"https:\/\/sobanski.pl\/index.php\/wp-json\/wp\/v2\/comments?post=987"}],"version-history":[{"count":2,"href":"https:\/\/sobanski.pl\/index.php\/wp-json\/wp\/v2\/pages\/987\/revisions"}],"predecessor-version":[{"id":995,"href":"https:\/\/sobanski.pl\/index.php\/wp-json\/wp\/v2\/pages\/987\/revisions\/995"}],"wp:attachment":[{"href":"https:\/\/sobanski.pl\/index.php\/wp-json\/wp\/v2\/media?parent=987"}],"curies":[{"name":"wp","href":"https:\/\/api.w.org\/{rel}","templated":true}]}}