{"id":961,"date":"2025-04-21T09:18:03","date_gmt":"2025-04-21T09:18:03","guid":{"rendered":"http:\/\/sobanski.pl\/?page_id=961"},"modified":"2025-04-21T09:18:43","modified_gmt":"2025-04-21T09:18:43","slug":"961-2","status":"publish","type":"page","link":"https:\/\/sobanski.pl\/index.php\/fr\/961-2\/","title":{"rendered":"Szyby zespolone FR"},"content":{"rendered":"\n<div class=\"wp-block-group alignfull has-global-padding is-layout-constrained wp-block-group-is-layout-constrained\">\n<h2 class=\"wp-block-heading has-text-align-center\" style=\"padding-top:var(--wp--preset--spacing--30);padding-bottom:var(--wp--preset--spacing--30)\"><strong>Vitrages isolants<\/strong><\/h2>\n\n\n\n<div class=\"wp-block-group alignfull has-base-background-color has-background has-global-padding is-layout-constrained wp-container-core-group-is-layout-c7a42c40 wp-block-group-is-layout-constrained\" style=\"margin-top:0;margin-bottom:0;padding-top:var(--wp--preset--spacing--20);padding-right:var(--wp--preset--spacing--50);padding-bottom:var(--wp--preset--spacing--20);padding-left:var(--wp--preset--spacing--50)\">\n<div class=\"wp-block-columns alignwide is-layout-flex wp-container-core-columns-is-layout-549b0c86 wp-block-columns-is-layout-flex\">\n<div class=\"wp-block-column is-layout-flow wp-container-core-column-is-layout-119bc444 wp-block-column-is-layout-flow\" style=\"flex-basis:100%\">\n<p class=\"has-heading-font-family has-large-font-size\" style=\"line-height:1\">Vitrages \u00e0 isolation thermique \u2013 GlasMax Thermo, GlasMax SuperThermo<br><\/p>\n\n\n\n<figure class=\"wp-block-image aligncenter size-full\"><img loading=\"lazy\" decoding=\"async\" width=\"956\" height=\"282\" src=\"http:\/\/sobanski.pl\/wp-content\/uploads\/2025\/02\/image.png\" alt=\"\" class=\"wp-image-201\" srcset=\"https:\/\/sobanski.pl\/wp-content\/uploads\/2025\/02\/image.png 956w, https:\/\/sobanski.pl\/wp-content\/uploads\/2025\/02\/image-300x88.png 300w, https:\/\/sobanski.pl\/wp-content\/uploads\/2025\/02\/image-768x227.png 768w\" sizes=\"auto, (max-width: 956px) 100vw, 956px\" \/><\/figure>\n\n\n\n<div class=\"wp-block-columns is-layout-flex wp-container-core-columns-is-layout-87beb0d0 wp-block-columns-is-layout-flex\">\n<div class=\"wp-block-column is-layout-flow wp-block-column-is-layout-flow\">\n<p>Aujourd\u2019hui, une isolation thermique performante est un \u00e9l\u00e9ment essentiel dans une construction respectueuse de l\u2019environnement et \u00e9conomiquement efficace. Pour limiter les pertes de chaleur vers l\u2019ext\u00e9rieur, on utilise des vitrages \u00e0 isolation thermique avec un rev\u00eatement \u00e0 faible \u00e9missivit\u00e9, tel que ClimaGuard Premium, plac\u00e9 c\u00f4t\u00e9 int\u00e9rieur de l\u2019espace entre les vitres.<\/p>\n\n\n\n<p>L\u2019utilisation de vitrages isolants thermiques assure \u00e9galement un confort int\u00e9rieur \u00e9lev\u00e9, notamment en r\u00e9duisant les courants d\u2019air froid et la condensation sur les vitres. Le remplissage de l\u2019espace inter-verres avec un gaz noble comme l\u2019argon ou le krypton permet de diminuer davantage les pertes de chaleur.<\/p>\n\n\n\n<p>Le principal indicateur des performances thermiques d\u2019un vitrage est le coefficient de transmission thermique U, exprim\u00e9 en W\/m\u00b2K, conform\u00e9ment \u00e0 la norme EN 673. Plus le coefficient U est faible, meilleure est l\u2019isolation.<\/p>\n\n\n\n<p>Vitrage isolant simple (1 chambre) : U = 1,6 \u00e0 1,0 [W\/m\u00b2K]<\/p>\n\n\n\n<p>Vitrage isolant double (2 chambres) : U = 0,7 \u00e0 0,5 [W\/m\u00b2K]<\/p>\n<\/div>\n<\/div>\n<\/div>\n<\/div>\n<\/div>\n\n\n\n<div class=\"wp-block-group alignfull has-base-background-color has-background has-global-padding is-layout-constrained wp-container-core-group-is-layout-c7a42c40 wp-block-group-is-layout-constrained\" style=\"margin-top:0;margin-bottom:0;padding-top:var(--wp--preset--spacing--20);padding-right:var(--wp--preset--spacing--50);padding-bottom:var(--wp--preset--spacing--20);padding-left:var(--wp--preset--spacing--50)\">\n<div class=\"wp-block-columns alignwide is-layout-flex wp-container-core-columns-is-layout-549b0c86 wp-block-columns-is-layout-flex\">\n<div class=\"wp-block-column is-layout-flow wp-container-core-column-is-layout-119bc444 wp-block-column-is-layout-flow\" style=\"flex-basis:100%\">\n<p class=\"has-heading-font-family has-large-font-size\" style=\"line-height:1\">Vitrages \u00e0 isolation acoustique \u2013 GlasMax Silent, GlasMax SuperSilent<\/p>\n\n\n\n<figure class=\"wp-block-image aligncenter size-full is-style-rounded is-style-rounded--1\"><img loading=\"lazy\" decoding=\"async\" width=\"956\" height=\"282\" src=\"http:\/\/sobanski.pl\/wp-content\/uploads\/2025\/02\/image-1.png\" alt=\"\" class=\"wp-image-202\" srcset=\"https:\/\/sobanski.pl\/wp-content\/uploads\/2025\/02\/image-1.png 956w, https:\/\/sobanski.pl\/wp-content\/uploads\/2025\/02\/image-1-300x88.png 300w, https:\/\/sobanski.pl\/wp-content\/uploads\/2025\/02\/image-1-768x227.png 768w\" sizes=\"auto, (max-width: 956px) 100vw, 956px\" \/><\/figure>\n\n\n\n<div class=\"wp-block-columns is-layout-flex wp-container-core-columns-is-layout-87beb0d0 wp-block-columns-is-layout-flex\">\n<div class=\"wp-block-column is-layout-flow wp-block-column-is-layout-flow\">\n<p>La protection contre le bruit est essentielle pour la qualit\u00e9 de vie, en particulier lorsque les sources sonores ne peuvent \u00eatre \u00e9limin\u00e9es. Les vitrages acoustiques performants sont obtenus par l\u2019utilisation de verres feuillet\u00e9s avec des films sp\u00e9ciaux \u00e0 haute isolation acoustique, par l\u2019augmentation de la masse du verre, par une construction asym\u00e9trique ou par le remplissage de gaz lourds absorbant les sons.<\/p>\n\n\n\n<p>Les performances acoustiques d\u00e9pendent principalement de la structure du vitrage, mais aussi du profil de la fen\u00eatre, des ferrures et de la qualit\u00e9 de la pose. Comme l\u2019affaiblissement acoustique ne se calcule pas facilement, le choix de la solution id\u00e9ale doit \u00eatre confi\u00e9 \u00e0 des sp\u00e9cialistes.<\/p>\n\n\n\n<p>L\u2019isolation phonique peut \u00eatre combin\u00e9e \u00e0 d\u2019autres fonctions comme l\u2019isolation thermique, la s\u00e9curit\u00e9 ou la protection solaire. Elle est d\u00e9termin\u00e9e selon la norme EN 12354 \u00e0 l\u2019aide de l\u2019indice d\u2019affaiblissement pond\u00e9r\u00e9 Rw et des indices d\u2019adaptation C et Ctr. Selon leur construction, les vitrages atteignent une isolation acoustique comprise entre Rw = 28 et 53 dB.<\/p>\n<\/div>\n<\/div>\n<\/div>\n<\/div>\n<\/div>\n\n\n\n<div class=\"wp-block-group alignfull has-base-background-color has-background has-global-padding is-layout-constrained wp-container-core-group-is-layout-c7a42c40 wp-block-group-is-layout-constrained\" style=\"margin-top:0;margin-bottom:0;padding-top:var(--wp--preset--spacing--20);padding-right:var(--wp--preset--spacing--50);padding-bottom:var(--wp--preset--spacing--20);padding-left:var(--wp--preset--spacing--50)\">\n<div class=\"wp-block-columns alignwide is-layout-flex wp-container-core-columns-is-layout-549b0c86 wp-block-columns-is-layout-flex\">\n<div class=\"wp-block-column is-layout-flow wp-container-core-column-is-layout-119bc444 wp-block-column-is-layout-flow\" style=\"flex-basis:100%\">\n<p class=\"has-heading-font-family has-large-font-size\" style=\"line-height:1\">Vitrages de s\u00e9curit\u00e9 \u2013 GlasMax Safe<\/p>\n\n\n\n<figure class=\"wp-block-image aligncenter size-full\"><img loading=\"lazy\" decoding=\"async\" width=\"956\" height=\"282\" src=\"http:\/\/sobanski.pl\/wp-content\/uploads\/2025\/02\/image-3.png\" alt=\"\" class=\"wp-image-204\" srcset=\"https:\/\/sobanski.pl\/wp-content\/uploads\/2025\/02\/image-3.png 956w, https:\/\/sobanski.pl\/wp-content\/uploads\/2025\/02\/image-3-300x88.png 300w, https:\/\/sobanski.pl\/wp-content\/uploads\/2025\/02\/image-3-768x227.png 768w\" sizes=\"auto, (max-width: 956px) 100vw, 956px\" \/><\/figure>\n\n\n\n<div class=\"wp-block-columns is-layout-flex wp-container-core-columns-is-layout-87beb0d0 wp-block-columns-is-layout-flex\">\n<div class=\"wp-block-column is-layout-flow wp-block-column-is-layout-flow\">\n<p>L\u00e0 o\u00f9 l\u2019on utilise du verre, la s\u00e9curit\u00e9 est primordiale. Les vitrages de s\u00e9curit\u00e9 sont con\u00e7us pour prot\u00e9ger les personnes contre les blessures caus\u00e9es par des \u00e9clats de verre en cas de bris. Le vitrage de s\u00e9curit\u00e9 GlasMax Safe est un verre feuillet\u00e9 qui, \u00e0 premi\u00e8re vue, ressemble \u00e0 un vitrage standard. Pourtant, il r\u00e9pond \u00e0 de nombreuses exigences modernes : contr\u00f4le de la lumi\u00e8re et de l\u2019ensoleillement, conservation de l\u2019\u00e9nergie, s\u00e9curit\u00e9 des occupants, protection du b\u00e2timent contre les menaces ext\u00e9rieures.<\/p>\n\n\n\n<p>M\u00eame fissur\u00e9, un vitrage feuillet\u00e9 correctement install\u00e9 reste en place dans le cadre, conservant ainsi l\u2019int\u00e9grit\u00e9 de la structure tout en assurant les fonctions de la fen\u00eatre.<\/p>\n\n\n\n<p>L\u2019usage de vitrages de s\u00e9curit\u00e9 est particuli\u00e8rement recommand\u00e9 pour les portes, cloisons, vitrages toute hauteur, balcons, sas d\u2019entr\u00e9e, garde-corps et toutes protections contre les chutes. La classification s\u2019effectue selon la norme EN 12600 par essai de choc pendulaire. Les classes sont d\u00e9finies selon la hauteur de chute et le type de fracture du verre.<\/p>\n<\/div>\n<\/div>\n<\/div>\n<\/div>\n<\/div>\n\n\n\n<div class=\"wp-block-group alignfull has-base-background-color has-background has-global-padding is-layout-constrained wp-container-core-group-is-layout-c7a42c40 wp-block-group-is-layout-constrained\" style=\"margin-top:0;margin-bottom:0;padding-top:var(--wp--preset--spacing--20);padding-right:var(--wp--preset--spacing--50);padding-bottom:var(--wp--preset--spacing--20);padding-left:var(--wp--preset--spacing--50)\">\n<div class=\"wp-block-columns alignwide is-layout-flex wp-container-core-columns-is-layout-549b0c86 wp-block-columns-is-layout-flex\">\n<div class=\"wp-block-column is-layout-flow wp-container-core-column-is-layout-119bc444 wp-block-column-is-layout-flow\" style=\"flex-basis:100%\">\n<p class=\"has-heading-font-family has-large-font-size\" style=\"line-height:1\">Vitrages de s\u00e9curit\u00e9 anti-effraction \u2013 GlasMax Secure<\/p>\n\n\n\n<figure class=\"wp-block-image aligncenter size-full\"><img loading=\"lazy\" decoding=\"async\" width=\"956\" height=\"282\" src=\"http:\/\/sobanski.pl\/wp-content\/uploads\/2025\/02\/image-4.png\" alt=\"\" class=\"wp-image-205\" srcset=\"https:\/\/sobanski.pl\/wp-content\/uploads\/2025\/02\/image-4.png 956w, https:\/\/sobanski.pl\/wp-content\/uploads\/2025\/02\/image-4-300x88.png 300w, https:\/\/sobanski.pl\/wp-content\/uploads\/2025\/02\/image-4-768x227.png 768w\" sizes=\"auto, (max-width: 956px) 100vw, 956px\" \/><\/figure>\n\n\n\n<div class=\"wp-block-columns is-layout-flex wp-container-core-columns-is-layout-87beb0d0 wp-block-columns-is-layout-flex\">\n<div class=\"wp-block-column is-layout-flow wp-block-column-is-layout-flow\">\n<p>La fonction premi\u00e8re de ces vitrages est de prot\u00e9ger les habitations contre les cambriolages. Lorsqu\u2019ils sont associ\u00e9s \u00e0 des ferrures renforc\u00e9es, ils peuvent remplacer d\u2019autres dispositifs comme les grilles, volets ou stores, tout en maintenant l\u2019esth\u00e9tique de la fa\u00e7ade. GlasMax Secure est un verre feuillet\u00e9 dont le niveau de s\u00e9curit\u00e9 peut \u00eatre adapt\u00e9 gr\u00e2ce \u00e0 diverses combinaisons de verres et de films PVB difficiles \u00e0 d\u00e9chirer. Plus il y a de couches de verre et plus le film est \u00e9pais, plus la s\u00e9curit\u00e9 est \u00e9lev\u00e9e.<\/p>\n\n\n\n<p>Dans les maisons individuelles, on utilise principalement des vitrages de classes P3A (deux verres + 3 films) et P4A (deux verres + 4 films), reconnus par les compagnies d\u2019assurance, ce qui peut r\u00e9duire la prime de 5 \u00e0 10\u202f%. Les vitrages de s\u00e9curit\u00e9 sont classifi\u00e9s selon la norme EN 356, qui utilise un essai de chute libre d\u2019une bille d\u2019acier. Classes disponibles\u202f: P1A \u00e0 P5A.<\/p>\n<\/div>\n<\/div>\n<\/div>\n<\/div>\n<\/div>\n\n\n\n<div class=\"wp-block-group alignfull has-base-background-color has-background has-global-padding is-layout-constrained wp-container-core-group-is-layout-c7a42c40 wp-block-group-is-layout-constrained\" style=\"margin-top:0;margin-bottom:0;padding-top:var(--wp--preset--spacing--20);padding-right:var(--wp--preset--spacing--50);padding-bottom:var(--wp--preset--spacing--20);padding-left:var(--wp--preset--spacing--50)\">\n<div class=\"wp-block-columns alignwide is-layout-flex wp-container-core-columns-is-layout-549b0c86 wp-block-columns-is-layout-flex\">\n<div class=\"wp-block-column is-layout-flow wp-container-core-column-is-layout-119bc444 wp-block-column-is-layout-flow\" style=\"flex-basis:100%\">\n<p class=\"has-heading-font-family has-large-font-size\" style=\"line-height:1\">Vitrages de contr\u00f4le solaire \u2013 GlasMax Sunblock, Supersunblock<\/p>\n\n\n\n<figure class=\"wp-block-image aligncenter size-full\"><img loading=\"lazy\" decoding=\"async\" width=\"956\" height=\"282\" src=\"http:\/\/sobanski.pl\/wp-content\/uploads\/2025\/02\/image-5.png\" alt=\"\" class=\"wp-image-206\" srcset=\"https:\/\/sobanski.pl\/wp-content\/uploads\/2025\/02\/image-5.png 956w, https:\/\/sobanski.pl\/wp-content\/uploads\/2025\/02\/image-5-300x88.png 300w, https:\/\/sobanski.pl\/wp-content\/uploads\/2025\/02\/image-5-768x227.png 768w\" sizes=\"auto, (max-width: 956px) 100vw, 956px\" \/><\/figure>\n\n\n\n<div class=\"wp-block-columns is-layout-flex wp-container-core-columns-is-layout-87beb0d0 wp-block-columns-is-layout-flex\">\n<div class=\"wp-block-column is-layout-flow wp-block-column-is-layout-flow\">\n<p>Ces vitrages visent \u00e0 \u00e9viter la surchauffe des pi\u00e8ces, pour un meilleur confort et des co\u00fbts de climatisation r\u00e9duits \u2013 un enjeu crucial notamment dans les b\u00e2timents publics comme les bureaux. Les vitrages de contr\u00f4le solaire modernes offrent aussi une excellente isolation thermique en hiver, r\u00e9duisant les pertes de chaleur.<\/p>\n\n\n\n<p>Selon les param\u00e8tres techniques, ils peuvent se d\u00e9cliner en diff\u00e9rentes teintes\u202f: grises, bleues ou neutres. Ils offrent \u00e9galement une transmission lumineuse \u00e9lev\u00e9e, ce qui les rend adapt\u00e9s \u00e0 l\u2019habitat, surtout dans les pi\u00e8ces tr\u00e8s expos\u00e9es au soleil l\u2019\u00e9t\u00e9.<\/p>\n\n\n\n<p>Le param\u00e8tre principal d\u00e9finissant les performances de protection solaire est le facteur solaire \u00ab\u202fg\u202f\u00bb, qui indique la transmission totale d\u2019\u00e9nergie solaire vers l\u2019int\u00e9rieur. Il est d\u00e9fini selon la norme EN 410. Plus la valeur est faible, meilleure est la protection solaire.<\/p>\n<\/div>\n<\/div>\n<\/div>\n<\/div>\n<\/div>\n<\/div>\n","protected":false},"excerpt":{"rendered":"<p>Vitrages isolants Vitrages \u00e0 isolation thermique \u2013 GlasMax Thermo, GlasMax SuperThermo Aujourd\u2019hui, une isolation thermique performante est un \u00e9l\u00e9ment essentiel dans une construction respectueuse de l\u2019environnement et \u00e9conomiquement efficace. Pour limiter les pertes de chaleur vers l\u2019ext\u00e9rieur, on utilise des vitrages \u00e0 isolation thermique avec un rev\u00eatement \u00e0 faible \u00e9missivit\u00e9, tel que ClimaGuard Premium, plac\u00e9 [&hellip;]<\/p>\n","protected":false},"author":1,"featured_media":0,"parent":0,"menu_order":0,"comment_status":"closed","ping_status":"closed","template":"wp-custom-template-fr","meta":{"_eb_attr":"","footnotes":""},"class_list":["post-961","page","type-page","status-publish","hentry"],"_links":{"self":[{"href":"https:\/\/sobanski.pl\/index.php\/wp-json\/wp\/v2\/pages\/961","targetHints":{"allow":["GET"]}}],"collection":[{"href":"https:\/\/sobanski.pl\/index.php\/wp-json\/wp\/v2\/pages"}],"about":[{"href":"https:\/\/sobanski.pl\/index.php\/wp-json\/wp\/v2\/types\/page"}],"author":[{"embeddable":true,"href":"https:\/\/sobanski.pl\/index.php\/wp-json\/wp\/v2\/users\/1"}],"replies":[{"embeddable":true,"href":"https:\/\/sobanski.pl\/index.php\/wp-json\/wp\/v2\/comments?post=961"}],"version-history":[{"count":2,"href":"https:\/\/sobanski.pl\/index.php\/wp-json\/wp\/v2\/pages\/961\/revisions"}],"predecessor-version":[{"id":968,"href":"https:\/\/sobanski.pl\/index.php\/wp-json\/wp\/v2\/pages\/961\/revisions\/968"}],"wp:attachment":[{"href":"https:\/\/sobanski.pl\/index.php\/wp-json\/wp\/v2\/media?parent=961"}],"curies":[{"name":"wp","href":"https:\/\/api.w.org\/{rel}","templated":true}]}}