{"id":946,"date":"2025-04-21T09:09:16","date_gmt":"2025-04-21T09:09:16","guid":{"rendered":"http:\/\/sobanski.pl\/?page_id=946"},"modified":"2025-04-21T09:09:17","modified_gmt":"2025-04-21T09:09:17","slug":"szyby-ze-szprosami-fr","status":"publish","type":"page","link":"https:\/\/sobanski.pl\/index.php\/fr\/szyby-ze-szprosami-fr\/","title":{"rendered":"Szyby ze szprosami FR"},"content":{"rendered":"\n<div class=\"wp-block-group alignfull has-global-padding is-layout-constrained wp-block-group-is-layout-constrained\">\n<h2 class=\"wp-block-heading has-text-align-center\" style=\"padding-top:var(--wp--preset--spacing--30);padding-bottom:var(--wp--preset--spacing--30)\"><strong>Vitrages avec petits bois<\/strong><\/h2>\n\n\n\n<div class=\"wp-block-group alignfull has-global-padding is-layout-constrained wp-container-core-group-is-layout-d89aad35 wp-block-group-is-layout-constrained\" style=\"margin-top:0;margin-bottom:0;padding-top:var(--wp--preset--spacing--50);padding-right:var(--wp--preset--spacing--50);padding-bottom:var(--wp--preset--spacing--50);padding-left:var(--wp--preset--spacing--50)\">\n<div class=\"wp-block-columns alignwide are-vertically-aligned-center is-layout-flex wp-container-core-columns-is-layout-47c06fe3 wp-block-columns-is-layout-flex\">\n<div class=\"wp-block-column is-vertically-aligned-center is-layout-flow wp-block-column-is-layout-flow\" style=\"flex-basis:50%\">\n<h2 class=\"wp-block-heading\">Petits bois int\u00e9gr\u00e9s \u00e0 la structure<\/h2>\n\n\n\n<p>Les petits bois structurels font partie du cadre de la fen\u00eatre et divisent physiquement le vitrage. Dans les fen\u00eatres, la largeur minimale des petits bois structurels est de 56 mm.<\/p>\n<\/div>\n\n\n\n<div class=\"wp-block-column is-vertically-aligned-center is-layout-flow wp-block-column-is-layout-flow\" style=\"flex-basis:50%\">\n<figure class=\"wp-block-image size-full\"><img loading=\"lazy\" decoding=\"async\" width=\"640\" height=\"391\" src=\"http:\/\/sobanski.pl\/wp-content\/uploads\/2025\/02\/image-15.png\" alt=\"\" class=\"wp-image-222\" srcset=\"https:\/\/sobanski.pl\/wp-content\/uploads\/2025\/02\/image-15.png 640w, https:\/\/sobanski.pl\/wp-content\/uploads\/2025\/02\/image-15-300x183.png 300w\" sizes=\"auto, (max-width: 640px) 100vw, 640px\" \/><\/figure>\n<\/div>\n<\/div>\n<\/div>\n\n\n\n<div class=\"wp-block-group alignfull has-base-2-background-color has-background has-global-padding is-layout-constrained wp-container-core-group-is-layout-d89aad35 wp-block-group-is-layout-constrained\" style=\"margin-top:0;margin-bottom:0;padding-top:var(--wp--preset--spacing--50);padding-right:var(--wp--preset--spacing--50);padding-bottom:var(--wp--preset--spacing--50);padding-left:var(--wp--preset--spacing--50)\">\n<div class=\"wp-block-columns alignwide are-vertically-aligned-center is-layout-flex wp-container-core-columns-is-layout-47c06fe3 wp-block-columns-is-layout-flex\">\n<div class=\"wp-block-column is-vertically-aligned-center is-layout-flow wp-block-column-is-layout-flow\" style=\"flex-basis:50%\">\n<h2 class=\"wp-block-heading\">Petits bois coll\u00e9s<\/h2>\n\n\n\n<p>Les petits bois coll\u00e9s ne font pas partie de la structure de la fen\u00eatre et ne divisent pas le vitrage. Ce sont des baguettes d\u00e9coratives coll\u00e9es des deux c\u00f4t\u00e9s du verre. Ces petits bois peuvent \u00eatre accompagn\u00e9s ou non d\u2019un intercalaire interne.<\/p>\n\n\n\n<p>\u2013 Petits bois dits \u00ab viennois \u00bb : largeurs 22 mm, 26 mm<br>\u2013 Petits bois sans intercalaire interne : largeurs 18 mm, 22 mm, 26 mm et 30 mm<\/p>\n<\/div>\n\n\n\n<div class=\"wp-block-column is-vertically-aligned-center is-layout-flow wp-block-column-is-layout-flow\" style=\"flex-basis:50%\">\n<figure class=\"wp-block-image size-full\"><img loading=\"lazy\" decoding=\"async\" width=\"640\" height=\"391\" src=\"http:\/\/sobanski.pl\/wp-content\/uploads\/2025\/02\/image-16.png\" alt=\"\" class=\"wp-image-223\" srcset=\"https:\/\/sobanski.pl\/wp-content\/uploads\/2025\/02\/image-16.png 640w, https:\/\/sobanski.pl\/wp-content\/uploads\/2025\/02\/image-16-300x183.png 300w\" sizes=\"auto, (max-width: 640px) 100vw, 640px\" \/><\/figure>\n<\/div>\n<\/div>\n<\/div>\n\n\n\n<div class=\"wp-block-group alignfull has-global-padding is-layout-constrained wp-container-core-group-is-layout-d89aad35 wp-block-group-is-layout-constrained\" style=\"margin-top:0;margin-bottom:0;padding-top:var(--wp--preset--spacing--50);padding-right:var(--wp--preset--spacing--50);padding-bottom:var(--wp--preset--spacing--50);padding-left:var(--wp--preset--spacing--50)\">\n<div class=\"wp-block-columns alignwide are-vertically-aligned-center is-layout-flex wp-container-core-columns-is-layout-47c06fe3 wp-block-columns-is-layout-flex\">\n<div class=\"wp-block-column is-vertically-aligned-center is-layout-flow wp-block-column-is-layout-flow\" style=\"flex-basis:50%\">\n<h2 class=\"wp-block-heading\">Petits bois int\u00e9gr\u00e9s entre les vitrages<\/h2>\n\n\n\n<p>Les petits bois internes sont des \u00e9l\u00e9ments en aluminium int\u00e9gr\u00e9s \u00e0 l\u2019int\u00e9rieur du vitrage au moment de l\u2019assemblage du double ou triple vitrage. Ils sont disponibles en version standard en dor\u00e9, blanc, imitation bois, ou sur commande dans n\u2019importe quelle teinte de la palette RAL.<\/p>\n<\/div>\n\n\n\n<div class=\"wp-block-column is-vertically-aligned-center is-layout-flow wp-block-column-is-layout-flow\" style=\"flex-basis:50%\">\n<figure class=\"wp-block-image aligncenter size-full\"><img loading=\"lazy\" decoding=\"async\" width=\"320\" height=\"378\" src=\"http:\/\/sobanski.pl\/wp-content\/uploads\/2025\/02\/image-18.png\" alt=\"\" class=\"wp-image-225\" srcset=\"https:\/\/sobanski.pl\/wp-content\/uploads\/2025\/02\/image-18.png 320w, https:\/\/sobanski.pl\/wp-content\/uploads\/2025\/02\/image-18-254x300.png 254w\" sizes=\"auto, (max-width: 320px) 100vw, 320px\" \/><\/figure>\n<\/div>\n<\/div>\n<\/div>\n\n\n\n<div class=\"wp-block-group alignfull has-base-2-background-color has-background has-global-padding is-layout-constrained wp-container-core-group-is-layout-d89aad35 wp-block-group-is-layout-constrained\" style=\"margin-top:0;margin-bottom:0;padding-top:var(--wp--preset--spacing--50);padding-right:var(--wp--preset--spacing--50);padding-bottom:var(--wp--preset--spacing--50);padding-left:var(--wp--preset--spacing--50)\">\n<div class=\"wp-block-columns alignwide are-vertically-aligned-center is-layout-flex wp-container-core-columns-is-layout-47c06fe3 wp-block-columns-is-layout-flex\">\n<div class=\"wp-block-column is-vertically-aligned-center is-layout-flow wp-block-column-is-layout-flow\" style=\"flex-basis:50%\">\n<h2 class=\"wp-block-heading\">Petits bois sur cadre<\/h2>\n\n\n\n<p>Les petits bois sur cadre sont des cadres ext\u00e9rieurs en bois fix\u00e9s par des charni\u00e8res avec des attaches, ce qui permet de les ouvrir pour faciliter le nettoyage complet de la vitre.<\/p>\n<\/div>\n\n\n\n<div class=\"wp-block-column is-vertically-aligned-center is-layout-flow wp-block-column-is-layout-flow\" style=\"flex-basis:50%\">\n<figure class=\"wp-block-image aligncenter size-full\"><img loading=\"lazy\" decoding=\"async\" width=\"320\" height=\"378\" src=\"http:\/\/sobanski.pl\/wp-content\/uploads\/2025\/02\/image-17.png\" alt=\"\" class=\"wp-image-224\" srcset=\"https:\/\/sobanski.pl\/wp-content\/uploads\/2025\/02\/image-17.png 320w, https:\/\/sobanski.pl\/wp-content\/uploads\/2025\/02\/image-17-254x300.png 254w\" sizes=\"auto, (max-width: 320px) 100vw, 320px\" \/><\/figure>\n<\/div>\n<\/div>\n<\/div>\n<\/div>\n","protected":false},"excerpt":{"rendered":"<p>Vitrages avec petits bois Petits bois int\u00e9gr\u00e9s \u00e0 la structure Les petits bois structurels font partie du cadre de la fen\u00eatre et divisent physiquement le vitrage. Dans les fen\u00eatres, la largeur minimale des petits bois structurels est de 56 mm. Petits bois coll\u00e9s Les petits bois coll\u00e9s ne font pas partie de la structure de [&hellip;]<\/p>\n","protected":false},"author":1,"featured_media":0,"parent":0,"menu_order":0,"comment_status":"closed","ping_status":"closed","template":"wp-custom-template-fr","meta":{"_eb_attr":"","footnotes":""},"class_list":["post-946","page","type-page","status-publish","hentry"],"_links":{"self":[{"href":"https:\/\/sobanski.pl\/index.php\/wp-json\/wp\/v2\/pages\/946","targetHints":{"allow":["GET"]}}],"collection":[{"href":"https:\/\/sobanski.pl\/index.php\/wp-json\/wp\/v2\/pages"}],"about":[{"href":"https:\/\/sobanski.pl\/index.php\/wp-json\/wp\/v2\/types\/page"}],"author":[{"embeddable":true,"href":"https:\/\/sobanski.pl\/index.php\/wp-json\/wp\/v2\/users\/1"}],"replies":[{"embeddable":true,"href":"https:\/\/sobanski.pl\/index.php\/wp-json\/wp\/v2\/comments?post=946"}],"version-history":[{"count":3,"href":"https:\/\/sobanski.pl\/index.php\/wp-json\/wp\/v2\/pages\/946\/revisions"}],"predecessor-version":[{"id":955,"href":"https:\/\/sobanski.pl\/index.php\/wp-json\/wp\/v2\/pages\/946\/revisions\/955"}],"wp:attachment":[{"href":"https:\/\/sobanski.pl\/index.php\/wp-json\/wp\/v2\/media?parent=946"}],"curies":[{"name":"wp","href":"https:\/\/api.w.org\/{rel}","templated":true}]}}