{"id":945,"date":"2025-04-21T09:08:01","date_gmt":"2025-04-21T09:08:01","guid":{"rendered":"http:\/\/sobanski.pl\/?page_id=945"},"modified":"2025-04-21T09:08:42","modified_gmt":"2025-04-21T09:08:42","slug":"945-2","status":"publish","type":"page","link":"https:\/\/sobanski.pl\/index.php\/de\/945-2\/","title":{"rendered":"Szyby ze szprosami DE"},"content":{"rendered":"\n<div class=\"wp-block-group alignfull has-global-padding is-layout-constrained wp-block-group-is-layout-constrained\">\n<h2 class=\"wp-block-heading has-text-align-center\" style=\"padding-top:var(--wp--preset--spacing--30);padding-bottom:var(--wp--preset--spacing--30)\"><strong>Verglasung mit Sprossen<\/strong><\/h2>\n\n\n\n<div class=\"wp-block-group alignfull has-global-padding is-layout-constrained wp-container-core-group-is-layout-d89aad35 wp-block-group-is-layout-constrained\" style=\"margin-top:0;margin-bottom:0;padding-top:var(--wp--preset--spacing--50);padding-right:var(--wp--preset--spacing--50);padding-bottom:var(--wp--preset--spacing--50);padding-left:var(--wp--preset--spacing--50)\">\n<div class=\"wp-block-columns alignwide are-vertically-aligned-center is-layout-flex wp-container-core-columns-is-layout-47c06fe3 wp-block-columns-is-layout-flex\">\n<div class=\"wp-block-column is-vertically-aligned-center is-layout-flow wp-block-column-is-layout-flow\" style=\"flex-basis:50%\">\n<h2 class=\"wp-block-heading\">Konstruktive Sprossen<\/h2>\n\n\n\n<p>Konstruktive Sprossen sind Teil des Fensterrahmens und teilen das Glas. Die Mindestbreite dieser Sprossen betr\u00e4gt 56 mm.<\/p>\n<\/div>\n\n\n\n<div class=\"wp-block-column is-vertically-aligned-center is-layout-flow wp-block-column-is-layout-flow\" style=\"flex-basis:50%\">\n<figure class=\"wp-block-image size-full\"><img loading=\"lazy\" decoding=\"async\" width=\"640\" height=\"391\" src=\"http:\/\/sobanski.pl\/wp-content\/uploads\/2025\/02\/image-15.png\" alt=\"\" class=\"wp-image-222\" srcset=\"https:\/\/sobanski.pl\/wp-content\/uploads\/2025\/02\/image-15.png 640w, https:\/\/sobanski.pl\/wp-content\/uploads\/2025\/02\/image-15-300x183.png 300w\" sizes=\"auto, (max-width: 640px) 100vw, 640px\" \/><\/figure>\n<\/div>\n<\/div>\n<\/div>\n\n\n\n<div class=\"wp-block-group alignfull has-base-2-background-color has-background has-global-padding is-layout-constrained wp-container-core-group-is-layout-d89aad35 wp-block-group-is-layout-constrained\" style=\"margin-top:0;margin-bottom:0;padding-top:var(--wp--preset--spacing--50);padding-right:var(--wp--preset--spacing--50);padding-bottom:var(--wp--preset--spacing--50);padding-left:var(--wp--preset--spacing--50)\">\n<div class=\"wp-block-columns alignwide are-vertically-aligned-center is-layout-flex wp-container-core-columns-is-layout-47c06fe3 wp-block-columns-is-layout-flex\">\n<div class=\"wp-block-column is-vertically-aligned-center is-layout-flow wp-block-column-is-layout-flow\" style=\"flex-basis:50%\">\n<h2 class=\"wp-block-heading\">Aufgeklebte Sprossen<\/h2>\n\n\n\n<p>Aufgeklebte Sprossen sind keine Bestandteile des Rahmens und teilen das Glas nicht. Es handelt sich um dekorative Leisten, die beidseitig auf das Glas geklebt werden. Diese Sprossen k\u00f6nnen mit einem Abstandhalter im Scheibenzwischenraum kombiniert sein \u2013 oder auch nicht.<\/p>\n\n\n\n<p>\u2013 Sogenannte \u201eWiener Sprossen\u201c: Breiten 22 mm, 26 mm<br>\u2013 Sprossen ohne Abstandhalter: Breiten 18 mm, 22 mm, 26 mm und 30 mm<\/p>\n<\/div>\n\n\n\n<div class=\"wp-block-column is-vertically-aligned-center is-layout-flow wp-block-column-is-layout-flow\" style=\"flex-basis:50%\">\n<figure class=\"wp-block-image size-full\"><img loading=\"lazy\" decoding=\"async\" width=\"640\" height=\"391\" src=\"http:\/\/sobanski.pl\/wp-content\/uploads\/2025\/02\/image-16.png\" alt=\"\" class=\"wp-image-223\" srcset=\"https:\/\/sobanski.pl\/wp-content\/uploads\/2025\/02\/image-16.png 640w, https:\/\/sobanski.pl\/wp-content\/uploads\/2025\/02\/image-16-300x183.png 300w\" sizes=\"auto, (max-width: 640px) 100vw, 640px\" \/><\/figure>\n<\/div>\n<\/div>\n<\/div>\n\n\n\n<div class=\"wp-block-group alignfull has-global-padding is-layout-constrained wp-container-core-group-is-layout-d89aad35 wp-block-group-is-layout-constrained\" style=\"margin-top:0;margin-bottom:0;padding-top:var(--wp--preset--spacing--50);padding-right:var(--wp--preset--spacing--50);padding-bottom:var(--wp--preset--spacing--50);padding-left:var(--wp--preset--spacing--50)\">\n<div class=\"wp-block-columns alignwide are-vertically-aligned-center is-layout-flex wp-container-core-columns-is-layout-47c06fe3 wp-block-columns-is-layout-flex\">\n<div class=\"wp-block-column is-vertically-aligned-center is-layout-flow wp-block-column-is-layout-flow\" style=\"flex-basis:50%\">\n<h2 class=\"wp-block-heading\">Innenliegende Sprossen<\/h2>\n\n\n\n<p>Innenliegende Sprossen sind Aluminiumprofile, die zwischen den Glasscheiben im Scheibenaufbau verklebt werden. Standardfarben: Gold, Wei\u00df, Holzdekor. Auf Wunsch auch in jeder RAL-Farbe erh\u00e4ltlich.<\/p>\n<\/div>\n\n\n\n<div class=\"wp-block-column is-vertically-aligned-center is-layout-flow wp-block-column-is-layout-flow\" style=\"flex-basis:50%\">\n<figure class=\"wp-block-image aligncenter size-full\"><img loading=\"lazy\" decoding=\"async\" width=\"320\" height=\"378\" src=\"http:\/\/sobanski.pl\/wp-content\/uploads\/2025\/02\/image-18.png\" alt=\"\" class=\"wp-image-225\" srcset=\"https:\/\/sobanski.pl\/wp-content\/uploads\/2025\/02\/image-18.png 320w, https:\/\/sobanski.pl\/wp-content\/uploads\/2025\/02\/image-18-254x300.png 254w\" sizes=\"auto, (max-width: 320px) 100vw, 320px\" \/><\/figure>\n<\/div>\n<\/div>\n<\/div>\n\n\n\n<div class=\"wp-block-group alignfull has-base-2-background-color has-background has-global-padding is-layout-constrained wp-container-core-group-is-layout-d89aad35 wp-block-group-is-layout-constrained\" style=\"margin-top:0;margin-bottom:0;padding-top:var(--wp--preset--spacing--50);padding-right:var(--wp--preset--spacing--50);padding-bottom:var(--wp--preset--spacing--50);padding-left:var(--wp--preset--spacing--50)\">\n<div class=\"wp-block-columns alignwide are-vertically-aligned-center is-layout-flex wp-container-core-columns-is-layout-47c06fe3 wp-block-columns-is-layout-flex\">\n<div class=\"wp-block-column is-vertically-aligned-center is-layout-flow wp-block-column-is-layout-flow\" style=\"flex-basis:50%\">\n<h2 class=\"wp-block-heading\">Rahmensprossen<\/h2>\n\n\n\n<p>Rahmensprossen sind \u00e4u\u00dfere Holzrahmen mit Scharnieren und Halterungen, die das \u00d6ffnen zur Reinigung der gesamten Glasfl\u00e4che erm\u00f6glichen.<\/p>\n<\/div>\n\n\n\n<div class=\"wp-block-column is-vertically-aligned-center is-layout-flow wp-block-column-is-layout-flow\" style=\"flex-basis:50%\">\n<figure class=\"wp-block-image aligncenter size-full\"><img loading=\"lazy\" decoding=\"async\" width=\"320\" height=\"378\" src=\"http:\/\/sobanski.pl\/wp-content\/uploads\/2025\/02\/image-17.png\" alt=\"\" class=\"wp-image-224\" srcset=\"https:\/\/sobanski.pl\/wp-content\/uploads\/2025\/02\/image-17.png 320w, https:\/\/sobanski.pl\/wp-content\/uploads\/2025\/02\/image-17-254x300.png 254w\" sizes=\"auto, (max-width: 320px) 100vw, 320px\" \/><\/figure>\n<\/div>\n<\/div>\n<\/div>\n<\/div>\n","protected":false},"excerpt":{"rendered":"<p>Verglasung mit Sprossen Konstruktive Sprossen Konstruktive Sprossen sind Teil des Fensterrahmens und teilen das Glas. Die Mindestbreite dieser Sprossen betr\u00e4gt 56 mm. Aufgeklebte Sprossen Aufgeklebte Sprossen sind keine Bestandteile des Rahmens und teilen das Glas nicht. Es handelt sich um dekorative Leisten, die beidseitig auf das Glas geklebt werden. Diese Sprossen k\u00f6nnen mit einem Abstandhalter [&hellip;]<\/p>\n","protected":false},"author":1,"featured_media":0,"parent":0,"menu_order":0,"comment_status":"closed","ping_status":"closed","template":"wp-custom-template-de","meta":{"_eb_attr":"","footnotes":""},"class_list":["post-945","page","type-page","status-publish","hentry"],"_links":{"self":[{"href":"https:\/\/sobanski.pl\/index.php\/wp-json\/wp\/v2\/pages\/945","targetHints":{"allow":["GET"]}}],"collection":[{"href":"https:\/\/sobanski.pl\/index.php\/wp-json\/wp\/v2\/pages"}],"about":[{"href":"https:\/\/sobanski.pl\/index.php\/wp-json\/wp\/v2\/types\/page"}],"author":[{"embeddable":true,"href":"https:\/\/sobanski.pl\/index.php\/wp-json\/wp\/v2\/users\/1"}],"replies":[{"embeddable":true,"href":"https:\/\/sobanski.pl\/index.php\/wp-json\/wp\/v2\/comments?post=945"}],"version-history":[{"count":2,"href":"https:\/\/sobanski.pl\/index.php\/wp-json\/wp\/v2\/pages\/945\/revisions"}],"predecessor-version":[{"id":953,"href":"https:\/\/sobanski.pl\/index.php\/wp-json\/wp\/v2\/pages\/945\/revisions\/953"}],"wp:attachment":[{"href":"https:\/\/sobanski.pl\/index.php\/wp-json\/wp\/v2\/media?parent=945"}],"curies":[{"name":"wp","href":"https:\/\/api.w.org\/{rel}","templated":true}]}}