{"id":935,"date":"2025-04-21T08:59:11","date_gmt":"2025-04-21T08:59:11","guid":{"rendered":"http:\/\/sobanski.pl\/?page_id=935"},"modified":"2025-04-21T08:59:46","modified_gmt":"2025-04-21T08:59:46","slug":"935-2","status":"publish","type":"page","link":"https:\/\/sobanski.pl\/index.php\/fr\/935-2\/","title":{"rendered":"Rolety zewn\u0119trzne FR"},"content":{"rendered":"\n<div class=\"wp-block-group alignfull has-global-padding is-layout-constrained wp-block-group-is-layout-constrained\">\n<h2 class=\"wp-block-heading has-text-align-center\" style=\"padding-top:var(--wp--preset--spacing--30);padding-bottom:var(--wp--preset--spacing--30)\"><strong>Volets roulants ext\u00e9rieurs<\/strong><\/h2>\n\n\n\n<div class=\"wp-block-group alignfull has-global-padding is-layout-constrained wp-container-core-group-is-layout-c7a42c40 wp-block-group-is-layout-constrained\" style=\"margin-top:0;margin-bottom:0;padding-top:var(--wp--preset--spacing--20);padding-right:var(--wp--preset--spacing--50);padding-bottom:var(--wp--preset--spacing--20);padding-left:var(--wp--preset--spacing--50)\">\n<div class=\"wp-block-columns alignwide are-vertically-aligned-center is-layout-flex wp-container-core-columns-is-layout-47c06fe3 wp-block-columns-is-layout-flex\">\n<div class=\"wp-block-column is-vertically-aligned-center is-layout-flow wp-block-column-is-layout-flow\" style=\"flex-basis:50%\">\n<p>Les volets roulants ext\u00e9rieurs sont un syst\u00e8me de protection solaire tr\u00e8s efficace, assurant une obscurit\u00e9 quasi totale dans les pi\u00e8ces. Ils sont \u00e9galement largement utilis\u00e9s dans divers types de b\u00e2timents comme une protection fiable contre les effractions. Nos volets roulants ext\u00e9rieurs se distinguent par leur durabilit\u00e9, leur haute qualit\u00e9 de fabrication et leur esth\u00e9tique soign\u00e9e. Gr\u00e2ce \u00e0 leur conception moderne, ils r\u00e9gulent parfaitement la temp\u00e9rature int\u00e9rieure\u00a0: en \u00e9t\u00e9, ils prot\u00e8gent contre les rayons du soleil et en hiver, ils r\u00e9duisent les pertes de chaleur. Nous sommes convaincus que nos volets r\u00e9pondront aux attentes les plus \u00e9lev\u00e9es de nos clients.<\/p>\n<\/div>\n\n\n\n<div class=\"wp-block-column is-vertically-aligned-center is-layout-flow wp-block-column-is-layout-flow\" style=\"flex-basis:50%\">\n<figure class=\"wp-block-image size-full is-style-rounded is-style-rounded--1\"><img loading=\"lazy\" decoding=\"async\" width=\"1000\" height=\"400\" src=\"http:\/\/sobanski.pl\/wp-content\/uploads\/2025\/02\/rolety-zewnetrzne.jpg\" alt=\"\" class=\"wp-image-174\" style=\"aspect-ratio:4\/3;object-fit:cover\" srcset=\"https:\/\/sobanski.pl\/wp-content\/uploads\/2025\/02\/rolety-zewnetrzne.jpg 1000w, https:\/\/sobanski.pl\/wp-content\/uploads\/2025\/02\/rolety-zewnetrzne-300x120.jpg 300w, https:\/\/sobanski.pl\/wp-content\/uploads\/2025\/02\/rolety-zewnetrzne-768x307.jpg 768w\" sizes=\"auto, (max-width: 1000px) 100vw, 1000px\" \/><\/figure>\n<\/div>\n<\/div>\n<\/div>\n\n\n\n<div class=\"wp-block-group alignfull has-global-padding is-layout-constrained wp-container-core-group-is-layout-edc2874e wp-block-group-is-layout-constrained\" style=\"margin-top:0;margin-bottom:0;padding-top:var(--wp--preset--spacing--20);padding-right:var(--wp--preset--spacing--50);padding-bottom:var(--wp--preset--spacing--20);padding-left:var(--wp--preset--spacing--50)\">\n<div class=\"wp-block-group alignwide has-base-2-background-color has-background has-global-padding is-layout-constrained wp-container-core-group-is-layout-a151063b wp-block-group-is-layout-constrained\" style=\"border-radius:16px;padding-top:var(--wp--preset--spacing--50);padding-right:var(--wp--preset--spacing--40);padding-bottom:var(--wp--preset--spacing--50);padding-left:var(--wp--preset--spacing--40)\">\n<div class=\"wp-block-group alignwide is-vertical is-content-justification-stretch is-layout-flex wp-container-core-group-is-layout-353c4f5a wp-block-group-is-layout-flex\">\n<p class=\"has-text-align-center\" style=\"margin-top:var(--wp--preset--spacing--10);font-size:clamp(1.352rem, 1.352rem + ((1vw - 0.2rem) * 1.413), 2.2rem);\">Les volets roulants ext\u00e9rieurs offrent de nombreuses fonctionnalit\u00e9s pratiques qui expliquent leur popularit\u00e9\u00a0:<\/p>\n<\/div>\n\n\n\n<ul class=\"wp-block-list is-style-checkmark-list\">\n<li>Protection contre les temp\u00e9ratures extr\u00eames (froid et chaleur)<\/li>\n\n\n\n<li>Protection contre les conditions atmosph\u00e9riques (vent fort, gr\u00eale)<\/li>\n\n\n\n<li>R\u00e9duction du bruit<\/li>\n\n\n\n<li>Protection contre les effractions et le vandalisme<\/li>\n<\/ul>\n\n\n\n<div style=\"height:var(--wp--preset--spacing--30)\" aria-hidden=\"true\" class=\"wp-block-spacer\"><\/div>\n\n\n\n<div class=\"wp-block-columns alignwide is-layout-flex wp-container-core-columns-is-layout-06670bbc wp-block-columns-is-layout-flex\">\n<div class=\"wp-block-column has-global-padding is-layout-constrained wp-container-core-column-is-layout-0420df3c wp-block-column-is-layout-constrained\" style=\"border-top-color:var(--wp--preset--color--contrast-3);border-top-width:1px;padding-top:var(--wp--preset--spacing--30);padding-right:var(--wp--preset--spacing--30);padding-bottom:var(--wp--preset--spacing--10);padding-left:var(--wp--preset--spacing--30)\">\n<h4 class=\"wp-block-heading has-text-align-center has-large-font-size\" style=\"padding-top:1px\">Volets roulants standard<\/h4>\n\n\n\n<figure class=\"wp-block-image aligncenter size-full wp-duotone-duotone-1\"><img loading=\"lazy\" decoding=\"async\" width=\"193\" height=\"237\" src=\"http:\/\/sobanski.pl\/wp-content\/uploads\/2025\/02\/r1standard.jpg\" alt=\"\" class=\"wp-image-167\"\/><\/figure>\n\n\n\n<div style=\"height:var(--wp--preset--spacing--10)\" aria-hidden=\"true\" class=\"wp-block-spacer\"><\/div>\n\n\n\n<p>Les volets roulants standard peuvent \u00eatre install\u00e9s \u00e0 tout moment, car ils sont mont\u00e9s sur la fa\u00e7ade ou dans l\u2019embrasure de la fen\u00eatre. Ils sont disponibles avec un caisson en aluminium \u00e0 coupe \u00e0 45\u00b0 ou arrondi.<\/p>\n<\/div>\n\n\n\n<div class=\"wp-block-column has-global-padding is-layout-constrained wp-container-core-column-is-layout-0420df3c wp-block-column-is-layout-constrained\" style=\"border-top-color:var(--wp--preset--color--contrast);border-top-width:2px;padding-top:var(--wp--preset--spacing--30);padding-right:var(--wp--preset--spacing--30);padding-bottom:var(--wp--preset--spacing--10);padding-left:var(--wp--preset--spacing--30)\">\n<h4 class=\"wp-block-heading has-text-align-center has-large-font-size\">Volets roulants encastr\u00e9s<\/h4>\n\n\n\n<figure class=\"wp-block-image aligncenter size-full wp-duotone-duotone-1\"><img loading=\"lazy\" decoding=\"async\" width=\"193\" height=\"237\" src=\"http:\/\/sobanski.pl\/wp-content\/uploads\/2025\/02\/r1standard.jpg\" alt=\"\" class=\"wp-image-167\"\/><\/figure>\n\n\n\n<div style=\"height:var(--wp--preset--spacing--10)\" aria-hidden=\"true\" class=\"wp-block-spacer\"><\/div>\n\n\n\n<p>Les volets roulants encastr\u00e9s sont install\u00e9s dans le linteau et les coulisses dans l\u2019embrasure de la fen\u00eatre. Ce type de volet est recommand\u00e9 pour les constructions neuves. Le panneau de r\u00e9vision (d\u2019acc\u00e8s) est situ\u00e9 sous le caisson, \u00e0 l\u2019ext\u00e9rieur du b\u00e2timent.<\/p>\n<\/div>\n\n\n\n<div class=\"wp-block-column has-global-padding is-layout-constrained wp-container-core-column-is-layout-0420df3c wp-block-column-is-layout-constrained\" style=\"border-top-color:var(--wp--preset--color--contrast-3);border-top-width:1px;padding-top:var(--wp--preset--spacing--30);padding-right:var(--wp--preset--spacing--30);padding-bottom:var(--wp--preset--spacing--10);padding-left:var(--wp--preset--spacing--30)\">\n<h4 class=\"wp-block-heading has-text-align-center has-large-font-size\" style=\"padding-top:1px\">Volets roulants monoblocs<\/h4>\n\n\n\n<figure class=\"wp-block-image aligncenter size-full wp-duotone-duotone-1\"><img loading=\"lazy\" decoding=\"async\" width=\"193\" height=\"237\" src=\"http:\/\/sobanski.pl\/wp-content\/uploads\/2025\/02\/r1standard.jpg\" alt=\"\" class=\"wp-image-167\"\/><\/figure>\n\n\n\n<div style=\"height:var(--wp--preset--spacing--10)\" aria-hidden=\"true\" class=\"wp-block-spacer\"><\/div>\n\n\n\n<p>Les volets roulants monoblocs sont install\u00e9s exclusivement lors de la construction ou lors du remplacement des menuiseries dans des b\u00e2timents existants. Le caisson est fix\u00e9 sur le cadre de la fen\u00eatre ou de la porte, et les coulisses sont mont\u00e9es du c\u00f4t\u00e9 ext\u00e9rieur. Le volet est install\u00e9 en m\u00eame temps que la fen\u00eatre. Le caisson est invisible et le volet semble faire partie int\u00e9grante de la fen\u00eatre. Le panneau de r\u00e9vision se trouve \u00e0 l\u2019int\u00e9rieur du b\u00e2timent. Le caisson comporte une couche isolante garantissant une excellente isolation thermique.<\/p>\n<\/div>\n<\/div>\n<\/div>\n<\/div>\n\n\n\n<div class=\"wp-block-group alignfull has-base-2-background-color has-background has-global-padding is-layout-constrained wp-container-core-group-is-layout-669513ed wp-block-group-is-layout-constrained\" style=\"margin-top:0;margin-bottom:0;padding-top:var(--wp--preset--spacing--50);padding-right:var(--wp--preset--spacing--50);padding-bottom:var(--wp--preset--spacing--50);padding-left:var(--wp--preset--spacing--50)\">\n<div class=\"wp-block-group is-vertical is-content-justification-center is-layout-flex wp-container-core-group-is-layout-ce155fab wp-block-group-is-layout-flex\">\n<h2 class=\"wp-block-heading has-text-align-center has-xx-large-font-size\">Moustiquaires<\/h2>\n\n\n\n<p class=\"has-text-align-center\">Nous proposons un large choix de moustiquaires pour fen\u00eatres, portes, fen\u00eatres de toit et grandes baies vitr\u00e9es. Nos produits sont hautement r\u00e9sistants aux intemp\u00e9ries.<\/p>\n<\/div>\n\n\n\n<div style=\"height:var(--wp--preset--spacing--30)\" aria-hidden=\"true\" class=\"wp-block-spacer\"><\/div>\n\n\n\n<div class=\"wp-block-columns alignwide is-layout-flex wp-container-core-columns-is-layout-1946c030 wp-block-columns-is-layout-flex\" style=\"padding-right:0;padding-left:0\">\n<div class=\"wp-block-column is-layout-flow wp-block-column-is-layout-flow\">\n<figure class=\"wp-block-image aligncenter size-full is-style-rounded is-style-rounded--2\"><img loading=\"lazy\" decoding=\"async\" width=\"200\" height=\"150\" src=\"http:\/\/sobanski.pl\/wp-content\/uploads\/2025\/02\/mos1.jpg\" alt=\"\" class=\"wp-image-177\" style=\"aspect-ratio:1;object-fit:cover\"\/><\/figure>\n\n\n\n<div class=\"wp-block-group is-vertical is-content-justification-center is-nowrap is-layout-flex wp-container-core-group-is-layout-21d4e958 wp-block-group-is-layout-flex\">\n<p class=\"has-text-align-center has-medium-font-size\">Pliss\u00e9es \u2013 pour fen\u00eatres et grandes surfaces vitr\u00e9es de terrasse<\/p>\n<\/div>\n<\/div>\n\n\n\n<div class=\"wp-block-column is-layout-flow wp-block-column-is-layout-flow\">\n<figure class=\"wp-block-image aligncenter size-full is-style-rounded is-style-rounded--3\"><img loading=\"lazy\" decoding=\"async\" width=\"200\" height=\"150\" src=\"http:\/\/sobanski.pl\/wp-content\/uploads\/2025\/02\/mos2.jpg\" alt=\"\" class=\"wp-image-178\" style=\"aspect-ratio:1;object-fit:cover\"\/><\/figure>\n\n\n\n<div class=\"wp-block-group is-vertical is-content-justification-center is-nowrap is-layout-flex wp-container-core-group-is-layout-63bfd6c1 wp-block-group-is-layout-flex\">\n<p class=\"has-text-align-center has-medium-font-size\">Pliss\u00e9es \u2013 pour fen\u00eatres et grandes surfaces vitr\u00e9es de terrasse<\/p>\n<\/div>\n<\/div>\n\n\n\n<div class=\"wp-block-column is-layout-flow wp-block-column-is-layout-flow\">\n<figure class=\"wp-block-image aligncenter size-full is-style-rounded is-style-rounded--4\"><img loading=\"lazy\" decoding=\"async\" width=\"200\" height=\"150\" src=\"http:\/\/sobanski.pl\/wp-content\/uploads\/2025\/02\/mos3.jpg\" alt=\"\" class=\"wp-image-179\" style=\"aspect-ratio:1;object-fit:cover\"\/><\/figure>\n\n\n\n<div class=\"wp-block-group is-vertical is-content-justification-center is-nowrap is-layout-flex wp-container-core-group-is-layout-63bfd6c1 wp-block-group-is-layout-flex\">\n<p class=\"has-text-align-center has-medium-font-size\">Enroulables \u2013 pour fen\u00eatres et portes<\/p>\n<\/div>\n<\/div>\n<\/div>\n\n\n\n<div class=\"wp-block-columns alignwide is-layout-flex wp-container-core-columns-is-layout-279dbfb6 wp-block-columns-is-layout-flex\" style=\"padding-right:0;padding-left:0\">\n<div class=\"wp-block-column is-layout-flow wp-block-column-is-layout-flow\">\n<figure class=\"wp-block-image aligncenter size-full is-style-rounded is-style-rounded--5\"><img loading=\"lazy\" decoding=\"async\" width=\"200\" height=\"150\" src=\"http:\/\/sobanski.pl\/wp-content\/uploads\/2025\/02\/mos4.jpg\" alt=\"\" class=\"wp-image-180\" style=\"aspect-ratio:1;object-fit:cover\"\/><\/figure>\n\n\n\n<div class=\"wp-block-group is-vertical is-content-justification-center is-nowrap is-layout-flex wp-container-core-group-is-layout-21d4e958 wp-block-group-is-layout-flex\">\n<p class=\"has-text-align-center has-medium-font-size\">\u00c0 cadre \u2013 blanc, brun, palette RAL ou d\u00e9cors bois<\/p>\n<\/div>\n<\/div>\n\n\n\n<div class=\"wp-block-column is-layout-flow wp-block-column-is-layout-flow\">\n<figure class=\"wp-block-image aligncenter size-full is-style-rounded is-style-rounded--6\"><img loading=\"lazy\" decoding=\"async\" width=\"200\" height=\"150\" src=\"http:\/\/sobanski.pl\/wp-content\/uploads\/2025\/02\/mos5.jpg\" alt=\"\" class=\"wp-image-181\" style=\"aspect-ratio:1;object-fit:cover\"\/><\/figure>\n\n\n\n<div class=\"wp-block-group is-vertical is-content-justification-center is-nowrap is-layout-flex wp-container-core-group-is-layout-63bfd6c1 wp-block-group-is-layout-flex\">\n<p class=\"has-text-align-center has-medium-font-size\">Pour portes \u2013 blanc, brun, palette RAL ou d\u00e9cors bois<\/p>\n<\/div>\n<\/div>\n\n\n\n<div class=\"wp-block-column is-layout-flow wp-block-column-is-layout-flow\">\n<figure class=\"wp-block-image aligncenter size-full is-style-rounded is-style-rounded--7\"><img loading=\"lazy\" decoding=\"async\" width=\"200\" height=\"150\" src=\"http:\/\/sobanski.pl\/wp-content\/uploads\/2025\/02\/mos6.jpg\" alt=\"\" class=\"wp-image-182\" style=\"aspect-ratio:1;object-fit:cover\"\/><\/figure>\n\n\n\n<div class=\"wp-block-group is-vertical is-content-justification-center is-nowrap is-layout-flex wp-container-core-group-is-layout-63bfd6c1 wp-block-group-is-layout-flex\">\n<p class=\"has-text-align-center has-medium-font-size\">Rideaux en maille<\/p>\n<\/div>\n<\/div>\n<\/div>\n<\/div>\n<\/div>\n","protected":false},"excerpt":{"rendered":"<p>Volets roulants ext\u00e9rieurs Les volets roulants ext\u00e9rieurs sont un syst\u00e8me de protection solaire tr\u00e8s efficace, assurant une obscurit\u00e9 quasi totale dans les pi\u00e8ces. Ils sont \u00e9galement largement utilis\u00e9s dans divers types de b\u00e2timents comme une protection fiable contre les effractions. Nos volets roulants ext\u00e9rieurs se distinguent par leur durabilit\u00e9, leur haute qualit\u00e9 de fabrication et [&hellip;]<\/p>\n","protected":false},"author":1,"featured_media":0,"parent":0,"menu_order":0,"comment_status":"closed","ping_status":"closed","template":"wp-custom-template-fr","meta":{"_eb_attr":"","footnotes":""},"class_list":["post-935","page","type-page","status-publish","hentry"],"_links":{"self":[{"href":"https:\/\/sobanski.pl\/index.php\/wp-json\/wp\/v2\/pages\/935","targetHints":{"allow":["GET"]}}],"collection":[{"href":"https:\/\/sobanski.pl\/index.php\/wp-json\/wp\/v2\/pages"}],"about":[{"href":"https:\/\/sobanski.pl\/index.php\/wp-json\/wp\/v2\/types\/page"}],"author":[{"embeddable":true,"href":"https:\/\/sobanski.pl\/index.php\/wp-json\/wp\/v2\/users\/1"}],"replies":[{"embeddable":true,"href":"https:\/\/sobanski.pl\/index.php\/wp-json\/wp\/v2\/comments?post=935"}],"version-history":[{"count":2,"href":"https:\/\/sobanski.pl\/index.php\/wp-json\/wp\/v2\/pages\/935\/revisions"}],"predecessor-version":[{"id":942,"href":"https:\/\/sobanski.pl\/index.php\/wp-json\/wp\/v2\/pages\/935\/revisions\/942"}],"wp:attachment":[{"href":"https:\/\/sobanski.pl\/index.php\/wp-json\/wp\/v2\/media?parent=935"}],"curies":[{"name":"wp","href":"https:\/\/api.w.org\/{rel}","templated":true}]}}