{"id":878,"date":"2025-04-20T20:15:10","date_gmt":"2025-04-20T20:15:10","guid":{"rendered":"http:\/\/sobanski.pl\/?page_id=878"},"modified":"2025-04-20T20:15:37","modified_gmt":"2025-04-20T20:15:37","slug":"878-2","status":"publish","type":"page","link":"https:\/\/sobanski.pl\/index.php\/fr\/878-2\/","title":{"rendered":"Okiennice i parapety FR"},"content":{"rendered":"\n<div class=\"wp-block-group alignfull has-global-padding is-layout-constrained wp-container-core-group-is-layout-d89aad35 wp-block-group-is-layout-constrained\" style=\"margin-top:0;margin-bottom:0;padding-top:var(--wp--preset--spacing--50);padding-right:var(--wp--preset--spacing--50);padding-bottom:var(--wp--preset--spacing--50);padding-left:var(--wp--preset--spacing--50)\">\n<h2 class=\"wp-block-heading has-text-align-center\" style=\"padding-top:var(--wp--preset--spacing--20);padding-bottom:var(--wp--preset--spacing--20)\"><strong>Volets et Appuis de Fen\u00eatre<\/strong><\/h2>\n\n\n\n<div class=\"wp-block-group alignwide has-global-padding is-layout-constrained wp-container-core-group-is-layout-19e250f3 wp-block-group-is-layout-constrained\">\n<div class=\"wp-block-columns alignwide is-layout-flex wp-container-core-columns-is-layout-d1c656ed wp-block-columns-is-layout-flex\">\n<div class=\"wp-block-column is-vertically-aligned-center is-layout-flow wp-block-column-is-layout-flow\" style=\"flex-basis:60%\">\n<h2 class=\"wp-block-heading\">Volets en bois<\/h2>\n\n\n\n<p>Les volets en bois ont une fonction esth\u00e9tique et fonctionnelle, offrant une pleine intimit\u00e9 et embellissant l&#8217;ext\u00e9rieur de la maison. Ils sont \u00e0 la fois pratiques et \u00e9l\u00e9gants, ce qui les rend adapt\u00e9s non seulement aux maisons au design traditionnel, mais aussi aux b\u00e2timents modernes, o\u00f9 ils dynamisent la fa\u00e7ade. Des volets bien choisis ajoutent du charme \u00e0 la maison. Ils peuvent \u00e9galement \u00eatre fabriqu\u00e9s pour des fen\u00eatres de formes inhabituelles : rondes, trap\u00e9zo\u00efdales ou triangulaires. Leur construction appropri\u00e9e leur permet de fonctionner dans n&#8217;importe quel plan\u2014de vertical \u00e0 horizontal.<\/p>\n\n\n\n<p>Nous utilisons les mat\u00e9riaux suivants pour la fabrication des volets :<\/p>\n\n\n\n<ul class=\"wp-block-list\">\n<li>Bois de meranti 450+, ch\u00eane ou pin<\/li>\n\n\n\n<li>Vernis Remmers qui prot\u00e8gent parfaitement le bois<\/li>\n\n\n\n<li>Ferrures Roto assurant un fonctionnement sans probl\u00e8me<\/li>\n<\/ul>\n<\/div>\n\n\n\n<div class=\"wp-block-column is-layout-flow wp-block-column-is-layout-flow\" style=\"flex-basis:40%\">\n<figure class=\"wp-block-image size-full is-resized is-style-rounded is-style-rounded--1\"><img loading=\"lazy\" decoding=\"async\" width=\"450\" height=\"600\" src=\"http:\/\/sobanski.pl\/wp-content\/uploads\/2025\/02\/153.jpg\" alt=\"\" class=\"wp-image-144\" style=\"width:449px;height:auto\" srcset=\"https:\/\/sobanski.pl\/wp-content\/uploads\/2025\/02\/153.jpg 450w, https:\/\/sobanski.pl\/wp-content\/uploads\/2025\/02\/153-225x300.jpg 225w\" sizes=\"auto, (max-width: 450px) 100vw, 450px\" \/><\/figure>\n<\/div>\n<\/div>\n\n\n\n<div style=\"height:var(--wp--preset--spacing--40)\" aria-hidden=\"true\" class=\"wp-block-spacer\"><\/div>\n\n\n\n<div class=\"wp-block-columns alignwide is-layout-flex wp-container-core-columns-is-layout-d0846407 wp-block-columns-is-layout-flex\">\n<div class=\"wp-block-column is-layout-flow wp-block-column-is-layout-flow\" style=\"flex-basis:50%\">\n<figure class=\"wp-block-image size-large is-style-rounded is-style-rounded--2\"><img loading=\"lazy\" decoding=\"async\" width=\"1024\" height=\"768\" src=\"http:\/\/sobanski.pl\/wp-content\/uploads\/2025\/02\/parapety0-1024x768.jpg\" alt=\"\" class=\"wp-image-145\" srcset=\"https:\/\/sobanski.pl\/wp-content\/uploads\/2025\/02\/parapety0-1024x768.jpg 1024w, https:\/\/sobanski.pl\/wp-content\/uploads\/2025\/02\/parapety0-300x225.jpg 300w, https:\/\/sobanski.pl\/wp-content\/uploads\/2025\/02\/parapety0-768x576.jpg 768w, https:\/\/sobanski.pl\/wp-content\/uploads\/2025\/02\/parapety0-1536x1152.jpg 1536w, https:\/\/sobanski.pl\/wp-content\/uploads\/2025\/02\/parapety0-2048x1536.jpg 2048w\" sizes=\"auto, (max-width: 1024px) 100vw, 1024px\" \/><\/figure>\n<\/div>\n\n\n\n<div class=\"wp-block-column is-vertically-aligned-center is-layout-flow wp-block-column-is-layout-flow\" style=\"flex-basis:50%\">\n<h2 class=\"wp-block-heading\">Appuis de fen\u00eatre en bois<\/h2>\n\n\n\n<p>Nos appuis de fen\u00eatre int\u00e9rieurs, en plus de leur fonction utilitaire, constituent un bel \u00e9l\u00e9ment de d\u00e9coration int\u00e9rieure. La couleur peut correspondre \u00e0 celle de la fen\u00eatre ou s&#8217;harmoniser avec d&#8217;autres \u00e9l\u00e9ments de l&#8217;int\u00e9rieur.<\/p>\n\n\n\n<p>Nous utilisons les mat\u00e9riaux suivants pour la fabrication des appuis de fen\u00eatre int\u00e9rieurs :<\/p>\n\n\n\n<ul class=\"wp-block-list\">\n<li>Bois de meranti 450+<\/li>\n\n\n\n<li>Bois de ch\u00eane<\/li>\n\n\n\n<li>Bois de pin<\/li>\n\n\n\n<li>Vernis Remmers qui prot\u00e8gent parfaitement le bois<\/li>\n<\/ul>\n<\/div>\n<\/div>\n<\/div>\n<\/div>\n","protected":false},"excerpt":{"rendered":"<p>Volets et Appuis de Fen\u00eatre Volets en bois Les volets en bois ont une fonction esth\u00e9tique et fonctionnelle, offrant une pleine intimit\u00e9 et embellissant l&#8217;ext\u00e9rieur de la maison. Ils sont \u00e0 la fois pratiques et \u00e9l\u00e9gants, ce qui les rend adapt\u00e9s non seulement aux maisons au design traditionnel, mais aussi aux b\u00e2timents modernes, o\u00f9 ils [&hellip;]<\/p>\n","protected":false},"author":1,"featured_media":0,"parent":0,"menu_order":0,"comment_status":"closed","ping_status":"closed","template":"wp-custom-template-fr","meta":{"_eb_attr":"","footnotes":""},"class_list":["post-878","page","type-page","status-publish","hentry"],"_links":{"self":[{"href":"https:\/\/sobanski.pl\/index.php\/wp-json\/wp\/v2\/pages\/878","targetHints":{"allow":["GET"]}}],"collection":[{"href":"https:\/\/sobanski.pl\/index.php\/wp-json\/wp\/v2\/pages"}],"about":[{"href":"https:\/\/sobanski.pl\/index.php\/wp-json\/wp\/v2\/types\/page"}],"author":[{"embeddable":true,"href":"https:\/\/sobanski.pl\/index.php\/wp-json\/wp\/v2\/users\/1"}],"replies":[{"embeddable":true,"href":"https:\/\/sobanski.pl\/index.php\/wp-json\/wp\/v2\/comments?post=878"}],"version-history":[{"count":2,"href":"https:\/\/sobanski.pl\/index.php\/wp-json\/wp\/v2\/pages\/878\/revisions"}],"predecessor-version":[{"id":881,"href":"https:\/\/sobanski.pl\/index.php\/wp-json\/wp\/v2\/pages\/878\/revisions\/881"}],"wp:attachment":[{"href":"https:\/\/sobanski.pl\/index.php\/wp-json\/wp\/v2\/media?parent=878"}],"curies":[{"name":"wp","href":"https:\/\/api.w.org\/{rel}","templated":true}]}}