{"id":857,"date":"2025-04-20T20:06:24","date_gmt":"2025-04-20T20:06:24","guid":{"rendered":"http:\/\/sobanski.pl\/?page_id=857"},"modified":"2025-04-20T20:08:16","modified_gmt":"2025-04-20T20:08:16","slug":"regenrinnen","status":"publish","type":"page","link":"https:\/\/sobanski.pl\/index.php\/de\/regenrinnen\/","title":{"rendered":"Okapniki DE"},"content":{"rendered":"\n<div class=\"wp-block-group alignwide has-global-padding is-layout-constrained wp-block-group-is-layout-constrained\">\n<h2 class=\"wp-block-heading has-text-align-center\" style=\"padding-top:var(--wp--preset--spacing--30);padding-bottom:var(--wp--preset--spacing--30)\"><strong>Regenrinnen<\/strong><\/h2>\n\n\n\n<div class=\"wp-block-group alignwide has-global-padding is-layout-constrained wp-block-group-is-layout-constrained\">\n<div class=\"wp-block-columns alignwide is-layout-flex wp-container-core-columns-is-layout-28f84493 wp-block-columns-is-layout-flex\">\n<div class=\"wp-block-column is-layout-flow wp-block-column-is-layout-flow\" style=\"flex-basis:100%\">\n<p>Unser Unternehmen bietet Regenrinnen von Aluron an, die sich durch ein modernes Soft Line-Designsystem auszeichnen.<\/p>\n\n\n\n<p>Die Profile der Regenrinnen werden aus Strukturlegierungen gefertigt, die die h\u00f6chsten Qualit\u00e4tsstandards erf\u00fcllen. Die Herstellung der Profile mit engen Toleranzen garantiert eine vollst\u00e4ndige Ma\u00dfwiederholbarkeit.<\/p>\n\n\n\n<p>Aluron-Produkte werden einem anodischen Oxidationsprozess unterzogen, bei dem die Aluminiumoberfl\u00e4che elektolytisch mit Schutzoxiden versehen wird. Dadurch erhalten die Regenrinnen eine sehr hohe Korrosionsbest\u00e4ndigkeit und gleichzeitig eine deutlich erh\u00f6hte mechanische Haltbarkeit.<\/p>\n\n\n\n<p>Die anodisierten Profile sind in den folgenden Farben erh\u00e4ltlich: Silber, Olivgr\u00fcn und Braun.<\/p>\n\n\n\n<p>Wir bieten auch Aluron-Regenrinnen an, die in den folgenden Standardfarben pulverbeschichtet sind: Wei\u00df RAL 9016, Dunkelbraun RAL 8019 und Braun RAL 8017. Auf Wunsch k\u00f6nnen wir auch Regenrinnen in jeder RAL-Farbe liefern. Eine hervorragende Oberfl\u00e4chenvorbereitung \u2013 Entfettung, \u00c4tzen und Chromatierung \u2013 gew\u00e4hrleistet eine ausgezeichnete Haftung und eine langanhaltende Haltbarkeit des Lacks.<\/p>\n\n\n\n<p>Die Endkappen, die wir anbieten, bestehen aus einem neuen Material, das eine deutlich erh\u00f6hte UV- und Alterungsbest\u00e4ndigkeit aufweist.<\/p>\n\n\n\n<p>Die Farbvielfalt erm\u00f6glicht unbegrenzte Gestaltungsm\u00f6glichkeiten und eine harmonische Integration der Regenrinnen und Endkappen in die \u00c4sthetik der Fenster und der Fassade des Geb\u00e4udes.<\/p>\n<\/div>\n<\/div>\n\n\n\n<figure class=\"wp-block-image alignwide size-full\"><img loading=\"lazy\" decoding=\"async\" width=\"1000\" height=\"448\" src=\"http:\/\/sobanski.pl\/wp-content\/uploads\/2025\/02\/image-20.png\" alt=\"\" class=\"wp-image-233\" srcset=\"https:\/\/sobanski.pl\/wp-content\/uploads\/2025\/02\/image-20.png 1000w, https:\/\/sobanski.pl\/wp-content\/uploads\/2025\/02\/image-20-300x134.png 300w, https:\/\/sobanski.pl\/wp-content\/uploads\/2025\/02\/image-20-768x344.png 768w\" sizes=\"auto, (max-width: 1000px) 100vw, 1000px\" \/><\/figure>\n<\/div>\n<\/div>\n","protected":false},"excerpt":{"rendered":"<p>Regenrinnen Unser Unternehmen bietet Regenrinnen von Aluron an, die sich durch ein modernes Soft Line-Designsystem auszeichnen. Die Profile der Regenrinnen werden aus Strukturlegierungen gefertigt, die die h\u00f6chsten Qualit\u00e4tsstandards erf\u00fcllen. Die Herstellung der Profile mit engen Toleranzen garantiert eine vollst\u00e4ndige Ma\u00dfwiederholbarkeit. Aluron-Produkte werden einem anodischen Oxidationsprozess unterzogen, bei dem die Aluminiumoberfl\u00e4che elektolytisch mit Schutzoxiden versehen wird. [&hellip;]<\/p>\n","protected":false},"author":1,"featured_media":0,"parent":0,"menu_order":0,"comment_status":"closed","ping_status":"closed","template":"wp-custom-template-de","meta":{"_eb_attr":"","footnotes":""},"class_list":["post-857","page","type-page","status-publish","hentry"],"_links":{"self":[{"href":"https:\/\/sobanski.pl\/index.php\/wp-json\/wp\/v2\/pages\/857","targetHints":{"allow":["GET"]}}],"collection":[{"href":"https:\/\/sobanski.pl\/index.php\/wp-json\/wp\/v2\/pages"}],"about":[{"href":"https:\/\/sobanski.pl\/index.php\/wp-json\/wp\/v2\/types\/page"}],"author":[{"embeddable":true,"href":"https:\/\/sobanski.pl\/index.php\/wp-json\/wp\/v2\/users\/1"}],"replies":[{"embeddable":true,"href":"https:\/\/sobanski.pl\/index.php\/wp-json\/wp\/v2\/comments?post=857"}],"version-history":[{"count":2,"href":"https:\/\/sobanski.pl\/index.php\/wp-json\/wp\/v2\/pages\/857\/revisions"}],"predecessor-version":[{"id":865,"href":"https:\/\/sobanski.pl\/index.php\/wp-json\/wp\/v2\/pages\/857\/revisions\/865"}],"wp:attachment":[{"href":"https:\/\/sobanski.pl\/index.php\/wp-json\/wp\/v2\/media?parent=857"}],"curies":[{"name":"wp","href":"https:\/\/api.w.org\/{rel}","templated":true}]}}