{"id":847,"date":"2025-04-20T19:59:48","date_gmt":"2025-04-20T19:59:48","guid":{"rendered":"http:\/\/sobanski.pl\/?page_id=847"},"modified":"2026-01-02T12:32:46","modified_gmt":"2026-01-02T12:32:46","slug":"wintergarten","status":"publish","type":"page","link":"https:\/\/sobanski.pl\/index.php\/de\/wintergarten\/","title":{"rendered":"Ogrody zimowe DE"},"content":{"rendered":"\n<div class=\"wp-block-group alignfull has-global-padding is-layout-constrained wp-block-group-is-layout-constrained\">\n<h2 class=\"wp-block-heading has-text-align-center\" style=\"padding-top:var(--wp--preset--spacing--30)\"><strong>Winterg\u00e4rten<\/strong><\/h2>\n\n\n\n<div class=\"wp-block-group alignfull has-accent-2-background-color has-background has-global-padding is-layout-constrained wp-container-core-group-is-layout-669513ed wp-block-group-is-layout-constrained\" style=\"margin-top:0;margin-bottom:0;padding-top:var(--wp--preset--spacing--50);padding-right:var(--wp--preset--spacing--50);padding-bottom:var(--wp--preset--spacing--50);padding-left:var(--wp--preset--spacing--50)\">\n<div class=\"wp-block-columns alignwide is-layout-flex wp-container-core-columns-is-layout-28f84493 wp-block-columns-is-layout-flex\">\n<div class=\"wp-block-column is-layout-flow wp-block-column-is-layout-flow\" style=\"flex-basis:70%\">\n<p>Die Konstruktion eines Wintergartens basiert im Wesentlichen auf dem Dach und den senkrechten Verglasungen. Die gesamte Konstruktion wird aus schichtverleimtem Mahagoni- oder Kiefernholz gefertigt. Die senkrechten W\u00e4nde des Wintergartens und deren Aufteilung richten sich nach den statischen und gestalterischen Vorgaben des jeweiligen Projekts. Je nach Entwurf k\u00f6nnen sie aus festen Rahmen, Fenstern, Balkont\u00fcren oder schwellenarmen Hebe-Schiebet\u00fcren vom Typ HS bestehen. Wir verwenden umlaufende Beschl\u00e4ge Firma ROTO, die verschiedene \u00d6ffnungsarten erm\u00f6glichen: Dreh-, Dreh-Kipp-, Kipp- und Schiebefenster. Standardm\u00e4\u00dfig ist ein erstes Ma\u00df an Einbruchschutz integriert. Die Beschl\u00e4ge erm\u00f6glichen zudem eine Mikrospaltl\u00fcftung, was f\u00fcr eine optimale Bel\u00fcftung sorgt.<\/p>\n\n\n\n<p>Wir realisieren individuelle Projekte \u2013 darunter feste, bogenf\u00f6rmige, trapezf\u00f6rmige und dreieckige Rahmen sowie Schaufensterfronten. In die Fenster k\u00f6nnen Sprossen eingesetzt werden: innenliegend im Scheibenzwischenraum, au\u00dfen aufklappbar, Wiener Sprossen (aufgeklebt auf der Scheibe) oder konstruktiv eingebaut.<\/p>\n\n\n\n<p>Die Konstruktion unserer Winterg\u00e4rten umfasst Holzfenster im System Euroline II 68, ENERGO 78 oder PASSIV 92 mit technischer Zulassung sowie weitere Holzelemente.<\/p>\n<\/div>\n\n\n\n<div class=\"wp-block-column is-layout-flow wp-block-column-is-layout-flow\">\n<figure class=\"wp-block-image size-full has-custom-border\"><img loading=\"lazy\" decoding=\"async\" width=\"499\" height=\"665\" src=\"http:\/\/sobanski.pl\/wp-content\/uploads\/2025\/02\/DSC_01121-edited-1.jpg\" alt=\"\" class=\"wp-image-163\" style=\"border-radius:15px\" srcset=\"https:\/\/sobanski.pl\/wp-content\/uploads\/2025\/02\/DSC_01121-edited-1.jpg 499w, https:\/\/sobanski.pl\/wp-content\/uploads\/2025\/02\/DSC_01121-edited-1-225x300.jpg 225w\" sizes=\"auto, (max-width: 499px) 100vw, 499px\" \/><\/figure>\n<\/div>\n<\/div>\n\n\n\n<div style=\"height:21px\" aria-hidden=\"true\" class=\"wp-block-spacer\"><\/div>\n\n\n\n<figure class=\"wp-block-image alignwide size-full is-style-rounded is-style-rounded--1\"><img loading=\"lazy\" decoding=\"async\" width=\"1000\" height=\"400\" src=\"http:\/\/sobanski.pl\/wp-content\/uploads\/2025\/02\/ogrody-zimowe-baner.jpg\" alt=\"\" class=\"wp-image-148\" srcset=\"https:\/\/sobanski.pl\/wp-content\/uploads\/2025\/02\/ogrody-zimowe-baner.jpg 1000w, https:\/\/sobanski.pl\/wp-content\/uploads\/2025\/02\/ogrody-zimowe-baner-300x120.jpg 300w, https:\/\/sobanski.pl\/wp-content\/uploads\/2025\/02\/ogrody-zimowe-baner-768x307.jpg 768w\" sizes=\"auto, (max-width: 1000px) 100vw, 1000px\" \/><\/figure>\n<\/div>\n\n\n\n<div class=\"wp-block-group alignfull has-base-2-color has-contrast-background-color has-text-color has-background has-link-color wp-elements-aa65ecf1af6dc82d5cc6f4d471fbae09 has-global-padding is-layout-constrained wp-container-core-group-is-layout-facafb6f wp-block-group-is-layout-constrained\" style=\"margin-top:0;margin-bottom:0;padding-top:var(--wp--preset--spacing--50);padding-right:var(--wp--preset--spacing--50);padding-bottom:var(--wp--preset--spacing--50);padding-left:var(--wp--preset--spacing--50)\">\n<div class=\"wp-block-columns alignwide is-layout-flex wp-container-core-columns-is-layout-d1c656ed wp-block-columns-is-layout-flex\">\n<div class=\"wp-block-column is-vertically-aligned-stretch is-layout-flow wp-block-column-is-layout-flow\" style=\"padding-right:0;flex-basis:60%\">\n<div class=\"wp-block-group is-vertical is-content-justification-stretch is-layout-flex wp-container-core-group-is-layout-ae24f51d wp-block-group-is-layout-flex\" style=\"min-height:100%\">\n<figure class=\"wp-block-image size-full is-resized is-style-rounded is-style-rounded--2\"><img loading=\"lazy\" decoding=\"async\" width=\"422\" height=\"750\" src=\"http:\/\/sobanski.pl\/wp-content\/uploads\/2025\/02\/P1000493-edited.jpg\" alt=\"\" class=\"wp-image-158\" style=\"aspect-ratio:0.5625;object-fit:cover;width:635px;height:auto\" srcset=\"https:\/\/sobanski.pl\/wp-content\/uploads\/2025\/02\/P1000493-edited.jpg 422w, https:\/\/sobanski.pl\/wp-content\/uploads\/2025\/02\/P1000493-edited-169x300.jpg 169w\" sizes=\"auto, (max-width: 422px) 100vw, 422px\" \/><\/figure>\n\n\n\n<p>Die Herstellung der Dachkonstruktion ist der kostenintensivste und zeitaufwendigste Teil des gesamten Wintergartens.<\/p>\n<\/div>\n<\/div>\n\n\n\n<div class=\"wp-block-column is-layout-flow wp-block-column-is-layout-flow\" style=\"flex-basis:40%\">\n<div class=\"wp-block-group has-global-padding is-layout-constrained wp-block-group-is-layout-constrained\">\n<p>Die Einzigartigkeit und Komplexit\u00e4t eines Wintergartens zeigt sich insbesondere im Dachaufbau. Die Dachelemente \u2013 wie Ringanker, Sparren, Kniew\u00e4nde und Schwellen \u2013 bestehen aus hochwertig geformten Holzelementen, die die n\u00f6tige Tragf\u00e4higkeit bieten und gleichzeitig durch ihre Optik die Sch\u00f6nheit des nat\u00fcrlichen Holzes unterstreichen. Je nach Projekt kann das Dach ein- oder mehrseitig geneigt sein. H\u00e4ufig wird der Neigungswinkel an den vorhandenen Bauk\u00f6rper angepasst. Alle Holzelemente werden mit deckenden oder transparenten REMMERS-Farben gestrichen, die die Holzstruktur sichtbar machen und zugleich vor Witterungseinfl\u00fcssen sch\u00fctzen.<\/p>\n\n\n\n<div style=\"height:30px\" aria-hidden=\"true\" class=\"wp-block-spacer\"><\/div>\n\n\n\n<div class=\"wp-block-group is-layout-flow wp-block-group-is-layout-flow\">\n<p class=\"has-medium-font-size\">Auf den Dachsparren werden Aluminiumprofile montiert, in die die Verglasungselemente eingesetzt werden. Diese gew\u00e4hrleisten eine dichte Abdichtung gegen Regenwasser.<\/p>\n\n\n\n<figure class=\"wp-block-image size-full is-resized is-style-rounded is-style-rounded--3\"><img loading=\"lazy\" decoding=\"async\" width=\"563\" height=\"750\" src=\"http:\/\/sobanski.pl\/wp-content\/uploads\/2025\/02\/P1000482-edited-2.jpg\" alt=\"\" class=\"wp-image-157\" style=\"aspect-ratio:0.5625;object-fit:cover;width:330px;height:auto\" srcset=\"https:\/\/sobanski.pl\/wp-content\/uploads\/2025\/02\/P1000482-edited-2.jpg 563w, https:\/\/sobanski.pl\/wp-content\/uploads\/2025\/02\/P1000482-edited-2-225x300.jpg 225w\" sizes=\"auto, (max-width: 563px) 100vw, 563px\" \/><\/figure>\n<\/div>\n<\/div>\n<\/div>\n<\/div>\n<\/div>\n<\/div>\n","protected":false},"excerpt":{"rendered":"<p>Winterg\u00e4rten Die Konstruktion eines Wintergartens basiert im Wesentlichen auf dem Dach und den senkrechten Verglasungen. Die gesamte Konstruktion wird aus schichtverleimtem Mahagoni- oder Kiefernholz gefertigt. Die senkrechten W\u00e4nde des Wintergartens und deren Aufteilung richten sich nach den statischen und gestalterischen Vorgaben des jeweiligen Projekts. Je nach Entwurf k\u00f6nnen sie aus festen Rahmen, Fenstern, Balkont\u00fcren oder [&hellip;]<\/p>\n","protected":false},"author":1,"featured_media":0,"parent":0,"menu_order":0,"comment_status":"closed","ping_status":"closed","template":"wp-custom-template-de","meta":{"_eb_attr":"","footnotes":""},"class_list":["post-847","page","type-page","status-publish","hentry"],"_links":{"self":[{"href":"https:\/\/sobanski.pl\/index.php\/wp-json\/wp\/v2\/pages\/847","targetHints":{"allow":["GET"]}}],"collection":[{"href":"https:\/\/sobanski.pl\/index.php\/wp-json\/wp\/v2\/pages"}],"about":[{"href":"https:\/\/sobanski.pl\/index.php\/wp-json\/wp\/v2\/types\/page"}],"author":[{"embeddable":true,"href":"https:\/\/sobanski.pl\/index.php\/wp-json\/wp\/v2\/users\/1"}],"replies":[{"embeddable":true,"href":"https:\/\/sobanski.pl\/index.php\/wp-json\/wp\/v2\/comments?post=847"}],"version-history":[{"count":5,"href":"https:\/\/sobanski.pl\/index.php\/wp-json\/wp\/v2\/pages\/847\/revisions"}],"predecessor-version":[{"id":1451,"href":"https:\/\/sobanski.pl\/index.php\/wp-json\/wp\/v2\/pages\/847\/revisions\/1451"}],"wp:attachment":[{"href":"https:\/\/sobanski.pl\/index.php\/wp-json\/wp\/v2\/media?parent=847"}],"curies":[{"name":"wp","href":"https:\/\/api.w.org\/{rel}","templated":true}]}}