{"id":844,"date":"2025-04-20T19:58:46","date_gmt":"2025-04-20T19:58:46","guid":{"rendered":"http:\/\/sobanski.pl\/?page_id=844"},"modified":"2025-04-20T20:00:34","modified_gmt":"2025-04-20T20:00:34","slug":"jardins-dhiver","status":"publish","type":"page","link":"https:\/\/sobanski.pl\/index.php\/fr\/jardins-dhiver\/","title":{"rendered":"Ogrody zimowe FR"},"content":{"rendered":"\n<div class=\"wp-block-group alignfull has-global-padding is-layout-constrained wp-block-group-is-layout-constrained\">\n<h2 class=\"wp-block-heading has-text-align-center\" style=\"padding-top:var(--wp--preset--spacing--30)\"><strong>Jardins d\u2019hiver<\/strong><\/h2>\n\n\n\n<div class=\"wp-block-group alignfull has-accent-2-background-color has-background has-global-padding is-layout-constrained wp-container-core-group-is-layout-669513ed wp-block-group-is-layout-constrained\" style=\"margin-top:0;margin-bottom:0;padding-top:var(--wp--preset--spacing--50);padding-right:var(--wp--preset--spacing--50);padding-bottom:var(--wp--preset--spacing--50);padding-left:var(--wp--preset--spacing--50)\">\n<div class=\"wp-block-columns alignwide is-layout-flex wp-container-core-columns-is-layout-28f84493 wp-block-columns-is-layout-flex\">\n<div class=\"wp-block-column is-layout-flow wp-block-column-is-layout-flow\" style=\"flex-basis:70%\">\n<p>L\u2019essence de la structure d\u2019un jardin d\u2019hiver r\u00e9side dans la toiture et les vitrages verticaux. Toute la construction est r\u00e9alis\u00e9e en bois de mahogany ou de pin lamell\u00e9-coll\u00e9. Les parois verticales du jardin, ainsi que leur division, d\u00e9pendent des hypoth\u00e8ses structurelles et de conception. Selon le projet, elles peuvent \u00eatre compos\u00e9es de cadres fixes, de fen\u00eatres, de portes-fen\u00eatres ou de portes coulissantes \u00e0 seuil bas de type HS. Nous utilisons des ferrures p\u00e9rim\u00e9triques de la marque allemande SIEGENIA, permettant une ouverture battante, oscillo-battante, basculante ou coulissante. Le niveau de s\u00e9curit\u00e9 anti-effraction de base est inclus de s\u00e9rie. Ces ferrures permettent \u00e9galement une micro-ventilation pour une a\u00e9ration ad\u00e9quate.<\/p>\n\n\n\n<p>Nous r\u00e9alisons toute commande sur mesure, notamment des cadres fixes, arqu\u00e9s, trap\u00e9zo\u00efdaux, triangulaires ou des vitrines. Les fen\u00eatres peuvent \u00eatre \u00e9quip\u00e9es de petits bois int\u00e9gr\u00e9s, ouvrants ext\u00e9rieurs, coll\u00e9s \u00e0 l\u2019ancienne (style viennois) ou structurels.<\/p>\n\n\n\n<p>La structure du jardin d\u2019hiver comprend des menuiseries en bois dans le syst\u00e8me EUROLINE 68 conform\u00e9ment \u00e0 l\u2019agr\u00e9ment technique ainsi que d\u2019autres \u00e9l\u00e9ments en bois.<\/p>\n<\/div>\n\n\n\n<div class=\"wp-block-column is-layout-flow wp-block-column-is-layout-flow\">\n<figure class=\"wp-block-image size-full has-custom-border\"><img loading=\"lazy\" decoding=\"async\" width=\"499\" height=\"665\" src=\"http:\/\/sobanski.pl\/wp-content\/uploads\/2025\/02\/DSC_01121-edited-1.jpg\" alt=\"\" class=\"wp-image-163\" style=\"border-radius:15px\" srcset=\"https:\/\/sobanski.pl\/wp-content\/uploads\/2025\/02\/DSC_01121-edited-1.jpg 499w, https:\/\/sobanski.pl\/wp-content\/uploads\/2025\/02\/DSC_01121-edited-1-225x300.jpg 225w\" sizes=\"auto, (max-width: 499px) 100vw, 499px\" \/><\/figure>\n<\/div>\n<\/div>\n\n\n\n<div style=\"height:21px\" aria-hidden=\"true\" class=\"wp-block-spacer\"><\/div>\n\n\n\n<figure class=\"wp-block-image alignwide size-full is-style-rounded is-style-rounded--1\"><img loading=\"lazy\" decoding=\"async\" width=\"1000\" height=\"400\" src=\"http:\/\/sobanski.pl\/wp-content\/uploads\/2025\/02\/ogrody-zimowe-baner.jpg\" alt=\"\" class=\"wp-image-148\" srcset=\"https:\/\/sobanski.pl\/wp-content\/uploads\/2025\/02\/ogrody-zimowe-baner.jpg 1000w, https:\/\/sobanski.pl\/wp-content\/uploads\/2025\/02\/ogrody-zimowe-baner-300x120.jpg 300w, https:\/\/sobanski.pl\/wp-content\/uploads\/2025\/02\/ogrody-zimowe-baner-768x307.jpg 768w\" sizes=\"auto, (max-width: 1000px) 100vw, 1000px\" \/><\/figure>\n<\/div>\n\n\n\n<div class=\"wp-block-group alignfull has-base-2-color has-contrast-background-color has-text-color has-background has-link-color wp-elements-426fd0598b9fb3b8c4596bea5568a12d has-global-padding is-layout-constrained wp-container-core-group-is-layout-facafb6f wp-block-group-is-layout-constrained\" style=\"margin-top:0;margin-bottom:0;padding-top:var(--wp--preset--spacing--50);padding-right:var(--wp--preset--spacing--50);padding-bottom:var(--wp--preset--spacing--50);padding-left:var(--wp--preset--spacing--50)\">\n<div class=\"wp-block-columns alignwide is-layout-flex wp-container-core-columns-is-layout-d1c656ed wp-block-columns-is-layout-flex\">\n<div class=\"wp-block-column is-vertically-aligned-stretch is-layout-flow wp-block-column-is-layout-flow\" style=\"padding-right:0;flex-basis:60%\">\n<div class=\"wp-block-group is-vertical is-content-justification-stretch is-layout-flex wp-container-core-group-is-layout-ae24f51d wp-block-group-is-layout-flex\" style=\"min-height:100%\">\n<figure class=\"wp-block-image size-full is-resized is-style-rounded is-style-rounded--2\"><img loading=\"lazy\" decoding=\"async\" width=\"422\" height=\"750\" src=\"http:\/\/sobanski.pl\/wp-content\/uploads\/2025\/02\/P1000493-edited.jpg\" alt=\"\" class=\"wp-image-158\" style=\"aspect-ratio:0.5625;object-fit:cover;width:635px;height:auto\" srcset=\"https:\/\/sobanski.pl\/wp-content\/uploads\/2025\/02\/P1000493-edited.jpg 422w, https:\/\/sobanski.pl\/wp-content\/uploads\/2025\/02\/P1000493-edited-169x300.jpg 169w\" sizes=\"auto, (max-width: 422px) 100vw, 422px\" \/><\/figure>\n\n\n\n<p>La r\u00e9alisation de la toiture constitue l\u2019\u00e9l\u00e9ment le plus co\u00fbteux et le plus long du jardin d\u2019hiver.<\/p>\n<\/div>\n<\/div>\n\n\n\n<div class=\"wp-block-column is-layout-flow wp-block-column-is-layout-flow\" style=\"flex-basis:40%\">\n<div class=\"wp-block-group has-global-padding is-layout-constrained wp-block-group-is-layout-constrained\">\n<p>L\u2019individualit\u00e9 et la complexit\u00e9 d\u2019un jardin d\u2019hiver r\u00e9sident principalement dans la construction de la toiture. Les \u00e9l\u00e9ments de charpente (pannes, chevrons, jambes de force, sabli\u00e8res) sont r\u00e9alis\u00e9s en bois profil\u00e9 de haute qualit\u00e9 garantissant une solidit\u00e9 suffisante tout en soulignant l\u2019esth\u00e9tique naturelle du bois. Selon le projet, les toitures peuvent \u00eatre \u00e0 un, deux ou plusieurs pans. La pente est souvent adapt\u00e9e \u00e0 celle du b\u00e2timent existant. Tous les \u00e9l\u00e9ments en bois sont peints avec des lasures ou des peintures opaques de la marque REMMERS, qui mettent en valeur la structure du bois tout en le prot\u00e9geant contre les intemp\u00e9ries.<\/p>\n\n\n\n<div style=\"height:30px\" aria-hidden=\"true\" class=\"wp-block-spacer\"><\/div>\n\n\n\n<div class=\"wp-block-group is-layout-flow wp-block-group-is-layout-flow\">\n<p class=\"has-medium-font-size\">Des profils en aluminium sont pos\u00e9s sur les chevrons, dans lesquels sont mont\u00e9s les vitrages, assurant une parfaite \u00e9tanch\u00e9it\u00e9 contre les eaux pluviales.<\/p>\n\n\n\n<figure class=\"wp-block-image size-full is-resized is-style-rounded is-style-rounded--3\"><img loading=\"lazy\" decoding=\"async\" width=\"563\" height=\"750\" src=\"http:\/\/sobanski.pl\/wp-content\/uploads\/2025\/02\/P1000482-edited-2.jpg\" alt=\"\" class=\"wp-image-157\" style=\"aspect-ratio:0.5625;object-fit:cover;width:330px;height:auto\" srcset=\"https:\/\/sobanski.pl\/wp-content\/uploads\/2025\/02\/P1000482-edited-2.jpg 563w, https:\/\/sobanski.pl\/wp-content\/uploads\/2025\/02\/P1000482-edited-2-225x300.jpg 225w\" sizes=\"auto, (max-width: 563px) 100vw, 563px\" \/><\/figure>\n<\/div>\n<\/div>\n<\/div>\n<\/div>\n<\/div>\n<\/div>\n","protected":false},"excerpt":{"rendered":"<p>Jardins d\u2019hiver L\u2019essence de la structure d\u2019un jardin d\u2019hiver r\u00e9side dans la toiture et les vitrages verticaux. Toute la construction est r\u00e9alis\u00e9e en bois de mahogany ou de pin lamell\u00e9-coll\u00e9. Les parois verticales du jardin, ainsi que leur division, d\u00e9pendent des hypoth\u00e8ses structurelles et de conception. Selon le projet, elles peuvent \u00eatre compos\u00e9es de cadres [&hellip;]<\/p>\n","protected":false},"author":1,"featured_media":0,"parent":0,"menu_order":0,"comment_status":"closed","ping_status":"closed","template":"wp-custom-template-fr","meta":{"_eb_attr":"","footnotes":""},"class_list":["post-844","page","type-page","status-publish","hentry"],"_links":{"self":[{"href":"https:\/\/sobanski.pl\/index.php\/wp-json\/wp\/v2\/pages\/844","targetHints":{"allow":["GET"]}}],"collection":[{"href":"https:\/\/sobanski.pl\/index.php\/wp-json\/wp\/v2\/pages"}],"about":[{"href":"https:\/\/sobanski.pl\/index.php\/wp-json\/wp\/v2\/types\/page"}],"author":[{"embeddable":true,"href":"https:\/\/sobanski.pl\/index.php\/wp-json\/wp\/v2\/users\/1"}],"replies":[{"embeddable":true,"href":"https:\/\/sobanski.pl\/index.php\/wp-json\/wp\/v2\/comments?post=844"}],"version-history":[{"count":3,"href":"https:\/\/sobanski.pl\/index.php\/wp-json\/wp\/v2\/pages\/844\/revisions"}],"predecessor-version":[{"id":852,"href":"https:\/\/sobanski.pl\/index.php\/wp-json\/wp\/v2\/pages\/844\/revisions\/852"}],"wp:attachment":[{"href":"https:\/\/sobanski.pl\/index.php\/wp-json\/wp\/v2\/media?parent=844"}],"curies":[{"name":"wp","href":"https:\/\/api.w.org\/{rel}","templated":true}]}}