{"id":831,"date":"2025-04-20T19:49:20","date_gmt":"2025-04-20T19:49:20","guid":{"rendered":"http:\/\/sobanski.pl\/?page_id=831"},"modified":"2025-04-21T18:28:35","modified_gmt":"2025-04-21T18:28:35","slug":"nous-proposons-des-portes-ecologiques-interieures-exterieures-et-de-terrasse","status":"publish","type":"page","link":"https:\/\/sobanski.pl\/index.php\/fr\/nous-proposons-des-portes-ecologiques-interieures-exterieures-et-de-terrasse\/","title":{"rendered":"Drzwi FR"},"content":{"rendered":"\n<div class=\"wp-block-group alignfull has-global-padding is-layout-constrained wp-block-group-is-layout-constrained\">\n<h2 class=\"wp-block-heading has-text-align-center\" style=\"padding-top:var(--wp--preset--spacing--30)\"><strong>Nous proposons des portes \u00e9cologiques int\u00e9rieures, ext\u00e9rieures et de terrasse<\/strong><\/h2>\n\n\n\n<div class=\"wp-block-group alignfull has-accent-background-color has-background has-global-padding is-layout-constrained wp-container-core-group-is-layout-669513ed wp-block-group-is-layout-constrained\" style=\"margin-top:0;margin-bottom:0;padding-top:var(--wp--preset--spacing--50);padding-right:var(--wp--preset--spacing--50);padding-bottom:var(--wp--preset--spacing--50);padding-left:var(--wp--preset--spacing--50)\">\n<div class=\"wp-block-columns alignwide is-layout-flex wp-container-core-columns-is-layout-1da03c2a wp-block-columns-is-layout-flex\">\n<div class=\"wp-block-column is-vertically-aligned-stretch is-layout-flow wp-block-column-is-layout-flow\" style=\"flex-basis:70%\">\n<div class=\"wp-block-group is-vertical is-content-justification-stretch is-layout-flex wp-container-core-group-is-layout-444d5ee8 wp-block-group-is-layout-flex\" style=\"min-height:100%\">\n<h2 class=\"wp-block-heading has-x-large-font-size\">Portes ext\u00e9rieures<\/h2>\n\n\n\n<p>Les portes d&#8217;entr\u00e9e en bois que nous fabriquons sont la v\u00e9ritable carte de visite de toute maison. Qualit\u00e9 sup\u00e9rieure, soin du d\u00e9tail et possibilit\u00e9 de fabrication sur mesure \u2013 voici quelques-uns des atouts de nos portes ext\u00e9rieures.<br>L&#8217;ouvrant est construit \u00e0 partir d\u2019un cadre en bois lamell\u00e9 meranti 450+ ou en ch\u00eane, rempli d\u2019un panneau isolant ou de vitrage s\u00e9curis\u00e9 (P4 anti-effraction standard c\u00f4t\u00e9 ext\u00e9rieur). Le cadre mesure 130&#215;68 mm ou 130&#215;88 mm. L&#8217;huisserie est bas\u00e9e sur le profil de fen\u00eatre DJ 68 ou PASSIV 92.<\/p>\n\n\n\n<p>Mat\u00e9riaux utilis\u00e9s :<\/p>\n\n\n\n<ul class=\"wp-block-list\">\n<li>bois meranti 450+, ch\u00eane, pin (lamell\u00e9)<\/li>\n\n\n\n<li>panneaux en contreplaqu\u00e9 avec polystyr\u00e8ne ou mousse PU<\/li>\n\n\n\n<li>vernis Remmers de haute protection<\/li>\n\n\n\n<li>vitrages isolants adapt\u00e9s aux besoins du client<\/li>\n\n\n\n<li>joints Deventer pour une isolation phonique renforc\u00e9e<\/li>\n\n\n\n<li>paumelles 3D de SFS<\/li>\n\n\n\n<li>serrure Fuhr avec verrouillage \u00e0 trois points et deux cylindres<\/li>\n<\/ul>\n<\/div>\n<\/div>\n\n\n\n<div class=\"wp-block-column is-vertically-aligned-center is-layout-flow wp-block-column-is-layout-flow\" style=\"flex-basis:50%\">\n<figure class=\"wp-block-image size-full is-resized\"><img loading=\"lazy\" decoding=\"async\" width=\"1024\" height=\"680\" src=\"http:\/\/sobanski.pl\/wp-content\/uploads\/2025\/02\/sdsd-1024x680-1.jpg\" alt=\"\" class=\"wp-image-114\" style=\"aspect-ratio:0.5625;object-fit:cover;width:376px;height:auto\" srcset=\"https:\/\/sobanski.pl\/wp-content\/uploads\/2025\/02\/sdsd-1024x680-1.jpg 1024w, https:\/\/sobanski.pl\/wp-content\/uploads\/2025\/02\/sdsd-1024x680-1-300x199.jpg 300w, https:\/\/sobanski.pl\/wp-content\/uploads\/2025\/02\/sdsd-1024x680-1-768x510.jpg 768w\" sizes=\"auto, (max-width: 1024px) 100vw, 1024px\" \/><\/figure>\n<\/div>\n<\/div>\n<\/div>\n\n\n\n<div class=\"wp-block-group alignfull has-base-2-background-color has-background has-global-padding is-layout-constrained wp-container-core-group-is-layout-d89aad35 wp-block-group-is-layout-constrained\" style=\"margin-top:0;margin-bottom:0;padding-top:var(--wp--preset--spacing--50);padding-right:var(--wp--preset--spacing--50);padding-bottom:var(--wp--preset--spacing--50);padding-left:var(--wp--preset--spacing--50)\">\n<div class=\"wp-block-columns alignwide is-layout-flex wp-container-core-columns-is-layout-1da03c2a wp-block-columns-is-layout-flex\">\n<div class=\"wp-block-column is-vertically-aligned-center is-layout-flow wp-block-column-is-layout-flow\" style=\"flex-basis:60%\">\n<figure class=\"wp-block-image size-full is-style-rounded wp-duotone-unset-2 is-style-rounded--1\"><img loading=\"lazy\" decoding=\"async\" width=\"900\" height=\"598\" src=\"http:\/\/sobanski.pl\/wp-content\/uploads\/2025\/02\/DSC_0064.jpg\" alt=\"\" class=\"wp-image-119\" style=\"aspect-ratio:4\/3;object-fit:cover\" srcset=\"https:\/\/sobanski.pl\/wp-content\/uploads\/2025\/02\/DSC_0064.jpg 900w, https:\/\/sobanski.pl\/wp-content\/uploads\/2025\/02\/DSC_0064-300x199.jpg 300w, https:\/\/sobanski.pl\/wp-content\/uploads\/2025\/02\/DSC_0064-768x510.jpg 768w\" sizes=\"auto, (max-width: 900px) 100vw, 900px\" \/><\/figure>\n<\/div>\n\n\n\n<div class=\"wp-block-column is-layout-flow wp-block-column-is-layout-flow\" style=\"flex-basis:40%\">\n<h2 class=\"wp-block-heading\">Portes int\u00e9rieures<\/h2>\n\n\n\n<p>Chaque porte influence l\u2019ambiance d\u2019un int\u00e9rieur. Il est important qu\u2019elle corresponde au style d\u00e9coratif. Nous faisons de chaque mod\u00e8le une pi\u00e8ce unique. Nos portes int\u00e9rieures sont fabriqu\u00e9es sur mesure selon les go\u00fbts du client. Nous produisons des portes battantes (avec ou sans feuillure) ainsi que des coulissantes (en cassette WIM ou en applique murale).<\/p>\n<\/div>\n<\/div>\n\n\n\n<div class=\"wp-block-columns alignwide is-layout-flex wp-container-core-columns-is-layout-1da03c2a wp-block-columns-is-layout-flex\">\n<div class=\"wp-block-column is-vertically-aligned-center is-layout-flow wp-block-column-is-layout-flow\" style=\"flex-basis:60%\">\n<p>Toutes nos portes int\u00e9rieures sont r\u00e9alis\u00e9es avec chambranle englobant le mur. L\u2019ouvrant est construit sur un cadre en bois lamell\u00e9.<br>Le cadre 110&#215;48 mm assure une grande stabilit\u00e9. Le chambranle est \u00e9galement en bois lamell\u00e9.<\/p>\n\n\n\n<p>Dans des int\u00e9rieurs ouverts, nos encadrements larges soulignent l\u2019architecture tout en prot\u00e9geant les angles muraux.<\/p>\n<\/div>\n\n\n\n<div class=\"wp-block-column is-layout-flow wp-block-column-is-layout-flow\" style=\"flex-basis:40%\">\n<p>Mat\u00e9riaux utilis\u00e9s :<\/p>\n\n\n\n<ul class=\"wp-block-list\">\n<li>bois lamell\u00e9 pin, meranti, ch\u00eane<\/li>\n\n\n\n<li>panneaux (contreplaqu\u00e9 naturel avec mousse PU)<\/li>\n\n\n\n<li>moulures d\u00e9coratives en bois<\/li>\n\n\n\n<li>vernis Remmers<\/li>\n\n\n\n<li>joints Deventer autour du cadre<\/li>\n\n\n\n<li>paumelles SFS r\u00e9glables sur 3 axes<\/li>\n\n\n\n<li>cassettes WIM, rails Geze (portes coulissantes)<\/li>\n\n\n\n<li>serrures Gerda entraxe 72 mm : cl\u00e9, WC, cylindre<\/li>\n\n\n\n<li>vitrages ou vitraux<\/li>\n<\/ul>\n<\/div>\n<\/div>\n<\/div>\n\n\n\n<div class=\"wp-block-group alignfull has-base-background-color has-background has-global-padding is-layout-constrained wp-container-core-group-is-layout-d89aad35 wp-block-group-is-layout-constrained\" style=\"margin-top:0;margin-bottom:0;padding-top:var(--wp--preset--spacing--50);padding-right:var(--wp--preset--spacing--50);padding-bottom:var(--wp--preset--spacing--50);padding-left:var(--wp--preset--spacing--50)\">\n<h2 class=\"wp-block-heading alignfull has-text-align-center\">Portes de terrasse en bois<\/h2>\n\n\n\n<div style=\"height:52px\" aria-hidden=\"true\" class=\"wp-block-spacer\"><\/div>\n\n\n\n<div class=\"wp-block-columns alignwide are-vertically-aligned-center is-layout-flex wp-container-core-columns-is-layout-1da03c2a wp-block-columns-is-layout-flex\">\n<div class=\"wp-block-column is-vertically-aligned-center is-layout-flow wp-block-column-is-layout-flow\" style=\"flex-basis:30%\">\n<figure class=\"wp-block-image alignright size-full is-resized is-style-rounded wp-duotone-unset-4 is-style-rounded--3\"><img loading=\"lazy\" decoding=\"async\" width=\"409\" height=\"615\" src=\"http:\/\/sobanski.pl\/wp-content\/uploads\/2025\/02\/DSC_0074-edited.jpg\" alt=\"\" class=\"wp-image-121\" style=\"width:401px;height:auto\" srcset=\"https:\/\/sobanski.pl\/wp-content\/uploads\/2025\/02\/DSC_0074-edited.jpg 409w, https:\/\/sobanski.pl\/wp-content\/uploads\/2025\/02\/DSC_0074-edited-200x300.jpg 200w\" sizes=\"auto, (max-width: 409px) 100vw, 409px\" \/><\/figure>\n<\/div>\n\n\n\n<div class=\"wp-block-column is-vertically-aligned-center is-layout-flow wp-block-column-is-layout-flow\" style=\"flex-basis:60%\">\n<h3 class=\"wp-block-heading\"><strong>Syst\u00e8me HS<\/strong><\/h3>\n\n\n\n<p>Les portes coulissantes de type HS r\u00e9volutionnent l\u2019am\u00e9nagement int\u00e9rieur. De grandes surfaces vitr\u00e9es, un passage quasi sans seuil et une ouverture fluide, m\u00eame avec des vantaux lourds. Nous proposons des syst\u00e8mes en EUROLINE 68, PASSIV 92 ou bois-aluminium \u2013 conformes aux normes europ\u00e9ennes.<\/p>\n\n\n\n<p>Mat\u00e9riaux utilis\u00e9s :<\/p>\n\n\n\n<ul class=\"wp-block-list\">\n<li>bois lamell\u00e9 meranti 450+, ch\u00eane, pin<\/li>\n\n\n\n<li>vernis Remmers<\/li>\n\n\n\n<li>ferrures Siegenia assurant une grande fluidit\u00e9<\/li>\n\n\n\n<li>vitrages isolants personnalis\u00e9s<\/li>\n\n\n\n<li>joints et poign\u00e9es Siegenia<\/li>\n\n\n\n<li>seuils en aluminium avec rupture thermique<\/li>\n<\/ul>\n<\/div>\n<\/div>\n\n\n\n<div style=\"height:59px\" aria-hidden=\"true\" class=\"wp-block-spacer\"><\/div>\n\n\n\n<div class=\"wp-block-columns alignwide are-vertically-aligned-center is-layout-flex wp-container-core-columns-is-layout-1da03c2a wp-block-columns-is-layout-flex\">\n<div class=\"wp-block-column is-vertically-aligned-center is-layout-flow wp-block-column-is-layout-flow\" style=\"flex-basis:60%\">\n<h3 class=\"wp-block-heading\"><strong>Syst\u00e8me accord\u00e9on<\/strong><\/h3>\n\n\n\n<p>Design unique, ouverture maximale. Les vantaux se replient d\u2019un seul c\u00f4t\u00e9, lib\u00e9rant toute l\u2019ouverture. Seuil bas pour un passage sans obstacle.<\/p>\n<\/div>\n\n\n\n<div class=\"wp-block-column is-vertically-aligned-center is-layout-flow wp-block-column-is-layout-flow\" style=\"flex-basis:30%\">\n<figure class=\"wp-block-image alignright size-full is-resized is-style-rounded wp-duotone-unset-6 is-style-rounded--5\"><img loading=\"lazy\" decoding=\"async\" width=\"665\" height=\"499\" src=\"http:\/\/sobanski.pl\/wp-content\/uploads\/2025\/02\/DSC_0043-edited.jpg\" alt=\"\" class=\"wp-image-123\" style=\"width:401px;height:auto\" srcset=\"https:\/\/sobanski.pl\/wp-content\/uploads\/2025\/02\/DSC_0043-edited.jpg 665w, https:\/\/sobanski.pl\/wp-content\/uploads\/2025\/02\/DSC_0043-edited-300x225.jpg 300w\" sizes=\"auto, (max-width: 665px) 100vw, 665px\" \/><\/figure>\n<\/div>\n<\/div>\n\n\n\n<div style=\"height:59px\" aria-hidden=\"true\" class=\"wp-block-spacer\"><\/div>\n\n\n\n<div class=\"wp-block-columns alignwide are-vertically-aligned-center is-layout-flex wp-container-core-columns-is-layout-1da03c2a wp-block-columns-is-layout-flex\">\n<div class=\"wp-block-column is-vertically-aligned-center is-layout-flow wp-block-column-is-layout-flow\" style=\"flex-basis:30%\">\n<figure class=\"wp-block-image size-full is-resized is-style-rounded wp-duotone-unset-8 is-style-rounded--7\"><img loading=\"lazy\" decoding=\"async\" width=\"600\" height=\"400\" src=\"http:\/\/sobanski.pl\/wp-content\/uploads\/2025\/02\/38-edited.jpg\" alt=\"\" class=\"wp-image-125\" style=\"width:401px;height:auto\" srcset=\"https:\/\/sobanski.pl\/wp-content\/uploads\/2025\/02\/38-edited.jpg 600w, https:\/\/sobanski.pl\/wp-content\/uploads\/2025\/02\/38-edited-300x200.jpg 300w\" sizes=\"auto, (max-width: 600px) 100vw, 600px\" \/><\/figure>\n<\/div>\n\n\n\n<div class=\"wp-block-column is-vertically-aligned-center is-layout-flow wp-block-column-is-layout-flow\" style=\"flex-basis:60%\">\n<h3 class=\"wp-block-heading\"><strong>Syst\u00e8me PATIO<\/strong><\/h3>\n\n\n\n<p>Solution id\u00e9ale pour les sorties terrasse ou jardin. Ferrures sp\u00e9ciales permettant de grandes surfaces vitr\u00e9es. Les ferrures SIEGENIA-ROTO assurent s\u00e9curit\u00e9, confort et durabilit\u00e9. Largeur max env. 4 m.<\/p>\n<\/div>\n<\/div>\n<\/div>\n<\/div>\n","protected":false},"excerpt":{"rendered":"<p>Nous proposons des portes \u00e9cologiques int\u00e9rieures, ext\u00e9rieures et de terrasse Portes ext\u00e9rieures Les portes d&#8217;entr\u00e9e en bois que nous fabriquons sont la v\u00e9ritable carte de visite de toute maison. Qualit\u00e9 sup\u00e9rieure, soin du d\u00e9tail et possibilit\u00e9 de fabrication sur mesure \u2013 voici quelques-uns des atouts de nos portes ext\u00e9rieures.L&#8217;ouvrant est construit \u00e0 partir d\u2019un cadre [&hellip;]<\/p>\n","protected":false},"author":1,"featured_media":0,"parent":0,"menu_order":0,"comment_status":"closed","ping_status":"closed","template":"wp-custom-template-fr","meta":{"_eb_attr":"","footnotes":""},"class_list":["post-831","page","type-page","status-publish","hentry"],"_links":{"self":[{"href":"https:\/\/sobanski.pl\/index.php\/wp-json\/wp\/v2\/pages\/831","targetHints":{"allow":["GET"]}}],"collection":[{"href":"https:\/\/sobanski.pl\/index.php\/wp-json\/wp\/v2\/pages"}],"about":[{"href":"https:\/\/sobanski.pl\/index.php\/wp-json\/wp\/v2\/types\/page"}],"author":[{"embeddable":true,"href":"https:\/\/sobanski.pl\/index.php\/wp-json\/wp\/v2\/users\/1"}],"replies":[{"embeddable":true,"href":"https:\/\/sobanski.pl\/index.php\/wp-json\/wp\/v2\/comments?post=831"}],"version-history":[{"count":4,"href":"https:\/\/sobanski.pl\/index.php\/wp-json\/wp\/v2\/pages\/831\/revisions"}],"predecessor-version":[{"id":1005,"href":"https:\/\/sobanski.pl\/index.php\/wp-json\/wp\/v2\/pages\/831\/revisions\/1005"}],"wp:attachment":[{"href":"https:\/\/sobanski.pl\/index.php\/wp-json\/wp\/v2\/media?parent=831"}],"curies":[{"name":"wp","href":"https:\/\/api.w.org\/{rel}","templated":true}]}}