{"id":814,"date":"2025-04-20T19:33:51","date_gmt":"2025-04-20T19:33:51","guid":{"rendered":"http:\/\/sobanski.pl\/?page_id=814"},"modified":"2025-04-21T18:28:04","modified_gmt":"2025-04-21T18:28:04","slug":"fenetres-en-bois-haut-de-gamme","status":"publish","type":"page","link":"https:\/\/sobanski.pl\/index.php\/fr\/fenetres-en-bois-haut-de-gamme\/","title":{"rendered":"Okna drewniane FR"},"content":{"rendered":"\n<div class=\"wp-block-group alignfull has-global-padding is-layout-constrained wp-block-group-is-layout-constrained\">\n<h2 class=\"wp-block-heading has-text-align-center\" style=\"padding-top:var(--wp--preset--spacing--30);padding-bottom:var(--wp--preset--spacing--30)\"><strong>Fen\u00eatres en bois haut de gamme<\/strong><\/h2>\n\n\n\n<div class=\"wp-block-group alignfull has-base-background-color has-background has-global-padding is-layout-constrained wp-container-core-group-is-layout-e170f89d wp-block-group-is-layout-constrained\" style=\"margin-top:0;margin-bottom:0;padding-top:0;padding-right:var(--wp--preset--spacing--40);padding-bottom:0;padding-left:var(--wp--preset--spacing--40)\">\n<div class=\"wp-block-group alignwide is-layout-flow wp-block-group-is-layout-flow\">\n<p class=\"has-text-align-center has-medium-font-size\" style=\"font-style:normal;font-weight:400;line-height:1.2\">Nos fen\u00eatres et portes en bois se distinguent par leur qualit\u00e9, leur durabilit\u00e9 et leur beaut\u00e9 intemporelle. Elles sont \u00e9galement \u00e9cologiques \u2013 elles prennent soin de votre sant\u00e9, de celle de votre famille et de notre plan\u00e8te. Elles poss\u00e8dent d&#8217;excellentes propri\u00e9t\u00e9s de micro-ventilation. Gr\u00e2ce \u00e0 ces qualit\u00e9s, de nombreux clients particuliers, entreprises et architectes, en Pologne et \u00e0 l\u2019\u00e9tranger, nous ont d\u00e9j\u00e0 fait confiance !<\/p>\n<\/div>\n\n\n\n<figure class=\"wp-block-image alignwide size-full is-style-rounded is-style-rounded--1\"><img loading=\"lazy\" decoding=\"async\" width=\"1000\" height=\"400\" src=\"http:\/\/sobanski.pl\/wp-content\/uploads\/2025\/02\/oferta-pl-1-2.jpg\" alt=\"\" class=\"wp-image-103\" srcset=\"https:\/\/sobanski.pl\/wp-content\/uploads\/2025\/02\/oferta-pl-1-2.jpg 1000w, https:\/\/sobanski.pl\/wp-content\/uploads\/2025\/02\/oferta-pl-1-2-300x120.jpg 300w, https:\/\/sobanski.pl\/wp-content\/uploads\/2025\/02\/oferta-pl-1-2-768x307.jpg 768w\" sizes=\"auto, (max-width: 1000px) 100vw, 1000px\" \/><\/figure>\n\n\n\n<div style=\"height:var(--wp--preset--spacing--40)\" aria-hidden=\"true\" class=\"wp-block-spacer\"><\/div>\n<\/div>\n\n\n\n<div class=\"wp-block-group alignfull has-base-2-background-color has-background has-global-padding is-layout-constrained wp-container-core-group-is-layout-e4ce447a wp-block-group-is-layout-constrained\" style=\"margin-top:0;margin-bottom:0;padding-top:var(--wp--preset--spacing--10);padding-right:var(--wp--preset--spacing--40);padding-bottom:var(--wp--preset--spacing--10);padding-left:var(--wp--preset--spacing--40)\">\n<div style=\"height:var(--wp--preset--spacing--40)\" aria-hidden=\"true\" class=\"wp-block-spacer\"><\/div>\n\n\n\n<div class=\"wp-block-group alignwide is-layout-flow wp-block-group-is-layout-flow\">\n<p class=\"has-text-align-center has-medium-font-size\" style=\"font-style:normal;font-weight:400;line-height:1.2\">Nous fabriquons nos fen\u00eatres et portes \u00e0 partir de bois lamell\u00e9-coll\u00e9 de premi\u00e8re qualit\u00e9, soigneusement s\u00e9lectionn\u00e9, ce qui les rend r\u00e9sistants \u00e0 la d\u00e9formation. La large gamme de couleurs est assur\u00e9e par les peintures \u00e0 base d&#8217;eau de la marque Remmers. Nous utilisons des ferrures p\u00e9rim\u00e9triques parmi les meilleures du march\u00e9, fournies par ROTO, ainsi que des serrures multipoints de la marque r\u00e9put\u00e9e Fuhr. En ce qui concerne le vitrage, nous collaborons depuis des ann\u00e9es avec Vitroterm Mur\u00f3w S.A., qui nous fournit divers types de vitrages isolants de haute performance thermique. Nous utilisons \u00e9galement des joints d&#8217;\u00e9tanch\u00e9it\u00e9 de la soci\u00e9t\u00e9 Deventer.<\/p>\n\n\n\n<div class=\"wp-block-group alignfull has-global-padding is-layout-constrained wp-container-core-group-is-layout-b25ccd55 wp-block-group-is-layout-constrained\" style=\"margin-top:0;margin-bottom:0;padding-top:var(--wp--preset--spacing--50);padding-right:var(--wp--preset--spacing--50);padding-bottom:var(--wp--preset--spacing--50);padding-left:var(--wp--preset--spacing--50)\">\n<div class=\"wp-block-columns alignwide is-layout-flex wp-container-core-columns-is-layout-ff4b9c61 wp-block-columns-is-layout-flex\" style=\"margin-top:0;margin-bottom:0\">\n<div class=\"wp-block-column is-layout-flow wp-container-core-column-is-layout-8a368f38 wp-block-column-is-layout-flow\">\n<p>Nous utilisons notamment du <strong>bois exotique meranti<\/strong>, issu d\u2019arbres feuillus poussant principalement en Indon\u00e9sie et aux Philippines. Ce bois est tr\u00e8s r\u00e9sistant \u00e0 l\u2019humidit\u00e9, dur, et pr\u00e9sente d&#8217;excellentes propri\u00e9t\u00e9s m\u00e9caniques. Les fen\u00eatres en bois meranti sont tr\u00e8s \u00e9l\u00e9gantes gr\u00e2ce \u00e0 leur structure unique, visible m\u00eame sous une peinture opaque. Elles r\u00e9pondront aux attentes des personnes recherchant un produit haut de gamme et souhaitant que leurs fen\u00eatres et portes deviennent un \u00e9l\u00e9ment fort et esth\u00e9tique de leur int\u00e9rieur.<\/p>\n\n\n\n<div style=\"height:var(--wp--preset--spacing--50)\" aria-hidden=\"true\" class=\"wp-block-spacer\"><\/div>\n\n\n\n<figure class=\"wp-block-image size-full is-style-rounded is-style-rounded--2\"><img loading=\"lazy\" decoding=\"async\" width=\"1000\" height=\"400\" src=\"http:\/\/sobanski.pl\/wp-content\/uploads\/2025\/02\/oferta-pl-1.jpg\" alt=\"\" class=\"wp-image-104\" style=\"aspect-ratio:3\/4;object-fit:cover\" srcset=\"https:\/\/sobanski.pl\/wp-content\/uploads\/2025\/02\/oferta-pl-1.jpg 1000w, https:\/\/sobanski.pl\/wp-content\/uploads\/2025\/02\/oferta-pl-1-300x120.jpg 300w, https:\/\/sobanski.pl\/wp-content\/uploads\/2025\/02\/oferta-pl-1-768x307.jpg 768w\" sizes=\"auto, (max-width: 1000px) 100vw, 1000px\" \/><\/figure>\n<\/div>\n\n\n\n<div class=\"wp-block-column is-layout-flow wp-container-core-column-is-layout-8a368f38 wp-block-column-is-layout-flow\">\n<div style=\"height:var(--wp--preset--spacing--50)\" aria-hidden=\"true\" class=\"wp-block-spacer\"><\/div>\n\n\n\n<figure class=\"wp-block-image size-full is-style-rounded is-style-rounded--3\"><img loading=\"lazy\" decoding=\"async\" width=\"640\" height=\"480\" src=\"http:\/\/sobanski.pl\/wp-content\/uploads\/2024\/05\/images_large_75.jpg\" alt=\"\" class=\"wp-image-18\" style=\"aspect-ratio:3\/4;object-fit:cover\" srcset=\"https:\/\/sobanski.pl\/wp-content\/uploads\/2024\/05\/images_large_75.jpg 640w, https:\/\/sobanski.pl\/wp-content\/uploads\/2024\/05\/images_large_75-300x225.jpg 300w\" sizes=\"auto, (max-width: 640px) 100vw, 640px\" \/><\/figure>\n\n\n\n<div style=\"height:var(--wp--preset--spacing--50)\" aria-hidden=\"true\" class=\"wp-block-spacer\"><\/div>\n\n\n\n<p>Le <strong>bois de pin<\/strong>, qu\u2019il soit massif ou about\u00e9 par micro-dentures, est largement utilis\u00e9 dans la fabrication de menuiseries. En Europe, il reste tr\u00e8s populaire gr\u00e2ce \u00e0 sa disponibilit\u00e9 et \u00e0 son prix abordable. C\u2019est un bois facile \u00e0 travailler, souple et durable. Les fen\u00eatres et portes en pin, recouvertes par exemple de lasures transparentes, offrent un rendu visuel unique avec des veines bien mises en valeur, cr\u00e9ant une ambiance chaleureuse et conviviale.<\/p>\n<\/div>\n<\/div>\n<\/div>\n<\/div>\n<\/div>\n\n\n\n<div class=\"wp-block-group alignfull has-global-padding is-layout-constrained wp-container-core-group-is-layout-669513ed wp-block-group-is-layout-constrained\" style=\"margin-top:0;margin-bottom:0;padding-top:var(--wp--preset--spacing--50);padding-right:var(--wp--preset--spacing--50);padding-bottom:var(--wp--preset--spacing--50);padding-left:var(--wp--preset--spacing--50)\">\n<div class=\"wp-block-group alignwide is-vertical is-content-justification-stretch is-layout-flex wp-container-core-group-is-layout-353c4f5a wp-block-group-is-layout-flex\">\n<h2 class=\"wp-block-heading has-text-align-center\">L\u2019entreprise <strong>Soba\u0144ski<\/strong> propose des fen\u00eatres et portes selon <strong>trois profils d\u2019\u00e9paisseur principaux<\/strong>:<\/h2>\n\n\n\n<div style=\"height:0px\" aria-hidden=\"true\" class=\"wp-block-spacer wp-container-content-32e3a40d\"><\/div>\n<\/div>\n\n\n\n<div class=\"wp-block-columns alignwide is-layout-flex wp-container-core-columns-is-layout-1ec2ec05 wp-block-columns-is-layout-flex\" style=\"margin-top:0;margin-bottom:0;padding-top:0;padding-right:0;padding-bottom:0;padding-left:0\">\n<div class=\"wp-block-column is-layout-flow wp-container-core-column-is-layout-8a368f38 wp-block-column-is-layout-flow\" style=\"flex-basis:70%\">\n<div class=\"wp-block-group has-global-padding is-layout-constrained wp-block-group-is-layout-constrained\">\n<h4 class=\"wp-block-heading has-text-align-center has-medium-font-size\" style=\"padding-top:1px\"><em><em><strong>Euroline II \u2013 68 mm avec double vitrage U=1,1 (4\/18\/4)<\/strong><\/em><\/em><\/h4>\n\n\n\n<figure data-wp-context=\"{&quot;imageId&quot;:&quot;69e66602159af&quot;}\" data-wp-interactive=\"core\/image\" class=\"wp-block-image aligncenter size-full is-resized wp-lightbox-container\"><img loading=\"lazy\" decoding=\"async\" width=\"841\" height=\"937\" data-wp-class--hide=\"state.isContentHidden\" data-wp-class--show=\"state.isContentVisible\" data-wp-init=\"callbacks.setButtonStyles\" data-wp-on-async--click=\"actions.showLightbox\" data-wp-on-async--load=\"callbacks.setButtonStyles\" data-wp-on-async-window--resize=\"callbacks.setButtonStyles\" src=\"http:\/\/sobanski.pl\/wp-content\/uploads\/2025\/04\/prof68.png\" alt=\"\" class=\"wp-image-612\" style=\"object-fit:cover;width:250px;height:350px\" srcset=\"https:\/\/sobanski.pl\/wp-content\/uploads\/2025\/04\/prof68.png 841w, https:\/\/sobanski.pl\/wp-content\/uploads\/2025\/04\/prof68-269x300.png 269w, https:\/\/sobanski.pl\/wp-content\/uploads\/2025\/04\/prof68-768x856.png 768w\" sizes=\"auto, (max-width: 841px) 100vw, 841px\" \/><button\n\t\t\tclass=\"lightbox-trigger\"\n\t\t\ttype=\"button\"\n\t\t\taria-haspopup=\"dialog\"\n\t\t\taria-label=\"Powi\u0119ksz\"\n\t\t\tdata-wp-init=\"callbacks.initTriggerButton\"\n\t\t\tdata-wp-on-async--click=\"actions.showLightbox\"\n\t\t\tdata-wp-style--right=\"state.imageButtonRight\"\n\t\t\tdata-wp-style--top=\"state.imageButtonTop\"\n\t\t>\n\t\t\t<svg xmlns=\"http:\/\/www.w3.org\/2000\/svg\" width=\"12\" height=\"12\" fill=\"none\" viewBox=\"0 0 12 12\">\n\t\t\t\t<path fill=\"#fff\" d=\"M2 0a2 2 0 0 0-2 2v2h1.5V2a.5.5 0 0 1 .5-.5h2V0H2Zm2 10.5H2a.5.5 0 0 1-.5-.5V8H0v2a2 2 0 0 0 2 2h2v-1.5ZM8 12v-1.5h2a.5.5 0 0 0 .5-.5V8H12v2a2 2 0 0 1-2 2H8Zm2-12a2 2 0 0 1 2 2v2h-1.5V2a.5.5 0 0 0-.5-.5H8V0h2Z\" \/>\n\t\t\t<\/svg>\n\t\t<\/button><\/figure>\n\n\n\n<div style=\"height:var(--wp--preset--spacing--10)\" aria-hidden=\"true\" class=\"wp-block-spacer\"><\/div>\n<\/div>\n<\/div>\n\n\n\n<div class=\"wp-block-column is-layout-flow wp-block-column-is-layout-flow\" style=\"flex-basis:30%\">\n<div class=\"wp-block-group is-vertical is-content-justification-stretch is-layout-flex wp-container-core-group-is-layout-353c4f5a wp-block-group-is-layout-flex\">\n<p class=\"has-text-align-center has-small-font-size\">Profil standard utilis\u00e9 dans les maisons individuelles et b\u00e2timents publics.<\/p>\n\n\n\n<p class=\"has-text-align-center\">Coefficient de transmission thermique Uw=1,58 w\/m 2*k<\/p>\n\n\n\n<hr class=\"wp-block-separator has-text-color has-contrast-3-color has-alpha-channel-opacity has-contrast-3-background-color has-background is-style-wide\"\/>\n\n\n\n<p class=\"has-text-align-center\">Joint : simple, de marque Schlegel<\/p>\n\n\n\n<hr class=\"wp-block-separator has-text-color has-contrast-3-color has-alpha-channel-opacity has-contrast-3-background-color has-background is-style-wide\"\/>\n\n\n\n<p class=\"has-text-align-center\">Ferrures : ROTO NX<\/p>\n\n\n\n<hr class=\"wp-block-separator has-text-color has-contrast-3-color has-alpha-channel-opacity has-contrast-3-background-color has-background is-style-wide\"\/>\n\n\n\n<p class=\"has-text-align-center\">Goutti\u00e8re en aluminium<\/p>\n<\/div>\n<\/div>\n<\/div>\n\n\n\n<div class=\"wp-block-group has-global-padding is-layout-constrained wp-block-group-is-layout-constrained\">\n<div style=\"height:25px\" aria-hidden=\"true\" class=\"wp-block-spacer\"><\/div>\n\n\n\n<hr class=\"wp-block-separator aligncenter has-text-color has-contrast-2-color has-alpha-channel-opacity has-contrast-2-background-color has-background is-style-wide\"\/>\n\n\n\n<div style=\"height:25px\" aria-hidden=\"true\" class=\"wp-block-spacer\"><\/div>\n<\/div>\n\n\n\n<div class=\"wp-block-columns alignwide is-layout-flex wp-container-core-columns-is-layout-1ec2ec05 wp-block-columns-is-layout-flex\" style=\"margin-top:0;margin-bottom:0;padding-top:0;padding-right:0;padding-bottom:0;padding-left:0\">\n<div class=\"wp-block-column is-layout-flow wp-container-core-column-is-layout-8a368f38 wp-block-column-is-layout-flow\" style=\"flex-basis:70%\">\n<div class=\"wp-block-group has-global-padding is-layout-constrained wp-block-group-is-layout-constrained\">\n<h4 class=\"wp-block-heading has-text-align-center has-medium-font-size\" style=\"padding-top:1px\"><em><strong>Energo \u2013 78 mm avec triple vitrage U=0,6 (4\/14\/4\/14\/4) et intercalaire \u00e0 bord chaud<\/strong><\/em><\/h4>\n\n\n\n<figure data-wp-context=\"{&quot;imageId&quot;:&quot;69e66602179a3&quot;}\" data-wp-interactive=\"core\/image\" class=\"wp-block-image aligncenter size-full is-resized wp-lightbox-container\"><img loading=\"lazy\" decoding=\"async\" width=\"794\" height=\"933\" data-wp-class--hide=\"state.isContentHidden\" data-wp-class--show=\"state.isContentVisible\" data-wp-init=\"callbacks.setButtonStyles\" data-wp-on-async--click=\"actions.showLightbox\" data-wp-on-async--load=\"callbacks.setButtonStyles\" data-wp-on-async-window--resize=\"callbacks.setButtonStyles\" src=\"http:\/\/sobanski.pl\/wp-content\/uploads\/2025\/04\/prof78.png\" alt=\"\" class=\"wp-image-617\" style=\"object-fit:cover;width:250px;height:350px\" srcset=\"https:\/\/sobanski.pl\/wp-content\/uploads\/2025\/04\/prof78.png 794w, https:\/\/sobanski.pl\/wp-content\/uploads\/2025\/04\/prof78-255x300.png 255w, https:\/\/sobanski.pl\/wp-content\/uploads\/2025\/04\/prof78-768x902.png 768w\" sizes=\"auto, (max-width: 794px) 100vw, 794px\" \/><button\n\t\t\tclass=\"lightbox-trigger\"\n\t\t\ttype=\"button\"\n\t\t\taria-haspopup=\"dialog\"\n\t\t\taria-label=\"Powi\u0119ksz\"\n\t\t\tdata-wp-init=\"callbacks.initTriggerButton\"\n\t\t\tdata-wp-on-async--click=\"actions.showLightbox\"\n\t\t\tdata-wp-style--right=\"state.imageButtonRight\"\n\t\t\tdata-wp-style--top=\"state.imageButtonTop\"\n\t\t>\n\t\t\t<svg xmlns=\"http:\/\/www.w3.org\/2000\/svg\" width=\"12\" height=\"12\" fill=\"none\" viewBox=\"0 0 12 12\">\n\t\t\t\t<path fill=\"#fff\" d=\"M2 0a2 2 0 0 0-2 2v2h1.5V2a.5.5 0 0 1 .5-.5h2V0H2Zm2 10.5H2a.5.5 0 0 1-.5-.5V8H0v2a2 2 0 0 0 2 2h2v-1.5ZM8 12v-1.5h2a.5.5 0 0 0 .5-.5V8H12v2a2 2 0 0 1-2 2H8Zm2-12a2 2 0 0 1 2 2v2h-1.5V2a.5.5 0 0 0-.5-.5H8V0h2Z\" \/>\n\t\t\t<\/svg>\n\t\t<\/button><\/figure>\n<\/div>\n<\/div>\n\n\n\n<div class=\"wp-block-column is-layout-flow wp-block-column-is-layout-flow\" style=\"flex-basis:30%\">\n<div class=\"wp-block-group is-vertical is-content-justification-stretch is-layout-flex wp-container-core-group-is-layout-353c4f5a wp-block-group-is-layout-flex\">\n<p class=\"has-text-align-center has-small-font-size\">La prise de conscience \u00e9cologique croissante encourage la construction de maisons \u00e0 haute efficacit\u00e9 \u00e9nerg\u00e9tique. Pour r\u00e9pondre \u00e0 cette demande, nous proposons une menuiserie en bois lamell\u00e9-coll\u00e9 \u00e0 haute isolation thermique : le syst\u00e8me Energo 78 mm.<\/p>\n\n\n\n<p class=\"has-text-align-center\">Coefficient de transmission thermique Uw=1,0 w\/m 2*k<\/p>\n\n\n\n<hr class=\"wp-block-separator has-text-color has-contrast-3-color has-alpha-channel-opacity has-contrast-3-background-color has-background is-style-wide\"\/>\n\n\n\n<p class=\"has-text-align-center\">Joints : doubles, de la marque Deventer<\/p>\n\n\n\n<hr class=\"wp-block-separator has-text-color has-contrast-3-color has-alpha-channel-opacity has-contrast-3-background-color has-background is-style-wide\"\/>\n\n\n\n<p class=\"has-text-align-center\">Ferrures : ROTO NX<\/p>\n\n\n\n<hr class=\"wp-block-separator has-text-color has-contrast-3-color has-alpha-channel-opacity has-contrast-3-background-color has-background is-style-wide\"\/>\n\n\n\n<p class=\"has-text-align-center\">Goutti\u00e8re en aluminium<\/p>\n<\/div>\n<\/div>\n<\/div>\n\n\n\n<div class=\"wp-block-group has-global-padding is-layout-constrained wp-block-group-is-layout-constrained\">\n<div style=\"height:25px\" aria-hidden=\"true\" class=\"wp-block-spacer\"><\/div>\n\n\n\n<hr class=\"wp-block-separator aligncenter has-text-color has-contrast-2-color has-alpha-channel-opacity has-contrast-2-background-color has-background is-style-wide\"\/>\n\n\n\n<div style=\"height:25px\" aria-hidden=\"true\" class=\"wp-block-spacer\"><\/div>\n<\/div>\n\n\n\n<div class=\"wp-block-columns alignwide is-layout-flex wp-container-core-columns-is-layout-1ec2ec05 wp-block-columns-is-layout-flex\" style=\"margin-top:0;margin-bottom:0;padding-top:0;padding-right:0;padding-bottom:0;padding-left:0\">\n<div class=\"wp-block-column is-layout-flow wp-container-core-column-is-layout-8a368f38 wp-block-column-is-layout-flow\" style=\"flex-basis:70%\">\n<div class=\"wp-block-group has-global-padding is-layout-constrained wp-block-group-is-layout-constrained\">\n<h4 class=\"wp-block-heading has-text-align-center has-medium-font-size\" style=\"padding-top:1px\"><em><strong>Passiv \u2013 92 mm avec triple vitrage U=0,5 (4\/16\/4\/16\/4) et intercalaire \u00e0 bord chaud<\/strong><\/em><\/h4>\n\n\n\n<figure data-wp-context=\"{&quot;imageId&quot;:&quot;69e666021a877&quot;}\" data-wp-interactive=\"core\/image\" class=\"wp-block-image aligncenter size-full is-resized wp-lightbox-container\"><img loading=\"lazy\" decoding=\"async\" width=\"772\" height=\"939\" data-wp-class--hide=\"state.isContentHidden\" data-wp-class--show=\"state.isContentVisible\" data-wp-init=\"callbacks.setButtonStyles\" data-wp-on-async--click=\"actions.showLightbox\" data-wp-on-async--load=\"callbacks.setButtonStyles\" data-wp-on-async-window--resize=\"callbacks.setButtonStyles\" src=\"http:\/\/sobanski.pl\/wp-content\/uploads\/2025\/04\/prof92.png\" alt=\"\" class=\"wp-image-618\" style=\"object-fit:cover;width:250px;height:350px\" srcset=\"https:\/\/sobanski.pl\/wp-content\/uploads\/2025\/04\/prof92.png 772w, https:\/\/sobanski.pl\/wp-content\/uploads\/2025\/04\/prof92-247x300.png 247w, https:\/\/sobanski.pl\/wp-content\/uploads\/2025\/04\/prof92-768x934.png 768w\" sizes=\"auto, (max-width: 772px) 100vw, 772px\" \/><button\n\t\t\tclass=\"lightbox-trigger\"\n\t\t\ttype=\"button\"\n\t\t\taria-haspopup=\"dialog\"\n\t\t\taria-label=\"Powi\u0119ksz\"\n\t\t\tdata-wp-init=\"callbacks.initTriggerButton\"\n\t\t\tdata-wp-on-async--click=\"actions.showLightbox\"\n\t\t\tdata-wp-style--right=\"state.imageButtonRight\"\n\t\t\tdata-wp-style--top=\"state.imageButtonTop\"\n\t\t>\n\t\t\t<svg xmlns=\"http:\/\/www.w3.org\/2000\/svg\" width=\"12\" height=\"12\" fill=\"none\" viewBox=\"0 0 12 12\">\n\t\t\t\t<path fill=\"#fff\" d=\"M2 0a2 2 0 0 0-2 2v2h1.5V2a.5.5 0 0 1 .5-.5h2V0H2Zm2 10.5H2a.5.5 0 0 1-.5-.5V8H0v2a2 2 0 0 0 2 2h2v-1.5ZM8 12v-1.5h2a.5.5 0 0 0 .5-.5V8H12v2a2 2 0 0 1-2 2H8Zm2-12a2 2 0 0 1 2 2v2h-1.5V2a.5.5 0 0 0-.5-.5H8V0h2Z\" \/>\n\t\t\t<\/svg>\n\t\t<\/button><\/figure>\n<\/div>\n<\/div>\n\n\n\n<div class=\"wp-block-column is-layout-flow wp-block-column-is-layout-flow\" style=\"flex-basis:30%\">\n<div class=\"wp-block-group is-vertical is-content-justification-stretch is-layout-flex wp-container-core-group-is-layout-353c4f5a wp-block-group-is-layout-flex\">\n<p class=\"has-text-align-center has-small-font-size\">Les maisons passives sont aujourd\u2019hui une tendance de premier plan. Le syst\u00e8me Passiv 92 mm r\u00e9pond aux derni\u00e8res normes europ\u00e9ennes. Il garantit d&#8217;excellentes performances thermiques, id\u00e9ales notamment pour b\u00e9n\u00e9ficier de subventions telles que celles du programme europ\u00e9en \u00ab\u202fAir pur\u202f\u00bb.<\/p>\n\n\n\n<p class=\"has-text-align-center\">Coefficient de transmission thermique Uw=0,8 w\/m 2*k<\/p>\n\n\n\n<hr class=\"wp-block-separator has-text-color has-contrast-3-color has-alpha-channel-opacity has-contrast-3-background-color has-background is-style-wide\"\/>\n\n\n\n<p class=\"has-text-align-center\">Joints : doubles, de la marque Deventer<\/p>\n\n\n\n<hr class=\"wp-block-separator has-text-color has-contrast-3-color has-alpha-channel-opacity has-contrast-3-background-color has-background is-style-wide\"\/>\n\n\n\n<p class=\"has-text-align-center\">Ferrures: ROTO NX<\/p>\n\n\n\n<hr class=\"wp-block-separator has-text-color has-contrast-3-color has-alpha-channel-opacity has-contrast-3-background-color has-background is-style-wide\"\/>\n\n\n\n<p class=\"has-text-align-center\">Goutti\u00e8re en aluminium<\/p>\n<\/div>\n<\/div>\n<\/div>\n<\/div>\n\n\n\n<div class=\"wp-block-group alignfull has-base-2-color has-contrast-background-color has-text-color has-background has-link-color wp-elements-226f8acb8f37a80f6a3d45ff71ce76a2 has-global-padding is-layout-constrained wp-container-core-group-is-layout-d89aad35 wp-block-group-is-layout-constrained\" style=\"margin-top:0;margin-bottom:0;padding-top:var(--wp--preset--spacing--50);padding-right:var(--wp--preset--spacing--50);padding-bottom:var(--wp--preset--spacing--50);padding-left:var(--wp--preset--spacing--50)\">\n<div class=\"wp-block-columns alignwide are-vertically-aligned-center is-layout-flex wp-container-core-columns-is-layout-47c06fe3 wp-block-columns-is-layout-flex\">\n<div class=\"wp-block-column is-vertically-aligned-center is-layout-flow wp-block-column-is-layout-flow\" style=\"flex-basis:50%\">\n<h2 class=\"wp-block-heading has-base-2-color has-text-color has-link-color has-body-font-family has-large-font-size wp-elements-93d4ad5f7267613a36a8fb7ef5e3ccb5\"><strong>Options suppl\u00e9mentaires<\/strong> disponibles pour chaque profil de fen\u00eatres et de portes Soba\u0144ski:<\/h2>\n\n\n\n<ul style=\"line-height:1.75\" class=\"wp-block-list is-style-checkmark-list\">\n<li>Vitrages de s\u00e9curit\u00e9, vitraux et autres<\/li>\n\n\n\n<li>Ferrures anti-effraction<\/li>\n\n\n\n<li>\u00c9l\u00e9ments d\u00e9coratifs en bois (baguettes moulur\u00e9es, traverses)<\/li>\n\n\n\n<li>Petits bois: coll\u00e9s en bois, int\u00e9gr\u00e9s au vitrage, entre les vitres<\/li>\n<\/ul>\n<\/div>\n\n\n\n<div class=\"wp-block-column is-vertically-aligned-center is-layout-flow wp-block-column-is-layout-flow\" style=\"flex-basis:50%\">\n<figure class=\"wp-block-image size-full is-style-rounded is-style-rounded--4\"><img loading=\"lazy\" decoding=\"async\" width=\"1000\" height=\"750\" src=\"http:\/\/sobanski.pl\/wp-content\/uploads\/2025\/02\/P1000482.jpg\" alt=\"\" class=\"wp-image-152\" style=\"aspect-ratio:4\/3;object-fit:cover\" srcset=\"https:\/\/sobanski.pl\/wp-content\/uploads\/2025\/02\/P1000482.jpg 1000w, https:\/\/sobanski.pl\/wp-content\/uploads\/2025\/02\/P1000482-300x225.jpg 300w, https:\/\/sobanski.pl\/wp-content\/uploads\/2025\/02\/P1000482-768x576.jpg 768w\" sizes=\"auto, (max-width: 1000px) 100vw, 1000px\" \/><\/figure>\n<\/div>\n<\/div>\n\n\n\n<div class=\"wp-block-group has-global-padding is-layout-constrained wp-block-group-is-layout-constrained\">\n<div style=\"height:25px\" aria-hidden=\"true\" class=\"wp-block-spacer\"><\/div>\n\n\n\n<hr class=\"wp-block-separator aligncenter has-text-color has-base-2-color has-alpha-channel-opacity has-base-2-background-color has-background is-style-wide\"\/>\n\n\n\n<div style=\"height:25px\" aria-hidden=\"true\" class=\"wp-block-spacer\"><\/div>\n<\/div>\n\n\n\n<p class=\"has-text-align-center has-body-font-family has-x-large-font-size\"><strong>Nouveaut\u00e9!<\/strong> Profil r\u00e9tro avec goutti\u00e8re en bois sur l\u2019ouvrant<\/p>\n<\/div>\n<\/div>\n","protected":false},"excerpt":{"rendered":"<p>Fen\u00eatres en bois haut de gamme Nos fen\u00eatres et portes en bois se distinguent par leur qualit\u00e9, leur durabilit\u00e9 et leur beaut\u00e9 intemporelle. Elles sont \u00e9galement \u00e9cologiques \u2013 elles prennent soin de votre sant\u00e9, de celle de votre famille et de notre plan\u00e8te. Elles poss\u00e8dent d&#8217;excellentes propri\u00e9t\u00e9s de micro-ventilation. Gr\u00e2ce \u00e0 ces qualit\u00e9s, de nombreux [&hellip;]<\/p>\n","protected":false},"author":1,"featured_media":0,"parent":0,"menu_order":0,"comment_status":"closed","ping_status":"closed","template":"wp-custom-template-fr","meta":{"_eb_attr":"","footnotes":""},"class_list":["post-814","page","type-page","status-publish","hentry"],"_links":{"self":[{"href":"https:\/\/sobanski.pl\/index.php\/wp-json\/wp\/v2\/pages\/814","targetHints":{"allow":["GET"]}}],"collection":[{"href":"https:\/\/sobanski.pl\/index.php\/wp-json\/wp\/v2\/pages"}],"about":[{"href":"https:\/\/sobanski.pl\/index.php\/wp-json\/wp\/v2\/types\/page"}],"author":[{"embeddable":true,"href":"https:\/\/sobanski.pl\/index.php\/wp-json\/wp\/v2\/users\/1"}],"replies":[{"embeddable":true,"href":"https:\/\/sobanski.pl\/index.php\/wp-json\/wp\/v2\/comments?post=814"}],"version-history":[{"count":4,"href":"https:\/\/sobanski.pl\/index.php\/wp-json\/wp\/v2\/pages\/814\/revisions"}],"predecessor-version":[{"id":1001,"href":"https:\/\/sobanski.pl\/index.php\/wp-json\/wp\/v2\/pages\/814\/revisions\/1001"}],"wp:attachment":[{"href":"https:\/\/sobanski.pl\/index.php\/wp-json\/wp\/v2\/media?parent=814"}],"curies":[{"name":"wp","href":"https:\/\/api.w.org\/{rel}","templated":true}]}}