{"id":811,"date":"2025-04-20T19:28:34","date_gmt":"2025-04-20T19:28:34","guid":{"rendered":"http:\/\/sobanski.pl\/?page_id=811"},"modified":"2026-01-02T13:00:46","modified_gmt":"2026-01-02T13:00:46","slug":"hochwertige-holzfenster","status":"publish","type":"page","link":"https:\/\/sobanski.pl\/index.php\/de\/hochwertige-holzfenster\/","title":{"rendered":"Okna drewniane DE"},"content":{"rendered":"\n<div class=\"wp-block-group alignfull has-global-padding is-layout-constrained wp-block-group-is-layout-constrained\">\n<h2 class=\"wp-block-heading has-text-align-center\" style=\"padding-top:var(--wp--preset--spacing--30);padding-bottom:var(--wp--preset--spacing--30)\"><strong>Hochwertige Holzfenster<\/strong><\/h2>\n\n\n\n<div class=\"wp-block-group alignfull has-base-background-color has-background has-global-padding is-layout-constrained wp-container-core-group-is-layout-e170f89d wp-block-group-is-layout-constrained\" style=\"margin-top:0;margin-bottom:0;padding-top:0;padding-right:var(--wp--preset--spacing--40);padding-bottom:0;padding-left:var(--wp--preset--spacing--40)\">\n<div class=\"wp-block-group alignwide is-layout-flow wp-block-group-is-layout-flow\">\n<p class=\"has-text-align-center has-medium-font-size\" style=\"font-style:normal;font-weight:400;line-height:1.2\">Unsere Holzfenster und -t\u00fcren zeichnen sich durch Qualit\u00e4t, Langlebigkeit und zeitlose Sch\u00f6nheit aus. Sie sind zudem umweltfreundlich \u2013 sie sch\u00fctzen Ihre Gesundheit, die Ihrer Familie und unserer Umwelt. Au\u00dferdem verf\u00fcgen sie \u00fcber hervorragende Mikrobel\u00fcftungseigenschaften. Dank dieser Merkmale haben uns bereits viele Privatkunden, Unternehmen und Architekten im In- und Ausland ihr Vertrauen geschenkt!<\/p>\n<\/div>\n\n\n\n<figure class=\"wp-block-image alignwide size-full is-style-rounded is-style-rounded--1\"><img loading=\"lazy\" decoding=\"async\" width=\"1000\" height=\"400\" src=\"http:\/\/sobanski.pl\/wp-content\/uploads\/2025\/02\/oferta-pl-1-2.jpg\" alt=\"\" class=\"wp-image-103\" srcset=\"https:\/\/sobanski.pl\/wp-content\/uploads\/2025\/02\/oferta-pl-1-2.jpg 1000w, https:\/\/sobanski.pl\/wp-content\/uploads\/2025\/02\/oferta-pl-1-2-300x120.jpg 300w, https:\/\/sobanski.pl\/wp-content\/uploads\/2025\/02\/oferta-pl-1-2-768x307.jpg 768w\" sizes=\"auto, (max-width: 1000px) 100vw, 1000px\" \/><\/figure>\n\n\n\n<div style=\"height:var(--wp--preset--spacing--40)\" aria-hidden=\"true\" class=\"wp-block-spacer\"><\/div>\n<\/div>\n\n\n\n<div class=\"wp-block-group alignfull has-base-2-background-color has-background has-global-padding is-layout-constrained wp-container-core-group-is-layout-e4ce447a wp-block-group-is-layout-constrained\" style=\"margin-top:0;margin-bottom:0;padding-top:var(--wp--preset--spacing--10);padding-right:var(--wp--preset--spacing--40);padding-bottom:var(--wp--preset--spacing--10);padding-left:var(--wp--preset--spacing--40)\">\n<div style=\"height:var(--wp--preset--spacing--40)\" aria-hidden=\"true\" class=\"wp-block-spacer\"><\/div>\n\n\n\n<div class=\"wp-block-group alignwide is-layout-flow wp-block-group-is-layout-flow\">\n<p class=\"has-text-align-center has-medium-font-size\" style=\"font-style:normal;font-weight:400;line-height:1.2\">Wir fertigen unsere Fenster und T\u00fcren aus hochwertigem, sorgf\u00e4ltig ausgew\u00e4hltem, schichtverleimtem Holz, das besonders formstabil ist. Eine gro\u00dfe Farbvielfalt bieten wasserbasierte Farben der Firma Remmers. Wir verwenden einige der besten Beschl\u00e4ge auf dem Markt von ROTO sowie hochwertige Mehrfachverriegelungen der renommierten Firma Fuhr. In Sachen Verglasung arbeiten wir seit Jahren mit Vitroterm Mur\u00f3w S.A. zusammen \u2013 einem erfahrenen Lieferanten verschiedenster Isolierglasarten mit exzellenten W\u00e4rmed\u00e4mmeigenschaften. Dar\u00fcber hinaus kommen Dichtungen der Firma Deventer zum Einsatz.<\/p>\n\n\n\n<div class=\"wp-block-group alignfull has-global-padding is-layout-constrained wp-container-core-group-is-layout-b25ccd55 wp-block-group-is-layout-constrained\" style=\"margin-top:0;margin-bottom:0;padding-top:var(--wp--preset--spacing--50);padding-right:var(--wp--preset--spacing--50);padding-bottom:var(--wp--preset--spacing--50);padding-left:var(--wp--preset--spacing--50)\">\n<div class=\"wp-block-columns alignwide is-layout-flex wp-container-core-columns-is-layout-ff4b9c61 wp-block-columns-is-layout-flex\" style=\"margin-top:0;margin-bottom:0\">\n<div class=\"wp-block-column is-layout-flow wp-container-core-column-is-layout-8a368f38 wp-block-column-is-layout-flow\">\n<p>Wir verwenden unter anderem <strong>Meranti-Holz<\/strong> \u2013 ein exotisches Hartholz, das haupts\u00e4chlich in Indonesien und auf den Philippinen w\u00e4chst. Es ist besonders widerstandsf\u00e4hig gegen Feuchtigkeit, sehr hart und verf\u00fcgt \u00fcber ausgezeichnete Festigkeitswerte. Fenster aus Meranti-Holz wirken \u00e4u\u00dferst edel \u2013 die einzigartige Struktur bleibt sogar unter deckender Farbe sichtbar. Sie erf\u00fcllen die Erwartungen anspruchsvoller Kunden, die Premium-Produkte sch\u00e4tzen und Fenster und T\u00fcren als stilvolles Designelement ihres Hauses oder ihrer Wohnung betrachten.<\/p>\n\n\n\n<div style=\"height:var(--wp--preset--spacing--50)\" aria-hidden=\"true\" class=\"wp-block-spacer\"><\/div>\n\n\n\n<figure class=\"wp-block-image size-full is-style-rounded is-style-rounded--2\"><img loading=\"lazy\" decoding=\"async\" width=\"1000\" height=\"400\" src=\"http:\/\/sobanski.pl\/wp-content\/uploads\/2025\/02\/oferta-pl-1.jpg\" alt=\"\" class=\"wp-image-104\" style=\"aspect-ratio:3\/4;object-fit:cover\" srcset=\"https:\/\/sobanski.pl\/wp-content\/uploads\/2025\/02\/oferta-pl-1.jpg 1000w, https:\/\/sobanski.pl\/wp-content\/uploads\/2025\/02\/oferta-pl-1-300x120.jpg 300w, https:\/\/sobanski.pl\/wp-content\/uploads\/2025\/02\/oferta-pl-1-768x307.jpg 768w\" sizes=\"auto, (max-width: 1000px) 100vw, 1000px\" \/><\/figure>\n<\/div>\n\n\n\n<div class=\"wp-block-column is-layout-flow wp-container-core-column-is-layout-8a368f38 wp-block-column-is-layout-flow\">\n<div style=\"height:var(--wp--preset--spacing--50)\" aria-hidden=\"true\" class=\"wp-block-spacer\"><\/div>\n\n\n\n<figure class=\"wp-block-image size-full is-style-rounded is-style-rounded--3\"><img loading=\"lazy\" decoding=\"async\" width=\"640\" height=\"480\" src=\"http:\/\/sobanski.pl\/wp-content\/uploads\/2024\/05\/images_large_75.jpg\" alt=\"\" class=\"wp-image-18\" style=\"aspect-ratio:3\/4;object-fit:cover\" srcset=\"https:\/\/sobanski.pl\/wp-content\/uploads\/2024\/05\/images_large_75.jpg 640w, https:\/\/sobanski.pl\/wp-content\/uploads\/2024\/05\/images_large_75-300x225.jpg 300w\" sizes=\"auto, (max-width: 640px) 100vw, 640px\" \/><\/figure>\n\n\n\n<div style=\"height:var(--wp--preset--spacing--50)\" aria-hidden=\"true\" class=\"wp-block-spacer\"><\/div>\n\n\n\n<p><strong>Kiefernholz<\/strong>, sowohl massiv als auch keilgezinkt, ist ein beliebter Werkstoff f\u00fcr Fenster und T\u00fcren. Es erfreut sich europaweit gro\u00dfer Beliebtheit \u2013 dank seiner Verf\u00fcgbarkeit und seines attraktiven Preises. Kiefernholz ist leicht zu verarbeiten, elastisch und dauerhaft. Fenster und T\u00fcren aus Kiefernholz \u2013 beispielsweise mit lasierender Farbgebung \u2013 \u00fcberzeugen durch ihre sch\u00f6ne Maserung und schaffen ein gem\u00fctliches und warmes Wohnambiente.<\/p>\n<\/div>\n<\/div>\n<\/div>\n<\/div>\n<\/div>\n\n\n\n<div class=\"wp-block-group alignfull has-global-padding is-layout-constrained wp-container-core-group-is-layout-669513ed wp-block-group-is-layout-constrained\" style=\"margin-top:0;margin-bottom:0;padding-top:var(--wp--preset--spacing--50);padding-right:var(--wp--preset--spacing--50);padding-bottom:var(--wp--preset--spacing--50);padding-left:var(--wp--preset--spacing--50)\">\n<div class=\"wp-block-group alignwide is-vertical is-content-justification-stretch is-layout-flex wp-container-core-group-is-layout-353c4f5a wp-block-group-is-layout-flex\">\n<h2 class=\"wp-block-heading has-text-align-center\">Die Firma <strong>Soba\u0144ski<\/strong> produziert Fenster und T\u00fcren in <strong>drei Hauptprofilst\u00e4rken<\/strong>:<\/h2>\n\n\n\n<div style=\"height:0px\" aria-hidden=\"true\" class=\"wp-block-spacer wp-container-content-32e3a40d\"><\/div>\n<\/div>\n\n\n\n<div class=\"wp-block-columns alignwide is-layout-flex wp-container-core-columns-is-layout-1ec2ec05 wp-block-columns-is-layout-flex\" style=\"margin-top:0;margin-bottom:0;padding-top:0;padding-right:0;padding-bottom:0;padding-left:0\">\n<div class=\"wp-block-column is-layout-flow wp-container-core-column-is-layout-8a368f38 wp-block-column-is-layout-flow\" style=\"flex-basis:70%\">\n<div class=\"wp-block-group has-global-padding is-layout-constrained wp-block-group-is-layout-constrained\">\n<h4 class=\"wp-block-heading has-text-align-center has-medium-font-size\" style=\"padding-top:1px\"><em><em>Euroline II \u2013 68 mm mit Zweifachverglasung U=1,1 (4\/18\/4)<\/em><\/em><\/h4>\n\n\n\n<figure data-wp-context=\"{&quot;imageId&quot;:&quot;69e66818c4c50&quot;}\" data-wp-interactive=\"core\/image\" class=\"wp-block-image aligncenter size-full is-resized wp-lightbox-container\"><img loading=\"lazy\" decoding=\"async\" width=\"841\" height=\"937\" data-wp-class--hide=\"state.isContentHidden\" data-wp-class--show=\"state.isContentVisible\" data-wp-init=\"callbacks.setButtonStyles\" data-wp-on-async--click=\"actions.showLightbox\" data-wp-on-async--load=\"callbacks.setButtonStyles\" data-wp-on-async-window--resize=\"callbacks.setButtonStyles\" src=\"http:\/\/sobanski.pl\/wp-content\/uploads\/2025\/04\/prof68.png\" alt=\"\" class=\"wp-image-612\" style=\"object-fit:cover;width:250px;height:350px\" srcset=\"https:\/\/sobanski.pl\/wp-content\/uploads\/2025\/04\/prof68.png 841w, https:\/\/sobanski.pl\/wp-content\/uploads\/2025\/04\/prof68-269x300.png 269w, https:\/\/sobanski.pl\/wp-content\/uploads\/2025\/04\/prof68-768x856.png 768w\" sizes=\"auto, (max-width: 841px) 100vw, 841px\" \/><button\n\t\t\tclass=\"lightbox-trigger\"\n\t\t\ttype=\"button\"\n\t\t\taria-haspopup=\"dialog\"\n\t\t\taria-label=\"Powi\u0119ksz\"\n\t\t\tdata-wp-init=\"callbacks.initTriggerButton\"\n\t\t\tdata-wp-on-async--click=\"actions.showLightbox\"\n\t\t\tdata-wp-style--right=\"state.imageButtonRight\"\n\t\t\tdata-wp-style--top=\"state.imageButtonTop\"\n\t\t>\n\t\t\t<svg xmlns=\"http:\/\/www.w3.org\/2000\/svg\" width=\"12\" height=\"12\" fill=\"none\" viewBox=\"0 0 12 12\">\n\t\t\t\t<path fill=\"#fff\" d=\"M2 0a2 2 0 0 0-2 2v2h1.5V2a.5.5 0 0 1 .5-.5h2V0H2Zm2 10.5H2a.5.5 0 0 1-.5-.5V8H0v2a2 2 0 0 0 2 2h2v-1.5ZM8 12v-1.5h2a.5.5 0 0 0 .5-.5V8H12v2a2 2 0 0 1-2 2H8Zm2-12a2 2 0 0 1 2 2v2h-1.5V2a.5.5 0 0 0-.5-.5H8V0h2Z\" \/>\n\t\t\t<\/svg>\n\t\t<\/button><\/figure>\n\n\n\n<div style=\"height:var(--wp--preset--spacing--10)\" aria-hidden=\"true\" class=\"wp-block-spacer\"><\/div>\n<\/div>\n<\/div>\n\n\n\n<div class=\"wp-block-column is-layout-flow wp-block-column-is-layout-flow\" style=\"flex-basis:30%\">\n<div class=\"wp-block-group is-vertical is-content-justification-stretch is-layout-flex wp-container-core-group-is-layout-353c4f5a wp-block-group-is-layout-flex\">\n<p class=\"has-text-align-center has-small-font-size\">Das Grundprofil f\u00fcr Fenster und T\u00fcren, ideal f\u00fcr Einfamilienh\u00e4user und \u00f6ffentliche Geb\u00e4ude.<\/p>\n\n\n\n<p class=\"has-text-align-center\">W\u00e4rmedurchgangskoeffizient Uw=1,58 w\/m 2*k<\/p>\n\n\n\n<hr class=\"wp-block-separator has-text-color has-contrast-3-color has-alpha-channel-opacity has-contrast-3-background-color has-background is-style-wide\"\/>\n\n\n\n<p class=\"has-text-align-center\">Dichtung: einfach, von Schlegel<\/p>\n\n\n\n<hr class=\"wp-block-separator has-text-color has-contrast-3-color has-alpha-channel-opacity has-contrast-3-background-color has-background is-style-wide\"\/>\n\n\n\n<p class=\"has-text-align-center\">Beschl\u00e4ge: ROTO NX<\/p>\n\n\n\n<hr class=\"wp-block-separator has-text-color has-contrast-3-color has-alpha-channel-opacity has-contrast-3-background-color has-background is-style-wide\"\/>\n\n\n\n<p class=\"has-text-align-center\">Aluminium-Regenschutzschiene<\/p>\n<\/div>\n<\/div>\n<\/div>\n\n\n\n<div class=\"wp-block-group has-global-padding is-layout-constrained wp-block-group-is-layout-constrained\">\n<div style=\"height:25px\" aria-hidden=\"true\" class=\"wp-block-spacer\"><\/div>\n\n\n\n<hr class=\"wp-block-separator aligncenter has-text-color has-contrast-2-color has-alpha-channel-opacity has-contrast-2-background-color has-background is-style-wide\"\/>\n\n\n\n<div style=\"height:25px\" aria-hidden=\"true\" class=\"wp-block-spacer\"><\/div>\n<\/div>\n\n\n\n<div class=\"wp-block-columns alignwide is-layout-flex wp-container-core-columns-is-layout-1ec2ec05 wp-block-columns-is-layout-flex\" style=\"margin-top:0;margin-bottom:0;padding-top:0;padding-right:0;padding-bottom:0;padding-left:0\">\n<div class=\"wp-block-column is-layout-flow wp-container-core-column-is-layout-8a368f38 wp-block-column-is-layout-flow\" style=\"flex-basis:70%\">\n<div class=\"wp-block-group has-global-padding is-layout-constrained wp-block-group-is-layout-constrained\">\n<h4 class=\"wp-block-heading has-text-align-center has-medium-font-size\" style=\"padding-top:1px\"><em>Energo \u2013 78 mm mit Dreifachverglasung U=0,6 (4\/14\/4\/14\/4) und warmer Kante<\/em><\/h4>\n\n\n\n<figure data-wp-context=\"{&quot;imageId&quot;:&quot;69e66818c637e&quot;}\" data-wp-interactive=\"core\/image\" class=\"wp-block-image aligncenter size-full is-resized wp-lightbox-container\"><img loading=\"lazy\" decoding=\"async\" width=\"794\" height=\"933\" data-wp-class--hide=\"state.isContentHidden\" data-wp-class--show=\"state.isContentVisible\" data-wp-init=\"callbacks.setButtonStyles\" data-wp-on-async--click=\"actions.showLightbox\" data-wp-on-async--load=\"callbacks.setButtonStyles\" data-wp-on-async-window--resize=\"callbacks.setButtonStyles\" src=\"http:\/\/sobanski.pl\/wp-content\/uploads\/2025\/04\/prof78.png\" alt=\"\" class=\"wp-image-617\" style=\"object-fit:cover;width:250px;height:350px\" srcset=\"https:\/\/sobanski.pl\/wp-content\/uploads\/2025\/04\/prof78.png 794w, https:\/\/sobanski.pl\/wp-content\/uploads\/2025\/04\/prof78-255x300.png 255w, https:\/\/sobanski.pl\/wp-content\/uploads\/2025\/04\/prof78-768x902.png 768w\" sizes=\"auto, (max-width: 794px) 100vw, 794px\" \/><button\n\t\t\tclass=\"lightbox-trigger\"\n\t\t\ttype=\"button\"\n\t\t\taria-haspopup=\"dialog\"\n\t\t\taria-label=\"Powi\u0119ksz\"\n\t\t\tdata-wp-init=\"callbacks.initTriggerButton\"\n\t\t\tdata-wp-on-async--click=\"actions.showLightbox\"\n\t\t\tdata-wp-style--right=\"state.imageButtonRight\"\n\t\t\tdata-wp-style--top=\"state.imageButtonTop\"\n\t\t>\n\t\t\t<svg xmlns=\"http:\/\/www.w3.org\/2000\/svg\" width=\"12\" height=\"12\" fill=\"none\" viewBox=\"0 0 12 12\">\n\t\t\t\t<path fill=\"#fff\" d=\"M2 0a2 2 0 0 0-2 2v2h1.5V2a.5.5 0 0 1 .5-.5h2V0H2Zm2 10.5H2a.5.5 0 0 1-.5-.5V8H0v2a2 2 0 0 0 2 2h2v-1.5ZM8 12v-1.5h2a.5.5 0 0 0 .5-.5V8H12v2a2 2 0 0 1-2 2H8Zm2-12a2 2 0 0 1 2 2v2h-1.5V2a.5.5 0 0 0-.5-.5H8V0h2Z\" \/>\n\t\t\t<\/svg>\n\t\t<\/button><\/figure>\n<\/div>\n<\/div>\n\n\n\n<div class=\"wp-block-column is-layout-flow wp-block-column-is-layout-flow\" style=\"flex-basis:30%\">\n<div class=\"wp-block-group is-vertical is-content-justification-stretch is-layout-flex wp-container-core-group-is-layout-353c4f5a wp-block-group-is-layout-flex\">\n<p class=\"has-text-align-center has-small-font-size\">Das wachsende Umweltbewusstsein f\u00fchrt zu einer steigenden Nachfrage nach energieeffizientem Bauen. Unser Energo-78mm-System bietet hierf\u00fcr perfekte L\u00f6sungen aus schichtverleimtem Holz mit erh\u00f6hter W\u00e4rmed\u00e4mmung.<\/p>\n\n\n\n<p class=\"has-text-align-center\">W\u00e4rmedurchgangskoeffizient Uw=1,0 w\/m 2*k<\/p>\n\n\n\n<hr class=\"wp-block-separator has-text-color has-contrast-3-color has-alpha-channel-opacity has-contrast-3-background-color has-background is-style-wide\"\/>\n\n\n\n<p class=\"has-text-align-center\">Dichtung: doppelt, von Deventer<\/p>\n\n\n\n<hr class=\"wp-block-separator has-text-color has-contrast-3-color has-alpha-channel-opacity has-contrast-3-background-color has-background is-style-wide\"\/>\n\n\n\n<p class=\"has-text-align-center\">Beschl\u00e4ge: ROTO NX<\/p>\n\n\n\n<hr class=\"wp-block-separator has-text-color has-contrast-3-color has-alpha-channel-opacity has-contrast-3-background-color has-background is-style-wide\"\/>\n\n\n\n<p class=\"has-text-align-center\">Aluminium-Regenschutzschiene<\/p>\n<\/div>\n<\/div>\n<\/div>\n\n\n\n<div class=\"wp-block-group has-global-padding is-layout-constrained wp-block-group-is-layout-constrained\">\n<div style=\"height:25px\" aria-hidden=\"true\" class=\"wp-block-spacer\"><\/div>\n\n\n\n<hr class=\"wp-block-separator aligncenter has-text-color has-contrast-2-color has-alpha-channel-opacity has-contrast-2-background-color has-background is-style-wide\"\/>\n\n\n\n<div style=\"height:25px\" aria-hidden=\"true\" class=\"wp-block-spacer\"><\/div>\n<\/div>\n\n\n\n<div class=\"wp-block-columns alignwide is-layout-flex wp-container-core-columns-is-layout-1ec2ec05 wp-block-columns-is-layout-flex\" style=\"margin-top:0;margin-bottom:0;padding-top:0;padding-right:0;padding-bottom:0;padding-left:0\">\n<div class=\"wp-block-column is-layout-flow wp-container-core-column-is-layout-8a368f38 wp-block-column-is-layout-flow\" style=\"flex-basis:70%\">\n<div class=\"wp-block-group has-global-padding is-layout-constrained wp-block-group-is-layout-constrained\">\n<h4 class=\"wp-block-heading has-text-align-center has-medium-font-size\" style=\"padding-top:1px\"><em>Passiv \u2013 92 mm mit Dreifachverglasung U=0,5 (4\/16\/4\/16\/4) und warmer Kante<\/em><\/h4>\n\n\n\n<figure data-wp-context=\"{&quot;imageId&quot;:&quot;69e66818c844b&quot;}\" data-wp-interactive=\"core\/image\" class=\"wp-block-image aligncenter size-full is-resized wp-lightbox-container\"><img loading=\"lazy\" decoding=\"async\" width=\"772\" height=\"939\" data-wp-class--hide=\"state.isContentHidden\" data-wp-class--show=\"state.isContentVisible\" data-wp-init=\"callbacks.setButtonStyles\" data-wp-on-async--click=\"actions.showLightbox\" data-wp-on-async--load=\"callbacks.setButtonStyles\" data-wp-on-async-window--resize=\"callbacks.setButtonStyles\" src=\"http:\/\/sobanski.pl\/wp-content\/uploads\/2025\/04\/prof92.png\" alt=\"\" class=\"wp-image-618\" style=\"object-fit:cover;width:250px;height:350px\" srcset=\"https:\/\/sobanski.pl\/wp-content\/uploads\/2025\/04\/prof92.png 772w, https:\/\/sobanski.pl\/wp-content\/uploads\/2025\/04\/prof92-247x300.png 247w, https:\/\/sobanski.pl\/wp-content\/uploads\/2025\/04\/prof92-768x934.png 768w\" sizes=\"auto, (max-width: 772px) 100vw, 772px\" \/><button\n\t\t\tclass=\"lightbox-trigger\"\n\t\t\ttype=\"button\"\n\t\t\taria-haspopup=\"dialog\"\n\t\t\taria-label=\"Powi\u0119ksz\"\n\t\t\tdata-wp-init=\"callbacks.initTriggerButton\"\n\t\t\tdata-wp-on-async--click=\"actions.showLightbox\"\n\t\t\tdata-wp-style--right=\"state.imageButtonRight\"\n\t\t\tdata-wp-style--top=\"state.imageButtonTop\"\n\t\t>\n\t\t\t<svg xmlns=\"http:\/\/www.w3.org\/2000\/svg\" width=\"12\" height=\"12\" fill=\"none\" viewBox=\"0 0 12 12\">\n\t\t\t\t<path fill=\"#fff\" d=\"M2 0a2 2 0 0 0-2 2v2h1.5V2a.5.5 0 0 1 .5-.5h2V0H2Zm2 10.5H2a.5.5 0 0 1-.5-.5V8H0v2a2 2 0 0 0 2 2h2v-1.5ZM8 12v-1.5h2a.5.5 0 0 0 .5-.5V8H12v2a2 2 0 0 1-2 2H8Zm2-12a2 2 0 0 1 2 2v2h-1.5V2a.5.5 0 0 0-.5-.5H8V0h2Z\" \/>\n\t\t\t<\/svg>\n\t\t<\/button><\/figure>\n<\/div>\n<\/div>\n\n\n\n<div class=\"wp-block-column is-layout-flow wp-block-column-is-layout-flow\" style=\"flex-basis:30%\">\n<div class=\"wp-block-group is-vertical is-content-justification-stretch is-layout-flex wp-container-core-group-is-layout-353c4f5a wp-block-group-is-layout-flex\">\n<p class=\"has-text-align-center has-small-font-size\">Passivh\u00e4user sind ein f\u00fchrender Trend im modernen Bauwesen. Das Passiv-92mm-System erf\u00fcllt die neuesten EU-Normen und garantiert hervorragende W\u00e4rmed\u00e4mmung \u2013 ideal z.\u202fB. f\u00fcr F\u00f6rderprogramme wie \u201eSaubere Luft\u201c, die von der Europ\u00e4ischen Union unterst\u00fctzt werden.<\/p>\n\n\n\n<p class=\"has-text-align-center\">W\u00e4rmedurchgangskoeffizient Uw=0,8 w\/m 2*k<\/p>\n\n\n\n<hr class=\"wp-block-separator has-text-color has-contrast-3-color has-alpha-channel-opacity has-contrast-3-background-color has-background is-style-wide\"\/>\n\n\n\n<p class=\"has-text-align-center\">Dichtung: doppelt, von Deventer<\/p>\n\n\n\n<hr class=\"wp-block-separator has-text-color has-contrast-3-color has-alpha-channel-opacity has-contrast-3-background-color has-background is-style-wide\"\/>\n\n\n\n<p class=\"has-text-align-center\">Beschl\u00e4ge: ROTO NX<\/p>\n\n\n\n<hr class=\"wp-block-separator has-text-color has-contrast-3-color has-alpha-channel-opacity has-contrast-3-background-color has-background is-style-wide\"\/>\n\n\n\n<p class=\"has-text-align-center\">Aluminium-Regenschutzschiene<\/p>\n<\/div>\n<\/div>\n<\/div>\n<\/div>\n\n\n\n<div class=\"wp-block-group alignfull has-base-2-color has-contrast-background-color has-text-color has-background has-link-color wp-elements-ac64198307bb1c065b5a66633f155a7c has-global-padding is-layout-constrained wp-container-core-group-is-layout-d89aad35 wp-block-group-is-layout-constrained\" style=\"margin-top:0;margin-bottom:0;padding-top:var(--wp--preset--spacing--50);padding-right:var(--wp--preset--spacing--50);padding-bottom:var(--wp--preset--spacing--50);padding-left:var(--wp--preset--spacing--50)\">\n<div class=\"wp-block-columns alignwide are-vertically-aligned-center is-layout-flex wp-container-core-columns-is-layout-47c06fe3 wp-block-columns-is-layout-flex\">\n<div class=\"wp-block-column is-vertically-aligned-center is-layout-flow wp-block-column-is-layout-flow\" style=\"flex-basis:50%\">\n<h2 class=\"wp-block-heading has-base-2-color has-text-color has-link-color has-body-font-family has-large-font-size wp-elements-b9834d75d4aa671751a59f6d7cf75094\"><strong>Zus\u00e4tzliche Optionen<\/strong>, die f\u00fcr jedes Fenster- und T\u00fcrprofil von Soba\u0144ski erh\u00e4ltlich sind:<\/h2>\n\n\n\n<ul style=\"line-height:1.75\" class=\"wp-block-list is-style-checkmark-list\">\n<li>Einbruchhemmende, Bleiverglasung und andere Glasarten<\/li>\n\n\n\n<li>Einbruchhemmende Beschl\u00e4ge<\/li>\n\n\n\n<li>Dekorative Holzelemente (z.\u202fB. profilierte Glasleisten, K\u00e4mpfer)<\/li>\n\n\n\n<li>Sprossen: aufgesetzte Holzsprossen, Glasleisten, innenliegende Sprossen<\/li>\n<\/ul>\n<\/div>\n\n\n\n<div class=\"wp-block-column is-vertically-aligned-center is-layout-flow wp-block-column-is-layout-flow\" style=\"flex-basis:50%\">\n<figure class=\"wp-block-image size-full is-style-rounded is-style-rounded--4\"><img loading=\"lazy\" decoding=\"async\" width=\"1000\" height=\"750\" src=\"http:\/\/sobanski.pl\/wp-content\/uploads\/2025\/02\/P1000482.jpg\" alt=\"\" class=\"wp-image-152\" style=\"aspect-ratio:4\/3;object-fit:cover\" srcset=\"https:\/\/sobanski.pl\/wp-content\/uploads\/2025\/02\/P1000482.jpg 1000w, https:\/\/sobanski.pl\/wp-content\/uploads\/2025\/02\/P1000482-300x225.jpg 300w, https:\/\/sobanski.pl\/wp-content\/uploads\/2025\/02\/P1000482-768x576.jpg 768w\" sizes=\"auto, (max-width: 1000px) 100vw, 1000px\" \/><\/figure>\n<\/div>\n<\/div>\n\n\n\n<div class=\"wp-block-group has-global-padding is-layout-constrained wp-block-group-is-layout-constrained\">\n<div style=\"height:25px\" aria-hidden=\"true\" class=\"wp-block-spacer\"><\/div>\n\n\n\n<hr class=\"wp-block-separator aligncenter has-text-color has-base-2-color has-alpha-channel-opacity has-base-2-background-color has-background is-style-wide\"\/>\n\n\n\n<div style=\"height:25px\" aria-hidden=\"true\" class=\"wp-block-spacer\"><\/div>\n<\/div>\n\n\n\n<p class=\"has-text-align-center has-body-font-family has-x-large-font-size\"><strong>Neu!!<\/strong> Ein Retro-Profil f\u00fcr denkmalgesch\u00fctzte Geb\u00e4ude, das die dekorativen Au\u00dfenelemente originalgetreu widerspiegelt und mit einer Holz-Wasserschenkel am Fl\u00fcgel ausgestattet ist.<\/p>\n<\/div>\n<\/div>\n","protected":false},"excerpt":{"rendered":"<p>Hochwertige Holzfenster Unsere Holzfenster und -t\u00fcren zeichnen sich durch Qualit\u00e4t, Langlebigkeit und zeitlose Sch\u00f6nheit aus. Sie sind zudem umweltfreundlich \u2013 sie sch\u00fctzen Ihre Gesundheit, die Ihrer Familie und unserer Umwelt. Au\u00dferdem verf\u00fcgen sie \u00fcber hervorragende Mikrobel\u00fcftungseigenschaften. Dank dieser Merkmale haben uns bereits viele Privatkunden, Unternehmen und Architekten im In- und Ausland ihr Vertrauen geschenkt! Wir [&hellip;]<\/p>\n","protected":false},"author":1,"featured_media":0,"parent":0,"menu_order":0,"comment_status":"closed","ping_status":"closed","template":"wp-custom-template-de","meta":{"_eb_attr":"","footnotes":""},"class_list":["post-811","page","type-page","status-publish","hentry"],"_links":{"self":[{"href":"https:\/\/sobanski.pl\/index.php\/wp-json\/wp\/v2\/pages\/811","targetHints":{"allow":["GET"]}}],"collection":[{"href":"https:\/\/sobanski.pl\/index.php\/wp-json\/wp\/v2\/pages"}],"about":[{"href":"https:\/\/sobanski.pl\/index.php\/wp-json\/wp\/v2\/types\/page"}],"author":[{"embeddable":true,"href":"https:\/\/sobanski.pl\/index.php\/wp-json\/wp\/v2\/users\/1"}],"replies":[{"embeddable":true,"href":"https:\/\/sobanski.pl\/index.php\/wp-json\/wp\/v2\/comments?post=811"}],"version-history":[{"count":5,"href":"https:\/\/sobanski.pl\/index.php\/wp-json\/wp\/v2\/pages\/811\/revisions"}],"predecessor-version":[{"id":1469,"href":"https:\/\/sobanski.pl\/index.php\/wp-json\/wp\/v2\/pages\/811\/revisions\/1469"}],"wp:attachment":[{"href":"https:\/\/sobanski.pl\/index.php\/wp-json\/wp\/v2\/media?parent=811"}],"curies":[{"name":"wp","href":"https:\/\/api.w.org\/{rel}","templated":true}]}}