{"id":787,"date":"2025-04-20T19:05:17","date_gmt":"2025-04-20T19:05:17","guid":{"rendered":"http:\/\/sobanski.pl\/?page_id=787"},"modified":"2025-04-20T19:18:12","modified_gmt":"2025-04-20T19:18:12","slug":"griffe-beschlage-abdeckkappen","status":"publish","type":"page","link":"https:\/\/sobanski.pl\/index.php\/de\/griffe-beschlage-abdeckkappen\/","title":{"rendered":"Klamki \u2013 Okucia \u2013 Os\u0142onki DE"},"content":{"rendered":"\n<div class=\"wp-block-group alignwide has-global-padding is-layout-constrained wp-block-group-is-layout-constrained\">\n<h2 class=\"wp-block-heading\" style=\"padding-top:var(--wp--preset--spacing--30);padding-bottom:var(--wp--preset--spacing--30)\">Griffe \u2013 Beschl\u00e4ge \u2013 Abdeckkappen<\/h2>\n\n\n\n<div class=\"wp-block-columns alignwide is-layout-flex wp-container-core-columns-is-layout-28f84493 wp-block-columns-is-layout-flex\">\n<div class=\"wp-block-column is-layout-flow wp-block-column-is-layout-flow\" style=\"flex-basis:100%\">\n<div class=\"wp-block-group is-layout-flow wp-block-group-is-layout-flow\">\n<p>Beschl\u00e4ge (Scharniere, Verschl\u00fcsse, Schlie\u00dfbleche) geh\u00f6ren zu den wichtigsten Komponenten eines modernen Holzfensters, obwohl die meisten Teile unsichtbar verbaut sind. Die einwandfreie Funktion der Fensterbeschl\u00e4ge beeinflusst nicht nur die einfache Handhabung, sondern auch die Sicherheit des Nutzers. In den von uns hergestellten Fenstern und Balkont\u00fcren montieren wir umlaufende NT E5 Beschl\u00e4ge der renommierten Marke ROTO. Die Auswahl der Beschl\u00e4ge erfolgt computergest\u00fctzt und richtet sich nach: Fenstergr\u00f6\u00dfe, Aufteilung, Form, Funktion sowie individuellen Anforderungen des Kunden. Eine fachgerechte Auswahl der Beschl\u00e4ge erf\u00fcllt selbst h\u00f6chste Erwartungen und garantiert eine langfristige, einwandfreie Funktion.<\/p>\n<\/div>\n<\/div>\n<\/div>\n\n\n\n<div class=\"wp-block-columns alignwide is-layout-flex wp-container-core-columns-is-layout-28f84493 wp-block-columns-is-layout-flex\">\n<div class=\"wp-block-column is-layout-flow wp-block-column-is-layout-flow\">\n<p><strong>Unsere Holzfenster sind standardm\u00e4\u00dfig ausgestattet mit:<\/strong><\/p>\n\n\n\n<ul class=\"wp-block-list is-style-checkmark-list\">\n<li>Mikrobel\u00fcftung<\/li>\n\n\n\n<li>Fehlbediensperre mit Fl\u00fcgelheber<\/li>\n\n\n\n<li>Verstellbare Pilzzapfen<\/li>\n\n\n\n<li>Zus\u00e4tzlicher \u00d6ffnungsbegrenzer f\u00fcr breite Fl\u00fcgel<\/li>\n\n\n\n<li>Zwei einbruchhemmende Schlie\u00dfst\u00fccke und Ecklager<\/li>\n\n\n\n<li>Verriegelung bei Doppelfl\u00fcgelfenstern mit Stulp<\/li>\n\n\n\n<li>Verstellbare B\u00e4nder mit Tragkraft bis 130 kg<\/li>\n\n\n\n<li>Zwei-Stufen-\u00d6ffnungsbegrenzer (bei Dreh-Kipp-Fenstern) mit Fl\u00fcgelstabilisator<\/li>\n\n\n\n<li>Abdeckkappen f\u00fcr Scharniere in 9 Farben<\/li>\n\n\n\n<li>Original ROTO-Fenstergriff in 9 Farben<\/li>\n<\/ul>\n\n\n\n<div class=\"wp-block-group alignfull has-global-padding is-layout-constrained wp-container-core-group-is-layout-57893dc4 wp-block-group-is-layout-constrained\" style=\"margin-top:0;margin-bottom:0;padding-top:var(--wp--preset--spacing--10);padding-right:var(--wp--preset--spacing--10);padding-bottom:var(--wp--preset--spacing--10);padding-left:var(--wp--preset--spacing--10)\">\n<div class=\"wp-block-columns alignwide is-layout-flex wp-container-core-columns-is-layout-ff4b9c61 wp-block-columns-is-layout-flex\" style=\"margin-top:0;margin-bottom:0\">\n<div class=\"wp-block-column is-layout-flow wp-container-core-column-is-layout-8a368f38 wp-block-column-is-layout-flow\">\n<div style=\"height:var(--wp--preset--spacing--30)\" aria-hidden=\"true\" class=\"wp-block-spacer\"><\/div>\n\n\n\n<figure data-wp-context=\"{&quot;imageId&quot;:&quot;69e67f1aae17a&quot;}\" data-wp-interactive=\"core\/image\" class=\"wp-block-image size-full wp-lightbox-container\"><img loading=\"lazy\" decoding=\"async\" width=\"451\" height=\"570\" data-wp-class--hide=\"state.isContentHidden\" data-wp-class--show=\"state.isContentVisible\" data-wp-init=\"callbacks.setButtonStyles\" data-wp-on-async--click=\"actions.showLightbox\" data-wp-on-async--load=\"callbacks.setButtonStyles\" data-wp-on-async-window--resize=\"callbacks.setButtonStyles\" src=\"http:\/\/sobanski.pl\/wp-content\/uploads\/2025\/02\/image-22.png\" alt=\"\" class=\"wp-image-237\" srcset=\"https:\/\/sobanski.pl\/wp-content\/uploads\/2025\/02\/image-22.png 451w, https:\/\/sobanski.pl\/wp-content\/uploads\/2025\/02\/image-22-237x300.png 237w\" sizes=\"auto, (max-width: 451px) 100vw, 451px\" \/><button\n\t\t\tclass=\"lightbox-trigger\"\n\t\t\ttype=\"button\"\n\t\t\taria-haspopup=\"dialog\"\n\t\t\taria-label=\"Powi\u0119ksz\"\n\t\t\tdata-wp-init=\"callbacks.initTriggerButton\"\n\t\t\tdata-wp-on-async--click=\"actions.showLightbox\"\n\t\t\tdata-wp-style--right=\"state.imageButtonRight\"\n\t\t\tdata-wp-style--top=\"state.imageButtonTop\"\n\t\t>\n\t\t\t<svg xmlns=\"http:\/\/www.w3.org\/2000\/svg\" width=\"12\" height=\"12\" fill=\"none\" viewBox=\"0 0 12 12\">\n\t\t\t\t<path fill=\"#fff\" d=\"M2 0a2 2 0 0 0-2 2v2h1.5V2a.5.5 0 0 1 .5-.5h2V0H2Zm2 10.5H2a.5.5 0 0 1-.5-.5V8H0v2a2 2 0 0 0 2 2h2v-1.5ZM8 12v-1.5h2a.5.5 0 0 0 .5-.5V8H12v2a2 2 0 0 1-2 2H8Zm2-12a2 2 0 0 1 2 2v2h-1.5V2a.5.5 0 0 0-.5-.5H8V0h2Z\" \/>\n\t\t\t<\/svg>\n\t\t<\/button><\/figure>\n\n\n\n<div style=\"height:var(--wp--preset--spacing--30)\" aria-hidden=\"true\" class=\"wp-block-spacer\"><\/div>\n\n\n\n<figure data-wp-context=\"{&quot;imageId&quot;:&quot;69e67f1aae6fc&quot;}\" data-wp-interactive=\"core\/image\" class=\"wp-block-image size-full wp-lightbox-container\"><img loading=\"lazy\" decoding=\"async\" width=\"451\" height=\"570\" data-wp-class--hide=\"state.isContentHidden\" data-wp-class--show=\"state.isContentVisible\" data-wp-init=\"callbacks.setButtonStyles\" data-wp-on-async--click=\"actions.showLightbox\" data-wp-on-async--load=\"callbacks.setButtonStyles\" data-wp-on-async-window--resize=\"callbacks.setButtonStyles\" src=\"http:\/\/sobanski.pl\/wp-content\/uploads\/2025\/02\/image-25.png\" alt=\"\" class=\"wp-image-244\" srcset=\"https:\/\/sobanski.pl\/wp-content\/uploads\/2025\/02\/image-25.png 451w, https:\/\/sobanski.pl\/wp-content\/uploads\/2025\/02\/image-25-237x300.png 237w\" sizes=\"auto, (max-width: 451px) 100vw, 451px\" \/><button\n\t\t\tclass=\"lightbox-trigger\"\n\t\t\ttype=\"button\"\n\t\t\taria-haspopup=\"dialog\"\n\t\t\taria-label=\"Powi\u0119ksz\"\n\t\t\tdata-wp-init=\"callbacks.initTriggerButton\"\n\t\t\tdata-wp-on-async--click=\"actions.showLightbox\"\n\t\t\tdata-wp-style--right=\"state.imageButtonRight\"\n\t\t\tdata-wp-style--top=\"state.imageButtonTop\"\n\t\t>\n\t\t\t<svg xmlns=\"http:\/\/www.w3.org\/2000\/svg\" width=\"12\" height=\"12\" fill=\"none\" viewBox=\"0 0 12 12\">\n\t\t\t\t<path fill=\"#fff\" d=\"M2 0a2 2 0 0 0-2 2v2h1.5V2a.5.5 0 0 1 .5-.5h2V0H2Zm2 10.5H2a.5.5 0 0 1-.5-.5V8H0v2a2 2 0 0 0 2 2h2v-1.5ZM8 12v-1.5h2a.5.5 0 0 0 .5-.5V8H12v2a2 2 0 0 1-2 2H8Zm2-12a2 2 0 0 1 2 2v2h-1.5V2a.5.5 0 0 0-.5-.5H8V0h2Z\" \/>\n\t\t\t<\/svg>\n\t\t<\/button><\/figure>\n<\/div>\n\n\n\n<div class=\"wp-block-column is-layout-flow wp-container-core-column-is-layout-8a368f38 wp-block-column-is-layout-flow\">\n<figure data-wp-context=\"{&quot;imageId&quot;:&quot;69e67f1aaecca&quot;}\" data-wp-interactive=\"core\/image\" class=\"wp-block-image size-full wp-lightbox-container\"><img loading=\"lazy\" decoding=\"async\" width=\"451\" height=\"570\" data-wp-class--hide=\"state.isContentHidden\" data-wp-class--show=\"state.isContentVisible\" data-wp-init=\"callbacks.setButtonStyles\" data-wp-on-async--click=\"actions.showLightbox\" data-wp-on-async--load=\"callbacks.setButtonStyles\" data-wp-on-async-window--resize=\"callbacks.setButtonStyles\" src=\"http:\/\/sobanski.pl\/wp-content\/uploads\/2025\/02\/image-28.png\" alt=\"\" class=\"wp-image-247\" srcset=\"https:\/\/sobanski.pl\/wp-content\/uploads\/2025\/02\/image-28.png 451w, https:\/\/sobanski.pl\/wp-content\/uploads\/2025\/02\/image-28-237x300.png 237w\" sizes=\"auto, (max-width: 451px) 100vw, 451px\" \/><button\n\t\t\tclass=\"lightbox-trigger\"\n\t\t\ttype=\"button\"\n\t\t\taria-haspopup=\"dialog\"\n\t\t\taria-label=\"Powi\u0119ksz\"\n\t\t\tdata-wp-init=\"callbacks.initTriggerButton\"\n\t\t\tdata-wp-on-async--click=\"actions.showLightbox\"\n\t\t\tdata-wp-style--right=\"state.imageButtonRight\"\n\t\t\tdata-wp-style--top=\"state.imageButtonTop\"\n\t\t>\n\t\t\t<svg xmlns=\"http:\/\/www.w3.org\/2000\/svg\" width=\"12\" height=\"12\" fill=\"none\" viewBox=\"0 0 12 12\">\n\t\t\t\t<path fill=\"#fff\" d=\"M2 0a2 2 0 0 0-2 2v2h1.5V2a.5.5 0 0 1 .5-.5h2V0H2Zm2 10.5H2a.5.5 0 0 1-.5-.5V8H0v2a2 2 0 0 0 2 2h2v-1.5ZM8 12v-1.5h2a.5.5 0 0 0 .5-.5V8H12v2a2 2 0 0 1-2 2H8Zm2-12a2 2 0 0 1 2 2v2h-1.5V2a.5.5 0 0 0-.5-.5H8V0h2Z\" \/>\n\t\t\t<\/svg>\n\t\t<\/button><\/figure>\n\n\n\n<div style=\"height:var(--wp--preset--spacing--30)\" aria-hidden=\"true\" class=\"wp-block-spacer\"><\/div>\n\n\n\n<figure data-wp-context=\"{&quot;imageId&quot;:&quot;69e67f1aaf16f&quot;}\" data-wp-interactive=\"core\/image\" class=\"wp-block-image size-full wp-lightbox-container\"><img loading=\"lazy\" decoding=\"async\" width=\"451\" height=\"570\" data-wp-class--hide=\"state.isContentHidden\" data-wp-class--show=\"state.isContentVisible\" data-wp-init=\"callbacks.setButtonStyles\" data-wp-on-async--click=\"actions.showLightbox\" data-wp-on-async--load=\"callbacks.setButtonStyles\" data-wp-on-async-window--resize=\"callbacks.setButtonStyles\" src=\"http:\/\/sobanski.pl\/wp-content\/uploads\/2025\/02\/image-23.png\" alt=\"\" class=\"wp-image-241\" srcset=\"https:\/\/sobanski.pl\/wp-content\/uploads\/2025\/02\/image-23.png 451w, https:\/\/sobanski.pl\/wp-content\/uploads\/2025\/02\/image-23-237x300.png 237w\" sizes=\"auto, (max-width: 451px) 100vw, 451px\" \/><button\n\t\t\tclass=\"lightbox-trigger\"\n\t\t\ttype=\"button\"\n\t\t\taria-haspopup=\"dialog\"\n\t\t\taria-label=\"Powi\u0119ksz\"\n\t\t\tdata-wp-init=\"callbacks.initTriggerButton\"\n\t\t\tdata-wp-on-async--click=\"actions.showLightbox\"\n\t\t\tdata-wp-style--right=\"state.imageButtonRight\"\n\t\t\tdata-wp-style--top=\"state.imageButtonTop\"\n\t\t>\n\t\t\t<svg xmlns=\"http:\/\/www.w3.org\/2000\/svg\" width=\"12\" height=\"12\" fill=\"none\" viewBox=\"0 0 12 12\">\n\t\t\t\t<path fill=\"#fff\" d=\"M2 0a2 2 0 0 0-2 2v2h1.5V2a.5.5 0 0 1 .5-.5h2V0H2Zm2 10.5H2a.5.5 0 0 1-.5-.5V8H0v2a2 2 0 0 0 2 2h2v-1.5ZM8 12v-1.5h2a.5.5 0 0 0 .5-.5V8H12v2a2 2 0 0 1-2 2H8Zm2-12a2 2 0 0 1 2 2v2h-1.5V2a.5.5 0 0 0-.5-.5H8V0h2Z\" \/>\n\t\t\t<\/svg>\n\t\t<\/button><\/figure>\n\n\n\n<div style=\"height:var(--wp--preset--spacing--30)\" aria-hidden=\"true\" class=\"wp-block-spacer\"><\/div>\n\n\n\n<figure data-wp-context=\"{&quot;imageId&quot;:&quot;69e67f1aaf624&quot;}\" data-wp-interactive=\"core\/image\" class=\"wp-block-image size-full wp-lightbox-container\"><img loading=\"lazy\" decoding=\"async\" width=\"451\" height=\"570\" data-wp-class--hide=\"state.isContentHidden\" data-wp-class--show=\"state.isContentVisible\" data-wp-init=\"callbacks.setButtonStyles\" data-wp-on-async--click=\"actions.showLightbox\" data-wp-on-async--load=\"callbacks.setButtonStyles\" data-wp-on-async-window--resize=\"callbacks.setButtonStyles\" src=\"http:\/\/sobanski.pl\/wp-content\/uploads\/2025\/02\/image-26.png\" alt=\"\" class=\"wp-image-245\" srcset=\"https:\/\/sobanski.pl\/wp-content\/uploads\/2025\/02\/image-26.png 451w, https:\/\/sobanski.pl\/wp-content\/uploads\/2025\/02\/image-26-237x300.png 237w\" sizes=\"auto, (max-width: 451px) 100vw, 451px\" \/><button\n\t\t\tclass=\"lightbox-trigger\"\n\t\t\ttype=\"button\"\n\t\t\taria-haspopup=\"dialog\"\n\t\t\taria-label=\"Powi\u0119ksz\"\n\t\t\tdata-wp-init=\"callbacks.initTriggerButton\"\n\t\t\tdata-wp-on-async--click=\"actions.showLightbox\"\n\t\t\tdata-wp-style--right=\"state.imageButtonRight\"\n\t\t\tdata-wp-style--top=\"state.imageButtonTop\"\n\t\t>\n\t\t\t<svg xmlns=\"http:\/\/www.w3.org\/2000\/svg\" width=\"12\" height=\"12\" fill=\"none\" viewBox=\"0 0 12 12\">\n\t\t\t\t<path fill=\"#fff\" d=\"M2 0a2 2 0 0 0-2 2v2h1.5V2a.5.5 0 0 1 .5-.5h2V0H2Zm2 10.5H2a.5.5 0 0 1-.5-.5V8H0v2a2 2 0 0 0 2 2h2v-1.5ZM8 12v-1.5h2a.5.5 0 0 0 .5-.5V8H12v2a2 2 0 0 1-2 2H8Zm2-12a2 2 0 0 1 2 2v2h-1.5V2a.5.5 0 0 0-.5-.5H8V0h2Z\" \/>\n\t\t\t<\/svg>\n\t\t<\/button><\/figure>\n<\/div>\n\n\n\n<div class=\"wp-block-column is-layout-flow wp-container-core-column-is-layout-8a368f38 wp-block-column-is-layout-flow\">\n<div style=\"height:var(--wp--preset--spacing--30)\" aria-hidden=\"true\" class=\"wp-block-spacer\"><\/div>\n\n\n\n<figure data-wp-context=\"{&quot;imageId&quot;:&quot;69e67f1aafbee&quot;}\" data-wp-interactive=\"core\/image\" class=\"wp-block-image size-full wp-lightbox-container\"><img loading=\"lazy\" decoding=\"async\" width=\"451\" height=\"570\" data-wp-class--hide=\"state.isContentHidden\" data-wp-class--show=\"state.isContentVisible\" data-wp-init=\"callbacks.setButtonStyles\" data-wp-on-async--click=\"actions.showLightbox\" data-wp-on-async--load=\"callbacks.setButtonStyles\" data-wp-on-async-window--resize=\"callbacks.setButtonStyles\" src=\"http:\/\/sobanski.pl\/wp-content\/uploads\/2025\/02\/image-24.png\" alt=\"\" class=\"wp-image-243\" srcset=\"https:\/\/sobanski.pl\/wp-content\/uploads\/2025\/02\/image-24.png 451w, https:\/\/sobanski.pl\/wp-content\/uploads\/2025\/02\/image-24-237x300.png 237w\" sizes=\"auto, (max-width: 451px) 100vw, 451px\" \/><button\n\t\t\tclass=\"lightbox-trigger\"\n\t\t\ttype=\"button\"\n\t\t\taria-haspopup=\"dialog\"\n\t\t\taria-label=\"Powi\u0119ksz\"\n\t\t\tdata-wp-init=\"callbacks.initTriggerButton\"\n\t\t\tdata-wp-on-async--click=\"actions.showLightbox\"\n\t\t\tdata-wp-style--right=\"state.imageButtonRight\"\n\t\t\tdata-wp-style--top=\"state.imageButtonTop\"\n\t\t>\n\t\t\t<svg xmlns=\"http:\/\/www.w3.org\/2000\/svg\" width=\"12\" height=\"12\" fill=\"none\" viewBox=\"0 0 12 12\">\n\t\t\t\t<path fill=\"#fff\" d=\"M2 0a2 2 0 0 0-2 2v2h1.5V2a.5.5 0 0 1 .5-.5h2V0H2Zm2 10.5H2a.5.5 0 0 1-.5-.5V8H0v2a2 2 0 0 0 2 2h2v-1.5ZM8 12v-1.5h2a.5.5 0 0 0 .5-.5V8H12v2a2 2 0 0 1-2 2H8Zm2-12a2 2 0 0 1 2 2v2h-1.5V2a.5.5 0 0 0-.5-.5H8V0h2Z\" \/>\n\t\t\t<\/svg>\n\t\t<\/button><\/figure>\n\n\n\n<div style=\"height:var(--wp--preset--spacing--30)\" aria-hidden=\"true\" class=\"wp-block-spacer\"><\/div>\n\n\n\n<figure data-wp-context=\"{&quot;imageId&quot;:&quot;69e67f1ab0072&quot;}\" data-wp-interactive=\"core\/image\" class=\"wp-block-image size-full wp-lightbox-container\"><img loading=\"lazy\" decoding=\"async\" width=\"451\" height=\"570\" data-wp-class--hide=\"state.isContentHidden\" data-wp-class--show=\"state.isContentVisible\" data-wp-init=\"callbacks.setButtonStyles\" data-wp-on-async--click=\"actions.showLightbox\" data-wp-on-async--load=\"callbacks.setButtonStyles\" data-wp-on-async-window--resize=\"callbacks.setButtonStyles\" src=\"http:\/\/sobanski.pl\/wp-content\/uploads\/2025\/02\/image-27.png\" alt=\"\" class=\"wp-image-246\" srcset=\"https:\/\/sobanski.pl\/wp-content\/uploads\/2025\/02\/image-27.png 451w, https:\/\/sobanski.pl\/wp-content\/uploads\/2025\/02\/image-27-237x300.png 237w\" sizes=\"auto, (max-width: 451px) 100vw, 451px\" \/><button\n\t\t\tclass=\"lightbox-trigger\"\n\t\t\ttype=\"button\"\n\t\t\taria-haspopup=\"dialog\"\n\t\t\taria-label=\"Powi\u0119ksz\"\n\t\t\tdata-wp-init=\"callbacks.initTriggerButton\"\n\t\t\tdata-wp-on-async--click=\"actions.showLightbox\"\n\t\t\tdata-wp-style--right=\"state.imageButtonRight\"\n\t\t\tdata-wp-style--top=\"state.imageButtonTop\"\n\t\t>\n\t\t\t<svg xmlns=\"http:\/\/www.w3.org\/2000\/svg\" width=\"12\" height=\"12\" fill=\"none\" viewBox=\"0 0 12 12\">\n\t\t\t\t<path fill=\"#fff\" d=\"M2 0a2 2 0 0 0-2 2v2h1.5V2a.5.5 0 0 1 .5-.5h2V0H2Zm2 10.5H2a.5.5 0 0 1-.5-.5V8H0v2a2 2 0 0 0 2 2h2v-1.5ZM8 12v-1.5h2a.5.5 0 0 0 .5-.5V8H12v2a2 2 0 0 1-2 2H8Zm2-12a2 2 0 0 1 2 2v2h-1.5V2a.5.5 0 0 0-.5-.5H8V0h2Z\" \/>\n\t\t\t<\/svg>\n\t\t<\/button><\/figure>\n<\/div>\n<\/div>\n<\/div>\n<\/div>\n\n\n\n<div class=\"wp-block-column is-layout-flow wp-block-column-is-layout-flow\">\n<figure data-wp-context=\"{&quot;imageId&quot;:&quot;69e67f1ab0955&quot;}\" data-wp-interactive=\"core\/image\" class=\"wp-block-image size-full wp-lightbox-container\"><img loading=\"lazy\" decoding=\"async\" width=\"800\" height=\"362\" data-wp-class--hide=\"state.isContentHidden\" data-wp-class--show=\"state.isContentVisible\" data-wp-init=\"callbacks.setButtonStyles\" data-wp-on-async--click=\"actions.showLightbox\" data-wp-on-async--load=\"callbacks.setButtonStyles\" data-wp-on-async-window--resize=\"callbacks.setButtonStyles\" src=\"http:\/\/sobanski.pl\/wp-content\/uploads\/2025\/02\/image-21.png\" alt=\"\" class=\"wp-image-236\" srcset=\"https:\/\/sobanski.pl\/wp-content\/uploads\/2025\/02\/image-21.png 800w, https:\/\/sobanski.pl\/wp-content\/uploads\/2025\/02\/image-21-300x136.png 300w, https:\/\/sobanski.pl\/wp-content\/uploads\/2025\/02\/image-21-768x348.png 768w\" sizes=\"auto, (max-width: 800px) 100vw, 800px\" \/><button\n\t\t\tclass=\"lightbox-trigger\"\n\t\t\ttype=\"button\"\n\t\t\taria-haspopup=\"dialog\"\n\t\t\taria-label=\"Powi\u0119ksz\"\n\t\t\tdata-wp-init=\"callbacks.initTriggerButton\"\n\t\t\tdata-wp-on-async--click=\"actions.showLightbox\"\n\t\t\tdata-wp-style--right=\"state.imageButtonRight\"\n\t\t\tdata-wp-style--top=\"state.imageButtonTop\"\n\t\t>\n\t\t\t<svg xmlns=\"http:\/\/www.w3.org\/2000\/svg\" width=\"12\" height=\"12\" fill=\"none\" viewBox=\"0 0 12 12\">\n\t\t\t\t<path fill=\"#fff\" d=\"M2 0a2 2 0 0 0-2 2v2h1.5V2a.5.5 0 0 1 .5-.5h2V0H2Zm2 10.5H2a.5.5 0 0 1-.5-.5V8H0v2a2 2 0 0 0 2 2h2v-1.5ZM8 12v-1.5h2a.5.5 0 0 0 .5-.5V8H12v2a2 2 0 0 1-2 2H8Zm2-12a2 2 0 0 1 2 2v2h-1.5V2a.5.5 0 0 0-.5-.5H8V0h2Z\" \/>\n\t\t\t<\/svg>\n\t\t<\/button><\/figure>\n\n\n\n<p>Auf Wunsch des Kunden k\u00f6nnen unsere Holzfenster ausgestattet werden mit:<\/p>\n\n\n\n<ul class=\"wp-block-list is-style-checkmark-list\">\n<li>Einbruchhemmende Beschl\u00e4ge WK1, WK2, WK3<\/li>\n\n\n\n<li>ROTO-Fenstergriffe mit Druckknopf, Schl\u00fcssel oder SECUSTIC-Funktion<\/li>\n\n\n\n<li>Einbau von Reedkontakten zur Anbindung an eine \u00dcberwachungszentrale<\/li>\n\n\n\n<li>Sensoren, die mit der Heizung kommunizieren \u2013 beim Kippen des Fensters wird der darunterliegende Heizk\u00f6rper ausgeschaltet<\/li>\n\n\n\n<li>Mehrstufige Kippstellung des Fl\u00fcgels<\/li>\n\n\n\n<li>Verriegelung f\u00fcr Doppelfl\u00fcgelfenster mit Stulp (empfohlen f\u00fcr hohe Holzfenster)<\/li>\n\n\n\n<li>Verdeckt liegende B\u00e4nder DESIGNO \u2013 komplett im Falz des Fl\u00fcgels und Rahmens verborgen<\/li>\n\n\n\n<li>KOMFORT-Beschl\u00e4ge \u2013 Griffposition auf dem unteren Fl\u00fcgelrahmen<\/li>\n\n\n\n<li>TILT FIRST-Beschl\u00e4ge \u2013 Kippen vor Drehen, optimale Kindersicherung<\/li>\n\n\n\n<li>Fl\u00fcgelbremse \u2013 Fixierung des ge\u00f6ffneten Fl\u00fcgels in jeder Position<\/li>\n\n\n\n<li>Abschlie\u00dfbare Mehrfachverriegelung mit beidseitigem Griff \u2013 f\u00fcr Balkont\u00fcren<\/li>\n\n\n\n<li>Balkont\u00fcrschn\u00e4pper<\/li>\n\n\n\n<li>Beidseitiger Griff f\u00fcr Balkont\u00fcren<\/li>\n<\/ul>\n<\/div>\n<\/div>\n<\/div>\n","protected":false},"excerpt":{"rendered":"<p>Griffe \u2013 Beschl\u00e4ge \u2013 Abdeckkappen Beschl\u00e4ge (Scharniere, Verschl\u00fcsse, Schlie\u00dfbleche) geh\u00f6ren zu den wichtigsten Komponenten eines modernen Holzfensters, obwohl die meisten Teile unsichtbar verbaut sind. Die einwandfreie Funktion der Fensterbeschl\u00e4ge beeinflusst nicht nur die einfache Handhabung, sondern auch die Sicherheit des Nutzers. In den von uns hergestellten Fenstern und Balkont\u00fcren montieren wir umlaufende NT E5 Beschl\u00e4ge [&hellip;]<\/p>\n","protected":false},"author":1,"featured_media":0,"parent":0,"menu_order":0,"comment_status":"closed","ping_status":"closed","template":"wp-custom-template-de","meta":{"_eb_attr":"","footnotes":""},"class_list":["post-787","page","type-page","status-publish","hentry"],"_links":{"self":[{"href":"https:\/\/sobanski.pl\/index.php\/wp-json\/wp\/v2\/pages\/787","targetHints":{"allow":["GET"]}}],"collection":[{"href":"https:\/\/sobanski.pl\/index.php\/wp-json\/wp\/v2\/pages"}],"about":[{"href":"https:\/\/sobanski.pl\/index.php\/wp-json\/wp\/v2\/types\/page"}],"author":[{"embeddable":true,"href":"https:\/\/sobanski.pl\/index.php\/wp-json\/wp\/v2\/users\/1"}],"replies":[{"embeddable":true,"href":"https:\/\/sobanski.pl\/index.php\/wp-json\/wp\/v2\/comments?post=787"}],"version-history":[{"count":2,"href":"https:\/\/sobanski.pl\/index.php\/wp-json\/wp\/v2\/pages\/787\/revisions"}],"predecessor-version":[{"id":805,"href":"https:\/\/sobanski.pl\/index.php\/wp-json\/wp\/v2\/pages\/787\/revisions\/805"}],"wp:attachment":[{"href":"https:\/\/sobanski.pl\/index.php\/wp-json\/wp\/v2\/media?parent=787"}],"curies":[{"name":"wp","href":"https:\/\/api.w.org\/{rel}","templated":true}]}}