{"id":235,"date":"2025-02-23T14:06:51","date_gmt":"2025-02-23T14:06:51","guid":{"rendered":"http:\/\/sobanski.pl\/?page_id=235"},"modified":"2025-04-20T19:17:50","modified_gmt":"2025-04-20T19:17:50","slug":"klamki-okucia-oslonki","status":"publish","type":"page","link":"https:\/\/sobanski.pl\/index.php\/klamki-okucia-oslonki\/","title":{"rendered":"Klamki &#8211; Okucia &#8211; Os\u0142onki PL"},"content":{"rendered":"\n<div class=\"wp-block-group alignwide has-global-padding is-layout-constrained wp-block-group-is-layout-constrained\">\n<h2 class=\"wp-block-heading\" style=\"padding-top:var(--wp--preset--spacing--30);padding-bottom:var(--wp--preset--spacing--30)\">Klamki &#8211; Okucia &#8211; Os\u0142onki<\/h2>\n\n\n\n<div class=\"wp-block-columns alignwide is-layout-flex wp-container-core-columns-is-layout-28f84493 wp-block-columns-is-layout-flex\">\n<div class=\"wp-block-column is-layout-flow wp-block-column-is-layout-flow\" style=\"flex-basis:100%\">\n<div class=\"wp-block-group is-layout-flow wp-block-group-is-layout-flow\">\n<p>Okucia (zawiasy, zamkni\u0119cia, zaczepy) stanowi\u0105 jeden z wa\u017cniejszych element\u00f3w nowoczesnego okna drewnianego mimo, \u017ce wi\u0119kszo\u015bci element\u00f3w nie wida\u0107. W\u0142a\u015bciwe funkcjonowanie oku\u0107 okiennych decyduje nie tylko o \u0142atwo\u015bci obs\u0142ugi okna, ale tak\u017ce o bezpiecze\u0144stwie u\u017cytkownika. W produkowanych przez nasz\u0105 firme oknach i drzwiach balkonowych montujemy okucia obwiedniowe NT E5 renomowanej firmy ROTO. Okucia ka\u017cdorazowo dobierane s\u0105 komputerowo w zale\u017cno\u015bci od: wielko\u015bci okna, jego podzia\u0142u, kszta\u0142tu, funkcji a tak\u017ce wymaga\u0144 stawianych przez u\u017cytkownika \u2013 zamawiaj\u0105cego. W\u0142a\u015bciwy dob\u00f3r oku\u0107 spe\u0142ni nawet najbardziej wyszukane oczekiwania zamawiaj\u0105cego a oknu zapewni prawid\u0142owe funkcjonowanie przez d\u0142ugie lata.<\/p>\n<\/div>\n<\/div>\n<\/div>\n\n\n\n<div class=\"wp-block-columns alignwide is-layout-flex wp-container-core-columns-is-layout-28f84493 wp-block-columns-is-layout-flex\">\n<div class=\"wp-block-column is-layout-flow wp-block-column-is-layout-flow\">\n<p>Standardowo&nbsp;<strong>okna drewniane<\/strong>&nbsp;produkowane przez nasz\u0105 firm\u0119 zawieraj\u0105:<\/p>\n\n\n\n<ul class=\"wp-block-list is-style-checkmark-list\">\n<li>mikrowentylacj\u0119<\/li>\n\n\n\n<li>blokad\u0119 b\u0142\u0119dnego po\u0142o\u017cenia klamki z podno\u015bnikiem skrzyd\u0142a<\/li>\n\n\n\n<li>regulowane trzpienie rygluj\u0105ce<\/li>\n\n\n\n<li>dodatkowa rozw\u00f3rka dla szerokich skrzyde\u0142<\/li>\n\n\n\n<li>dwa zaczepy oraz naro\u017cniki antywywa\u017ceniowe<\/li>\n\n\n\n<li>zamkni\u0119cia ryglowe w oknach dwuskrzyd\u0142owych z ruchomym s\u0142upkiem<\/li>\n\n\n\n<li>regulowane zawiasy o dopuszczalnym obci\u0105\u017ceniu 130 kg<\/li>\n\n\n\n<li>dwupozycyjna rozw\u00f3rka (dla okien rozwierno \u2013 uchylnych) ze stabilizatorem uchy\u0142u<\/li>\n\n\n\n<li>os\u0142onki na zawiasy w jednym z 9 kolor\u00f3w<\/li>\n\n\n\n<li>oryginaln\u0105 klamk\u0119 ROTO w jednym z 9 kolor\u00f3w<\/li>\n<\/ul>\n\n\n\n<div class=\"wp-block-group alignfull has-global-padding is-layout-constrained wp-container-core-group-is-layout-57893dc4 wp-block-group-is-layout-constrained\" style=\"margin-top:0;margin-bottom:0;padding-top:var(--wp--preset--spacing--10);padding-right:var(--wp--preset--spacing--10);padding-bottom:var(--wp--preset--spacing--10);padding-left:var(--wp--preset--spacing--10)\">\n<div class=\"wp-block-columns alignwide is-layout-flex wp-container-core-columns-is-layout-ff4b9c61 wp-block-columns-is-layout-flex\" style=\"margin-top:0;margin-bottom:0\">\n<div class=\"wp-block-column is-layout-flow wp-container-core-column-is-layout-8a368f38 wp-block-column-is-layout-flow\">\n<div style=\"height:var(--wp--preset--spacing--30)\" aria-hidden=\"true\" class=\"wp-block-spacer\"><\/div>\n\n\n\n<figure data-wp-context=\"{&quot;imageId&quot;:&quot;69e67f38525a4&quot;}\" data-wp-interactive=\"core\/image\" class=\"wp-block-image size-full wp-lightbox-container\"><img loading=\"lazy\" decoding=\"async\" width=\"451\" height=\"570\" data-wp-class--hide=\"state.isContentHidden\" data-wp-class--show=\"state.isContentVisible\" data-wp-init=\"callbacks.setButtonStyles\" data-wp-on-async--click=\"actions.showLightbox\" data-wp-on-async--load=\"callbacks.setButtonStyles\" data-wp-on-async-window--resize=\"callbacks.setButtonStyles\" src=\"http:\/\/sobanski.pl\/wp-content\/uploads\/2025\/02\/image-22.png\" alt=\"\" class=\"wp-image-237\" srcset=\"https:\/\/sobanski.pl\/wp-content\/uploads\/2025\/02\/image-22.png 451w, https:\/\/sobanski.pl\/wp-content\/uploads\/2025\/02\/image-22-237x300.png 237w\" sizes=\"auto, (max-width: 451px) 100vw, 451px\" \/><button\n\t\t\tclass=\"lightbox-trigger\"\n\t\t\ttype=\"button\"\n\t\t\taria-haspopup=\"dialog\"\n\t\t\taria-label=\"Powi\u0119ksz\"\n\t\t\tdata-wp-init=\"callbacks.initTriggerButton\"\n\t\t\tdata-wp-on-async--click=\"actions.showLightbox\"\n\t\t\tdata-wp-style--right=\"state.imageButtonRight\"\n\t\t\tdata-wp-style--top=\"state.imageButtonTop\"\n\t\t>\n\t\t\t<svg xmlns=\"http:\/\/www.w3.org\/2000\/svg\" width=\"12\" height=\"12\" fill=\"none\" viewBox=\"0 0 12 12\">\n\t\t\t\t<path fill=\"#fff\" d=\"M2 0a2 2 0 0 0-2 2v2h1.5V2a.5.5 0 0 1 .5-.5h2V0H2Zm2 10.5H2a.5.5 0 0 1-.5-.5V8H0v2a2 2 0 0 0 2 2h2v-1.5ZM8 12v-1.5h2a.5.5 0 0 0 .5-.5V8H12v2a2 2 0 0 1-2 2H8Zm2-12a2 2 0 0 1 2 2v2h-1.5V2a.5.5 0 0 0-.5-.5H8V0h2Z\" \/>\n\t\t\t<\/svg>\n\t\t<\/button><\/figure>\n\n\n\n<div style=\"height:var(--wp--preset--spacing--30)\" aria-hidden=\"true\" class=\"wp-block-spacer\"><\/div>\n\n\n\n<figure data-wp-context=\"{&quot;imageId&quot;:&quot;69e67f3852b0d&quot;}\" data-wp-interactive=\"core\/image\" class=\"wp-block-image size-full wp-lightbox-container\"><img loading=\"lazy\" decoding=\"async\" width=\"451\" height=\"570\" data-wp-class--hide=\"state.isContentHidden\" data-wp-class--show=\"state.isContentVisible\" data-wp-init=\"callbacks.setButtonStyles\" data-wp-on-async--click=\"actions.showLightbox\" data-wp-on-async--load=\"callbacks.setButtonStyles\" data-wp-on-async-window--resize=\"callbacks.setButtonStyles\" src=\"http:\/\/sobanski.pl\/wp-content\/uploads\/2025\/02\/image-25.png\" alt=\"\" class=\"wp-image-244\" srcset=\"https:\/\/sobanski.pl\/wp-content\/uploads\/2025\/02\/image-25.png 451w, https:\/\/sobanski.pl\/wp-content\/uploads\/2025\/02\/image-25-237x300.png 237w\" sizes=\"auto, (max-width: 451px) 100vw, 451px\" \/><button\n\t\t\tclass=\"lightbox-trigger\"\n\t\t\ttype=\"button\"\n\t\t\taria-haspopup=\"dialog\"\n\t\t\taria-label=\"Powi\u0119ksz\"\n\t\t\tdata-wp-init=\"callbacks.initTriggerButton\"\n\t\t\tdata-wp-on-async--click=\"actions.showLightbox\"\n\t\t\tdata-wp-style--right=\"state.imageButtonRight\"\n\t\t\tdata-wp-style--top=\"state.imageButtonTop\"\n\t\t>\n\t\t\t<svg xmlns=\"http:\/\/www.w3.org\/2000\/svg\" width=\"12\" height=\"12\" fill=\"none\" viewBox=\"0 0 12 12\">\n\t\t\t\t<path fill=\"#fff\" d=\"M2 0a2 2 0 0 0-2 2v2h1.5V2a.5.5 0 0 1 .5-.5h2V0H2Zm2 10.5H2a.5.5 0 0 1-.5-.5V8H0v2a2 2 0 0 0 2 2h2v-1.5ZM8 12v-1.5h2a.5.5 0 0 0 .5-.5V8H12v2a2 2 0 0 1-2 2H8Zm2-12a2 2 0 0 1 2 2v2h-1.5V2a.5.5 0 0 0-.5-.5H8V0h2Z\" \/>\n\t\t\t<\/svg>\n\t\t<\/button><\/figure>\n<\/div>\n\n\n\n<div class=\"wp-block-column is-layout-flow wp-container-core-column-is-layout-8a368f38 wp-block-column-is-layout-flow\">\n<figure data-wp-context=\"{&quot;imageId&quot;:&quot;69e67f3853061&quot;}\" data-wp-interactive=\"core\/image\" class=\"wp-block-image size-full wp-lightbox-container\"><img loading=\"lazy\" decoding=\"async\" width=\"451\" height=\"570\" data-wp-class--hide=\"state.isContentHidden\" data-wp-class--show=\"state.isContentVisible\" data-wp-init=\"callbacks.setButtonStyles\" data-wp-on-async--click=\"actions.showLightbox\" data-wp-on-async--load=\"callbacks.setButtonStyles\" data-wp-on-async-window--resize=\"callbacks.setButtonStyles\" src=\"http:\/\/sobanski.pl\/wp-content\/uploads\/2025\/02\/image-28.png\" alt=\"\" class=\"wp-image-247\" srcset=\"https:\/\/sobanski.pl\/wp-content\/uploads\/2025\/02\/image-28.png 451w, https:\/\/sobanski.pl\/wp-content\/uploads\/2025\/02\/image-28-237x300.png 237w\" sizes=\"auto, (max-width: 451px) 100vw, 451px\" \/><button\n\t\t\tclass=\"lightbox-trigger\"\n\t\t\ttype=\"button\"\n\t\t\taria-haspopup=\"dialog\"\n\t\t\taria-label=\"Powi\u0119ksz\"\n\t\t\tdata-wp-init=\"callbacks.initTriggerButton\"\n\t\t\tdata-wp-on-async--click=\"actions.showLightbox\"\n\t\t\tdata-wp-style--right=\"state.imageButtonRight\"\n\t\t\tdata-wp-style--top=\"state.imageButtonTop\"\n\t\t>\n\t\t\t<svg xmlns=\"http:\/\/www.w3.org\/2000\/svg\" width=\"12\" height=\"12\" fill=\"none\" viewBox=\"0 0 12 12\">\n\t\t\t\t<path fill=\"#fff\" d=\"M2 0a2 2 0 0 0-2 2v2h1.5V2a.5.5 0 0 1 .5-.5h2V0H2Zm2 10.5H2a.5.5 0 0 1-.5-.5V8H0v2a2 2 0 0 0 2 2h2v-1.5ZM8 12v-1.5h2a.5.5 0 0 0 .5-.5V8H12v2a2 2 0 0 1-2 2H8Zm2-12a2 2 0 0 1 2 2v2h-1.5V2a.5.5 0 0 0-.5-.5H8V0h2Z\" \/>\n\t\t\t<\/svg>\n\t\t<\/button><\/figure>\n\n\n\n<div style=\"height:var(--wp--preset--spacing--30)\" aria-hidden=\"true\" class=\"wp-block-spacer\"><\/div>\n\n\n\n<figure data-wp-context=\"{&quot;imageId&quot;:&quot;69e67f38534d5&quot;}\" data-wp-interactive=\"core\/image\" class=\"wp-block-image size-full wp-lightbox-container\"><img loading=\"lazy\" decoding=\"async\" width=\"451\" height=\"570\" data-wp-class--hide=\"state.isContentHidden\" data-wp-class--show=\"state.isContentVisible\" data-wp-init=\"callbacks.setButtonStyles\" data-wp-on-async--click=\"actions.showLightbox\" data-wp-on-async--load=\"callbacks.setButtonStyles\" data-wp-on-async-window--resize=\"callbacks.setButtonStyles\" src=\"http:\/\/sobanski.pl\/wp-content\/uploads\/2025\/02\/image-23.png\" alt=\"\" class=\"wp-image-241\" srcset=\"https:\/\/sobanski.pl\/wp-content\/uploads\/2025\/02\/image-23.png 451w, https:\/\/sobanski.pl\/wp-content\/uploads\/2025\/02\/image-23-237x300.png 237w\" sizes=\"auto, (max-width: 451px) 100vw, 451px\" \/><button\n\t\t\tclass=\"lightbox-trigger\"\n\t\t\ttype=\"button\"\n\t\t\taria-haspopup=\"dialog\"\n\t\t\taria-label=\"Powi\u0119ksz\"\n\t\t\tdata-wp-init=\"callbacks.initTriggerButton\"\n\t\t\tdata-wp-on-async--click=\"actions.showLightbox\"\n\t\t\tdata-wp-style--right=\"state.imageButtonRight\"\n\t\t\tdata-wp-style--top=\"state.imageButtonTop\"\n\t\t>\n\t\t\t<svg xmlns=\"http:\/\/www.w3.org\/2000\/svg\" width=\"12\" height=\"12\" fill=\"none\" viewBox=\"0 0 12 12\">\n\t\t\t\t<path fill=\"#fff\" d=\"M2 0a2 2 0 0 0-2 2v2h1.5V2a.5.5 0 0 1 .5-.5h2V0H2Zm2 10.5H2a.5.5 0 0 1-.5-.5V8H0v2a2 2 0 0 0 2 2h2v-1.5ZM8 12v-1.5h2a.5.5 0 0 0 .5-.5V8H12v2a2 2 0 0 1-2 2H8Zm2-12a2 2 0 0 1 2 2v2h-1.5V2a.5.5 0 0 0-.5-.5H8V0h2Z\" \/>\n\t\t\t<\/svg>\n\t\t<\/button><\/figure>\n\n\n\n<div style=\"height:var(--wp--preset--spacing--30)\" aria-hidden=\"true\" class=\"wp-block-spacer\"><\/div>\n\n\n\n<figure data-wp-context=\"{&quot;imageId&quot;:&quot;69e67f3853936&quot;}\" data-wp-interactive=\"core\/image\" class=\"wp-block-image size-full wp-lightbox-container\"><img loading=\"lazy\" decoding=\"async\" width=\"451\" height=\"570\" data-wp-class--hide=\"state.isContentHidden\" data-wp-class--show=\"state.isContentVisible\" data-wp-init=\"callbacks.setButtonStyles\" data-wp-on-async--click=\"actions.showLightbox\" data-wp-on-async--load=\"callbacks.setButtonStyles\" data-wp-on-async-window--resize=\"callbacks.setButtonStyles\" src=\"http:\/\/sobanski.pl\/wp-content\/uploads\/2025\/02\/image-26.png\" alt=\"\" class=\"wp-image-245\" srcset=\"https:\/\/sobanski.pl\/wp-content\/uploads\/2025\/02\/image-26.png 451w, https:\/\/sobanski.pl\/wp-content\/uploads\/2025\/02\/image-26-237x300.png 237w\" sizes=\"auto, (max-width: 451px) 100vw, 451px\" \/><button\n\t\t\tclass=\"lightbox-trigger\"\n\t\t\ttype=\"button\"\n\t\t\taria-haspopup=\"dialog\"\n\t\t\taria-label=\"Powi\u0119ksz\"\n\t\t\tdata-wp-init=\"callbacks.initTriggerButton\"\n\t\t\tdata-wp-on-async--click=\"actions.showLightbox\"\n\t\t\tdata-wp-style--right=\"state.imageButtonRight\"\n\t\t\tdata-wp-style--top=\"state.imageButtonTop\"\n\t\t>\n\t\t\t<svg xmlns=\"http:\/\/www.w3.org\/2000\/svg\" width=\"12\" height=\"12\" fill=\"none\" viewBox=\"0 0 12 12\">\n\t\t\t\t<path fill=\"#fff\" d=\"M2 0a2 2 0 0 0-2 2v2h1.5V2a.5.5 0 0 1 .5-.5h2V0H2Zm2 10.5H2a.5.5 0 0 1-.5-.5V8H0v2a2 2 0 0 0 2 2h2v-1.5ZM8 12v-1.5h2a.5.5 0 0 0 .5-.5V8H12v2a2 2 0 0 1-2 2H8Zm2-12a2 2 0 0 1 2 2v2h-1.5V2a.5.5 0 0 0-.5-.5H8V0h2Z\" \/>\n\t\t\t<\/svg>\n\t\t<\/button><\/figure>\n<\/div>\n\n\n\n<div class=\"wp-block-column is-layout-flow wp-container-core-column-is-layout-8a368f38 wp-block-column-is-layout-flow\">\n<div style=\"height:var(--wp--preset--spacing--30)\" aria-hidden=\"true\" class=\"wp-block-spacer\"><\/div>\n\n\n\n<figure data-wp-context=\"{&quot;imageId&quot;:&quot;69e67f3853e8f&quot;}\" data-wp-interactive=\"core\/image\" class=\"wp-block-image size-full wp-lightbox-container\"><img loading=\"lazy\" decoding=\"async\" width=\"451\" height=\"570\" data-wp-class--hide=\"state.isContentHidden\" data-wp-class--show=\"state.isContentVisible\" data-wp-init=\"callbacks.setButtonStyles\" data-wp-on-async--click=\"actions.showLightbox\" data-wp-on-async--load=\"callbacks.setButtonStyles\" data-wp-on-async-window--resize=\"callbacks.setButtonStyles\" src=\"http:\/\/sobanski.pl\/wp-content\/uploads\/2025\/02\/image-24.png\" alt=\"\" class=\"wp-image-243\" srcset=\"https:\/\/sobanski.pl\/wp-content\/uploads\/2025\/02\/image-24.png 451w, https:\/\/sobanski.pl\/wp-content\/uploads\/2025\/02\/image-24-237x300.png 237w\" sizes=\"auto, (max-width: 451px) 100vw, 451px\" \/><button\n\t\t\tclass=\"lightbox-trigger\"\n\t\t\ttype=\"button\"\n\t\t\taria-haspopup=\"dialog\"\n\t\t\taria-label=\"Powi\u0119ksz\"\n\t\t\tdata-wp-init=\"callbacks.initTriggerButton\"\n\t\t\tdata-wp-on-async--click=\"actions.showLightbox\"\n\t\t\tdata-wp-style--right=\"state.imageButtonRight\"\n\t\t\tdata-wp-style--top=\"state.imageButtonTop\"\n\t\t>\n\t\t\t<svg xmlns=\"http:\/\/www.w3.org\/2000\/svg\" width=\"12\" height=\"12\" fill=\"none\" viewBox=\"0 0 12 12\">\n\t\t\t\t<path fill=\"#fff\" d=\"M2 0a2 2 0 0 0-2 2v2h1.5V2a.5.5 0 0 1 .5-.5h2V0H2Zm2 10.5H2a.5.5 0 0 1-.5-.5V8H0v2a2 2 0 0 0 2 2h2v-1.5ZM8 12v-1.5h2a.5.5 0 0 0 .5-.5V8H12v2a2 2 0 0 1-2 2H8Zm2-12a2 2 0 0 1 2 2v2h-1.5V2a.5.5 0 0 0-.5-.5H8V0h2Z\" \/>\n\t\t\t<\/svg>\n\t\t<\/button><\/figure>\n\n\n\n<div style=\"height:var(--wp--preset--spacing--30)\" aria-hidden=\"true\" class=\"wp-block-spacer\"><\/div>\n\n\n\n<figure data-wp-context=\"{&quot;imageId&quot;:&quot;69e67f3854327&quot;}\" data-wp-interactive=\"core\/image\" class=\"wp-block-image size-full wp-lightbox-container\"><img loading=\"lazy\" decoding=\"async\" width=\"451\" height=\"570\" data-wp-class--hide=\"state.isContentHidden\" data-wp-class--show=\"state.isContentVisible\" data-wp-init=\"callbacks.setButtonStyles\" data-wp-on-async--click=\"actions.showLightbox\" data-wp-on-async--load=\"callbacks.setButtonStyles\" data-wp-on-async-window--resize=\"callbacks.setButtonStyles\" src=\"http:\/\/sobanski.pl\/wp-content\/uploads\/2025\/02\/image-27.png\" alt=\"\" class=\"wp-image-246\" srcset=\"https:\/\/sobanski.pl\/wp-content\/uploads\/2025\/02\/image-27.png 451w, https:\/\/sobanski.pl\/wp-content\/uploads\/2025\/02\/image-27-237x300.png 237w\" sizes=\"auto, (max-width: 451px) 100vw, 451px\" \/><button\n\t\t\tclass=\"lightbox-trigger\"\n\t\t\ttype=\"button\"\n\t\t\taria-haspopup=\"dialog\"\n\t\t\taria-label=\"Powi\u0119ksz\"\n\t\t\tdata-wp-init=\"callbacks.initTriggerButton\"\n\t\t\tdata-wp-on-async--click=\"actions.showLightbox\"\n\t\t\tdata-wp-style--right=\"state.imageButtonRight\"\n\t\t\tdata-wp-style--top=\"state.imageButtonTop\"\n\t\t>\n\t\t\t<svg xmlns=\"http:\/\/www.w3.org\/2000\/svg\" width=\"12\" height=\"12\" fill=\"none\" viewBox=\"0 0 12 12\">\n\t\t\t\t<path fill=\"#fff\" d=\"M2 0a2 2 0 0 0-2 2v2h1.5V2a.5.5 0 0 1 .5-.5h2V0H2Zm2 10.5H2a.5.5 0 0 1-.5-.5V8H0v2a2 2 0 0 0 2 2h2v-1.5ZM8 12v-1.5h2a.5.5 0 0 0 .5-.5V8H12v2a2 2 0 0 1-2 2H8Zm2-12a2 2 0 0 1 2 2v2h-1.5V2a.5.5 0 0 0-.5-.5H8V0h2Z\" \/>\n\t\t\t<\/svg>\n\t\t<\/button><\/figure>\n<\/div>\n<\/div>\n<\/div>\n<\/div>\n\n\n\n<div class=\"wp-block-column is-layout-flow wp-block-column-is-layout-flow\">\n<figure data-wp-context=\"{&quot;imageId&quot;:&quot;69e67f3854ba8&quot;}\" data-wp-interactive=\"core\/image\" class=\"wp-block-image size-full wp-lightbox-container\"><img loading=\"lazy\" decoding=\"async\" width=\"800\" height=\"362\" data-wp-class--hide=\"state.isContentHidden\" data-wp-class--show=\"state.isContentVisible\" data-wp-init=\"callbacks.setButtonStyles\" data-wp-on-async--click=\"actions.showLightbox\" data-wp-on-async--load=\"callbacks.setButtonStyles\" data-wp-on-async-window--resize=\"callbacks.setButtonStyles\" src=\"http:\/\/sobanski.pl\/wp-content\/uploads\/2025\/02\/image-21.png\" alt=\"\" class=\"wp-image-236\" srcset=\"https:\/\/sobanski.pl\/wp-content\/uploads\/2025\/02\/image-21.png 800w, https:\/\/sobanski.pl\/wp-content\/uploads\/2025\/02\/image-21-300x136.png 300w, https:\/\/sobanski.pl\/wp-content\/uploads\/2025\/02\/image-21-768x348.png 768w\" sizes=\"auto, (max-width: 800px) 100vw, 800px\" \/><button\n\t\t\tclass=\"lightbox-trigger\"\n\t\t\ttype=\"button\"\n\t\t\taria-haspopup=\"dialog\"\n\t\t\taria-label=\"Powi\u0119ksz\"\n\t\t\tdata-wp-init=\"callbacks.initTriggerButton\"\n\t\t\tdata-wp-on-async--click=\"actions.showLightbox\"\n\t\t\tdata-wp-style--right=\"state.imageButtonRight\"\n\t\t\tdata-wp-style--top=\"state.imageButtonTop\"\n\t\t>\n\t\t\t<svg xmlns=\"http:\/\/www.w3.org\/2000\/svg\" width=\"12\" height=\"12\" fill=\"none\" viewBox=\"0 0 12 12\">\n\t\t\t\t<path fill=\"#fff\" d=\"M2 0a2 2 0 0 0-2 2v2h1.5V2a.5.5 0 0 1 .5-.5h2V0H2Zm2 10.5H2a.5.5 0 0 1-.5-.5V8H0v2a2 2 0 0 0 2 2h2v-1.5ZM8 12v-1.5h2a.5.5 0 0 0 .5-.5V8H12v2a2 2 0 0 1-2 2H8Zm2-12a2 2 0 0 1 2 2v2h-1.5V2a.5.5 0 0 0-.5-.5H8V0h2Z\" \/>\n\t\t\t<\/svg>\n\t\t<\/button><\/figure>\n\n\n\n<p>Na \u017cyczenie zamawiaj\u0105cego okna drewniane wyposa\u017cymy w:<\/p>\n\n\n\n<ul class=\"wp-block-list is-style-checkmark-list\">\n<li>okucia antyw\u0142amaniowe WK1, WK2, WK3<\/li>\n\n\n\n<li>klamki ROTO z przyciskiem, kluczem lub typu SECUSTIC<\/li>\n\n\n\n<li>monta\u017c czujnik\u00f3w kontaktronowych umo\u017cliwiaj\u0105cych pod\u0142\u0105czenie okien do centralki monitoruj\u0105cej obiekt<\/li>\n\n\n\n<li>monta\u017c czujnik\u00f3w wsp\u00f3\u0142pracuj\u0105cych z ogrzewaniem \u2013 w chwili uchylenia okna kaloryfer znajduj\u0105cy si\u0119 pod tym oknem jest zamykany<\/li>\n\n\n\n<li>wielostopniowy uchy\u0142 umo\u017cliwiaj\u0105cy ustawienie skrzyd\u0142a w wybranym po\u0142o\u017ceniu uchy\u0142u<\/li>\n\n\n\n<li>zasuwnica rygluj\u0105ca w oknach dwuskrzyd\u0142owych z ruchomym s\u0142upkiem (polecana do wysokich okien drewnianych<\/li>\n\n\n\n<li>kryte zawiasy DESIGNO \u2013 zawiasy ca\u0142kowicie schowane w wr\u0119bie skrzyd\u0142a i o\u015bcie\u017cnicy<\/li>\n\n\n\n<li>okucia KOMFORT \u2013 klamka okna po\u0142o\u017cona jest na dolnym poziomym ramiaku skrzyd\u0142a<\/li>\n\n\n\n<li>okucia TILT FIRST (najpierw uchy\u0142) optymalne zabezpieczenie skrzyd\u0142a przed jego otwarciem przez ma\u0142e dziecko<\/li>\n\n\n\n<li>hamulec skrzyd\u0142a rozwiernego \u2013 umo\u017cliwiaj\u0105cy stabilizacj\u0119 skrzyd\u0142a w dowolnym po\u0142o\u017ceniu rozwarcia<\/li>\n\n\n\n<li>zasuwnica z klamk\u0105 dwustronn\u0105 zamykana na klucz \u2013 dla drzwi balkonowych<\/li>\n\n\n\n<li>zatrzask drzwi balkonowych<\/li>\n\n\n\n<li>klamka dwustronna dla drzwi balkonowych<\/li>\n<\/ul>\n<\/div>\n<\/div>\n<\/div>\n","protected":false},"excerpt":{"rendered":"<p>Klamki &#8211; Okucia &#8211; Os\u0142onki Okucia (zawiasy, zamkni\u0119cia, zaczepy) stanowi\u0105 jeden z wa\u017cniejszych element\u00f3w nowoczesnego okna drewnianego mimo, \u017ce wi\u0119kszo\u015bci element\u00f3w nie wida\u0107. W\u0142a\u015bciwe funkcjonowanie oku\u0107 okiennych decyduje nie tylko o \u0142atwo\u015bci obs\u0142ugi okna, ale tak\u017ce o bezpiecze\u0144stwie u\u017cytkownika. W produkowanych przez nasz\u0105 firme oknach i drzwiach balkonowych montujemy okucia obwiedniowe NT E5 renomowanej firmy [&hellip;]<\/p>\n","protected":false},"author":1,"featured_media":0,"parent":0,"menu_order":0,"comment_status":"closed","ping_status":"closed","template":"wp-custom-template-pl","meta":{"_eb_attr":"","footnotes":""},"class_list":["post-235","page","type-page","status-publish","hentry"],"_links":{"self":[{"href":"https:\/\/sobanski.pl\/index.php\/wp-json\/wp\/v2\/pages\/235","targetHints":{"allow":["GET"]}}],"collection":[{"href":"https:\/\/sobanski.pl\/index.php\/wp-json\/wp\/v2\/pages"}],"about":[{"href":"https:\/\/sobanski.pl\/index.php\/wp-json\/wp\/v2\/types\/page"}],"author":[{"embeddable":true,"href":"https:\/\/sobanski.pl\/index.php\/wp-json\/wp\/v2\/users\/1"}],"replies":[{"embeddable":true,"href":"https:\/\/sobanski.pl\/index.php\/wp-json\/wp\/v2\/comments?post=235"}],"version-history":[{"count":9,"href":"https:\/\/sobanski.pl\/index.php\/wp-json\/wp\/v2\/pages\/235\/revisions"}],"predecessor-version":[{"id":803,"href":"https:\/\/sobanski.pl\/index.php\/wp-json\/wp\/v2\/pages\/235\/revisions\/803"}],"wp:attachment":[{"href":"https:\/\/sobanski.pl\/index.php\/wp-json\/wp\/v2\/media?parent=235"}],"curies":[{"name":"wp","href":"https:\/\/api.w.org\/{rel}","templated":true}]}}