{"id":232,"date":"2025-02-23T13:58:33","date_gmt":"2025-02-23T13:58:33","guid":{"rendered":"http:\/\/sobanski.pl\/?page_id=232"},"modified":"2025-04-20T20:08:44","modified_gmt":"2025-04-20T20:08:44","slug":"okapniki","status":"publish","type":"page","link":"https:\/\/sobanski.pl\/index.php\/okapniki\/","title":{"rendered":"Okapniki PL"},"content":{"rendered":"\n<div class=\"wp-block-group alignwide has-global-padding is-layout-constrained wp-block-group-is-layout-constrained\">\n<h2 class=\"wp-block-heading has-text-align-center\" style=\"padding-top:var(--wp--preset--spacing--30);padding-bottom:var(--wp--preset--spacing--30)\"><strong>Okapniki<\/strong><\/h2>\n\n\n\n<div class=\"wp-block-group alignwide has-global-padding is-layout-constrained wp-block-group-is-layout-constrained\">\n<div class=\"wp-block-columns alignwide is-layout-flex wp-container-core-columns-is-layout-28f84493 wp-block-columns-is-layout-flex\">\n<div class=\"wp-block-column is-layout-flow wp-block-column-is-layout-flow\" style=\"flex-basis:100%\">\n<p>Nasza firma oferuje okapniki firmy Aluron, kt\u00f3re charakteryzuj\u0105 si\u0119 nowoczesnym systemem wzornictwa Soft Line.<\/p>\n\n\n\n<p>Profile okapnik\u00f3w t\u0142oczone s\u0105 ze stop\u00f3w konstrukcyjnych spe\u0142niaj\u0105cych najwy\u017csze normy jako\u015bciowe, natomiast wytwarzanie profili w zacie\u015bnionych tolerancjach jest gwarancj\u0105 pe\u0142nej powtarzalno\u015bci wymiarowej.<\/p>\n\n\n\n<p>Produkty firmy Aluron poddawane s\u0105 procesowi anodowania, polegaj\u0105cemu na uszlachetnianiu powierzchni aluminium poprzez elektrolityczne wytwarzanie na niej tlenk\u00f3w ochronnych. Dzi\u0119ki czemu okapniki uzyskuj\u0105 bardzo wysok\u0105 odporno\u015b\u0107 na korozj\u0119, przy jednoczesnym znacznym podwy\u017cszeniu odporno\u015bci mechanicznej.<br>Profile anodowane dost\u0119pne s\u0105 w nast\u0119puj\u0105cych kolorach: srebrny, oliwka, br\u0105z.<\/p>\n\n\n\n<p>Oferujemy r\u00f3wnie\u017c okapniki firmy Aluron malowane metod\u0105 proszkow\u0105, w nast\u0119puj\u0105cych standardowych kolorach: bia\u0142y RAL 9016, ciemny br\u0105z RAL 8019, br\u0105z RAL 8017 oraz na specjalne \u017cyczenie oferujemy okapniki malowane w ka\u017cdym kolorze RAL. Gwarancj\u0105 doskona\u0142ej przyczepno\u015bci oraz wieloletniej trwa\u0142o\u015bci pow\u0142oki jest doskona\u0142e przygotowanie obejmuj\u0105ce: odt\u0142uszczanie, wytrawianie powierzchni oraz chromianowanie.<\/p>\n\n\n\n<p>Za\u015blepki, kt\u00f3re oferujemy wykonane s\u0105 z surowca nowej generacji o znacznie podwy\u017cszonej odporno\u015bci na UV i starzenie.<\/p>\n\n\n\n<p>R\u00f3\u017cnorodno\u015b\u0107 kolorystyczna stwarza nieograniczone mo\u017cliwo\u015bci projektowe, jak r\u00f3wnie\u017c pozwala na harmonijne w\u0142\u0105czenie okapnik\u00f3w i za\u015blepek w stylistyk\u0119 okna i fasady obiektu.<\/p>\n<\/div>\n<\/div>\n\n\n\n<figure class=\"wp-block-image alignwide size-full\"><img loading=\"lazy\" decoding=\"async\" width=\"1000\" height=\"448\" src=\"http:\/\/sobanski.pl\/wp-content\/uploads\/2025\/02\/image-20.png\" alt=\"\" class=\"wp-image-233\" srcset=\"https:\/\/sobanski.pl\/wp-content\/uploads\/2025\/02\/image-20.png 1000w, https:\/\/sobanski.pl\/wp-content\/uploads\/2025\/02\/image-20-300x134.png 300w, https:\/\/sobanski.pl\/wp-content\/uploads\/2025\/02\/image-20-768x344.png 768w\" sizes=\"auto, (max-width: 1000px) 100vw, 1000px\" \/><\/figure>\n<\/div>\n<\/div>\n","protected":false},"excerpt":{"rendered":"<p>Okapniki Nasza firma oferuje okapniki firmy Aluron, kt\u00f3re charakteryzuj\u0105 si\u0119 nowoczesnym systemem wzornictwa Soft Line. Profile okapnik\u00f3w t\u0142oczone s\u0105 ze stop\u00f3w konstrukcyjnych spe\u0142niaj\u0105cych najwy\u017csze normy jako\u015bciowe, natomiast wytwarzanie profili w zacie\u015bnionych tolerancjach jest gwarancj\u0105 pe\u0142nej powtarzalno\u015bci wymiarowej. Produkty firmy Aluron poddawane s\u0105 procesowi anodowania, polegaj\u0105cemu na uszlachetnianiu powierzchni aluminium poprzez elektrolityczne wytwarzanie na niej tlenk\u00f3w [&hellip;]<\/p>\n","protected":false},"author":1,"featured_media":0,"parent":0,"menu_order":0,"comment_status":"closed","ping_status":"closed","template":"wp-custom-template-pl","meta":{"_eb_attr":"","footnotes":""},"class_list":["post-232","page","type-page","status-publish","hentry"],"_links":{"self":[{"href":"https:\/\/sobanski.pl\/index.php\/wp-json\/wp\/v2\/pages\/232","targetHints":{"allow":["GET"]}}],"collection":[{"href":"https:\/\/sobanski.pl\/index.php\/wp-json\/wp\/v2\/pages"}],"about":[{"href":"https:\/\/sobanski.pl\/index.php\/wp-json\/wp\/v2\/types\/page"}],"author":[{"embeddable":true,"href":"https:\/\/sobanski.pl\/index.php\/wp-json\/wp\/v2\/users\/1"}],"replies":[{"embeddable":true,"href":"https:\/\/sobanski.pl\/index.php\/wp-json\/wp\/v2\/comments?post=232"}],"version-history":[{"count":3,"href":"https:\/\/sobanski.pl\/index.php\/wp-json\/wp\/v2\/pages\/232\/revisions"}],"predecessor-version":[{"id":866,"href":"https:\/\/sobanski.pl\/index.php\/wp-json\/wp\/v2\/pages\/232\/revisions\/866"}],"wp:attachment":[{"href":"https:\/\/sobanski.pl\/index.php\/wp-json\/wp\/v2\/media?parent=232"}],"curies":[{"name":"wp","href":"https:\/\/api.w.org\/{rel}","templated":true}]}}