{"id":227,"date":"2025-02-23T13:53:27","date_gmt":"2025-02-23T13:53:27","guid":{"rendered":"http:\/\/sobanski.pl\/?page_id=227"},"modified":"2025-09-07T13:02:12","modified_gmt":"2025-09-07T13:02:12","slug":"zawiasy-kryte-roto-designo","status":"publish","type":"page","link":"https:\/\/sobanski.pl\/index.php\/zawiasy-kryte-roto-designo\/","title":{"rendered":"Zawiasy kryte ROTO DESIGNO PL"},"content":{"rendered":"\n<div class=\"wp-block-group alignfull has-global-padding is-layout-constrained wp-block-group-is-layout-constrained\">\n<h2 class=\"wp-block-heading has-text-align-center\" style=\"padding-top:var(--wp--preset--spacing--30);padding-bottom:var(--wp--preset--spacing--30)\"><strong>Zawiasy kryte ROTO DESIGNO<\/strong><\/h2>\n\n\n\n<div class=\"wp-block-group alignfull has-global-padding is-layout-constrained wp-container-core-group-is-layout-2df14bad wp-block-group-is-layout-constrained\" style=\"margin-top:0;margin-bottom:0;padding-top:var(--wp--preset--spacing--10);padding-right:var(--wp--preset--spacing--50);padding-bottom:var(--wp--preset--spacing--10);padding-left:var(--wp--preset--spacing--50)\">\n<div class=\"wp-block-group alignwide has-global-padding is-layout-constrained wp-block-group-is-layout-constrained\">\n<div class=\"wp-block-columns alignwide are-vertically-aligned-center is-layout-flex wp-container-core-columns-is-layout-47c06fe3 wp-block-columns-is-layout-flex\">\n<div class=\"wp-block-column is-vertically-aligned-center is-layout-flow wp-block-column-is-layout-flow\" style=\"flex-basis:50%\">\n<p>Zgodnie z obecnymi trendami im mniej widoczny jest \u201emechanizm\u201d okna, tym \u0142adniej. Proponujemy innowacyjny system oku\u0107 Roto NT Designo, kt\u00f3rych nie wida\u0107 na oknie. Ukryte zawiasy i brak widocznych os\u0142onek jeszcze bardziej podkre\u015blaj\u0105 estetyk\u0119 i funkcjonalno\u015b\u0107 okna. G\u0142adkie powierzchnie okien bez wystaj\u0105cych element\u00f3w i zakamark\u00f3w to tak\u017ce oszcz\u0119dno\u015b\u0107 czasu podczas ich mycia.<\/p>\n\n\n\n<p>Ponadto system ten umo\u017cliwia otwarcie skrzyd\u0142a pod k\u0105tem 100\u00ba. Roto NT Designo ma stosunkowo ma\u0142e, kompaktowe zawiasy, dzi\u0119ki czemu na obwodzie okucia jest do\u015b\u0107 miejsca na dozbrojenie okna nawet do klasy WK2. Zawias dolny jest w standardzie wyposa\u017cony w zintegrowane zabezpieczenie przed wywa\u017ceniem.<\/p>\n<\/div>\n\n\n\n<div class=\"wp-block-column is-vertically-aligned-center is-layout-flow wp-block-column-is-layout-flow\" style=\"flex-basis:50%\">\n<figure class=\"wp-block-image aligncenter size-full\"><img loading=\"lazy\" decoding=\"async\" width=\"800\" height=\"470\" src=\"http:\/\/sobanski.pl\/wp-content\/uploads\/2025\/02\/image-19.png\" alt=\"\" class=\"wp-image-228\" srcset=\"https:\/\/sobanski.pl\/wp-content\/uploads\/2025\/02\/image-19.png 800w, https:\/\/sobanski.pl\/wp-content\/uploads\/2025\/02\/image-19-300x176.png 300w, https:\/\/sobanski.pl\/wp-content\/uploads\/2025\/02\/image-19-768x451.png 768w\" sizes=\"auto, (max-width: 800px) 100vw, 800px\" \/><\/figure>\n<\/div>\n<\/div>\n<\/div>\n<\/div>\n<\/div>\n","protected":false},"excerpt":{"rendered":"<p>Zawiasy kryte ROTO DESIGNO Zgodnie z obecnymi trendami im mniej widoczny jest \u201emechanizm\u201d okna, tym \u0142adniej. Proponujemy innowacyjny system oku\u0107 Roto NT Designo, kt\u00f3rych nie wida\u0107 na oknie. Ukryte zawiasy i brak widocznych os\u0142onek jeszcze bardziej podkre\u015blaj\u0105 estetyk\u0119 i funkcjonalno\u015b\u0107 okna. G\u0142adkie powierzchnie okien bez wystaj\u0105cych element\u00f3w i zakamark\u00f3w to tak\u017ce oszcz\u0119dno\u015b\u0107 czasu podczas ich [&hellip;]<\/p>\n","protected":false},"author":1,"featured_media":0,"parent":0,"menu_order":0,"comment_status":"closed","ping_status":"closed","template":"wp-custom-template-pl","meta":{"_eb_attr":"","footnotes":""},"class_list":["post-227","page","type-page","status-publish","hentry"],"_links":{"self":[{"href":"https:\/\/sobanski.pl\/index.php\/wp-json\/wp\/v2\/pages\/227","targetHints":{"allow":["GET"]}}],"collection":[{"href":"https:\/\/sobanski.pl\/index.php\/wp-json\/wp\/v2\/pages"}],"about":[{"href":"https:\/\/sobanski.pl\/index.php\/wp-json\/wp\/v2\/types\/page"}],"author":[{"embeddable":true,"href":"https:\/\/sobanski.pl\/index.php\/wp-json\/wp\/v2\/users\/1"}],"replies":[{"embeddable":true,"href":"https:\/\/sobanski.pl\/index.php\/wp-json\/wp\/v2\/comments?post=227"}],"version-history":[{"count":6,"href":"https:\/\/sobanski.pl\/index.php\/wp-json\/wp\/v2\/pages\/227\/revisions"}],"predecessor-version":[{"id":993,"href":"https:\/\/sobanski.pl\/index.php\/wp-json\/wp\/v2\/pages\/227\/revisions\/993"}],"wp:attachment":[{"href":"https:\/\/sobanski.pl\/index.php\/wp-json\/wp\/v2\/media?parent=227"}],"curies":[{"name":"wp","href":"https:\/\/api.w.org\/{rel}","templated":true}]}}