{"id":220,"date":"2025-02-23T12:37:51","date_gmt":"2025-02-23T12:37:51","guid":{"rendered":"http:\/\/sobanski.pl\/?page_id=220"},"modified":"2025-04-21T09:08:29","modified_gmt":"2025-04-21T09:08:29","slug":"szyby-ze-szprosami","status":"publish","type":"page","link":"https:\/\/sobanski.pl\/index.php\/szyby-ze-szprosami\/","title":{"rendered":"Szyby ze szprosami PL"},"content":{"rendered":"\n<div class=\"wp-block-group alignfull has-global-padding is-layout-constrained wp-block-group-is-layout-constrained\">\n<h2 class=\"wp-block-heading has-text-align-center\" style=\"padding-top:var(--wp--preset--spacing--30);padding-bottom:var(--wp--preset--spacing--30)\"><strong>Szyby ze szprosami<\/strong><\/h2>\n\n\n\n<div class=\"wp-block-group alignfull has-global-padding is-layout-constrained wp-container-core-group-is-layout-d89aad35 wp-block-group-is-layout-constrained\" style=\"margin-top:0;margin-bottom:0;padding-top:var(--wp--preset--spacing--50);padding-right:var(--wp--preset--spacing--50);padding-bottom:var(--wp--preset--spacing--50);padding-left:var(--wp--preset--spacing--50)\">\n<div class=\"wp-block-columns alignwide are-vertically-aligned-center is-layout-flex wp-container-core-columns-is-layout-47c06fe3 wp-block-columns-is-layout-flex\">\n<div class=\"wp-block-column is-vertically-aligned-center is-layout-flow wp-block-column-is-layout-flow\" style=\"flex-basis:50%\">\n<h2 class=\"wp-block-heading\">Szprosy konstrukcyjne<\/h2>\n\n\n\n<p>Szprosy konstrukcyjne s\u0105 cz\u0119\u015bci\u0105 ramy okna i dziel\u0105 szyb\u0119. Szprosy konstrukcyjne stosowane w oknach mog\u0105 mie\u0107 minimaln\u0105 szeroko\u015b\u0107 56 mm.<\/p>\n<\/div>\n\n\n\n<div class=\"wp-block-column is-vertically-aligned-center is-layout-flow wp-block-column-is-layout-flow\" style=\"flex-basis:50%\">\n<figure class=\"wp-block-image size-full\"><img loading=\"lazy\" decoding=\"async\" width=\"640\" height=\"391\" src=\"http:\/\/sobanski.pl\/wp-content\/uploads\/2025\/02\/image-15.png\" alt=\"\" class=\"wp-image-222\" srcset=\"https:\/\/sobanski.pl\/wp-content\/uploads\/2025\/02\/image-15.png 640w, https:\/\/sobanski.pl\/wp-content\/uploads\/2025\/02\/image-15-300x183.png 300w\" sizes=\"auto, (max-width: 640px) 100vw, 640px\" \/><\/figure>\n<\/div>\n<\/div>\n<\/div>\n\n\n\n<div class=\"wp-block-group alignfull has-base-2-background-color has-background has-global-padding is-layout-constrained wp-container-core-group-is-layout-d89aad35 wp-block-group-is-layout-constrained\" style=\"margin-top:0;margin-bottom:0;padding-top:var(--wp--preset--spacing--50);padding-right:var(--wp--preset--spacing--50);padding-bottom:var(--wp--preset--spacing--50);padding-left:var(--wp--preset--spacing--50)\">\n<div class=\"wp-block-columns alignwide are-vertically-aligned-center is-layout-flex wp-container-core-columns-is-layout-47c06fe3 wp-block-columns-is-layout-flex\">\n<div class=\"wp-block-column is-vertically-aligned-center is-layout-flow wp-block-column-is-layout-flow\" style=\"flex-basis:50%\">\n<h2 class=\"wp-block-heading\">Szprosy naklejane<\/h2>\n\n\n\n<p>Szprosy naklejane nie s\u0105 cz\u0119\u015bci\u0105 ramy okna, nie dziel\u0105 szyby, s\u0105 bowiem listwami naklejonymi obustronnie. Szprosom tym mog\u0105 odpowiada\u0107 ramki wewn\u0105trz lub nie.<\/p>\n\n\n\n<p>\u2013 szprosy tzw. \u201cwiede\u0144skie\u201d szeroko\u015b\u0107: 22, 26 mm<br>\u2013 szprosy bez wewn\u0119trznej ramki szeroko\u015b\u0107: 18, 22, 26 i 30 mm<\/p>\n<\/div>\n\n\n\n<div class=\"wp-block-column is-vertically-aligned-center is-layout-flow wp-block-column-is-layout-flow\" style=\"flex-basis:50%\">\n<figure class=\"wp-block-image size-full\"><img loading=\"lazy\" decoding=\"async\" width=\"640\" height=\"391\" src=\"http:\/\/sobanski.pl\/wp-content\/uploads\/2025\/02\/image-16.png\" alt=\"\" class=\"wp-image-223\" srcset=\"https:\/\/sobanski.pl\/wp-content\/uploads\/2025\/02\/image-16.png 640w, https:\/\/sobanski.pl\/wp-content\/uploads\/2025\/02\/image-16-300x183.png 300w\" sizes=\"auto, (max-width: 640px) 100vw, 640px\" \/><\/figure>\n<\/div>\n<\/div>\n<\/div>\n\n\n\n<div class=\"wp-block-group alignfull has-global-padding is-layout-constrained wp-container-core-group-is-layout-d89aad35 wp-block-group-is-layout-constrained\" style=\"margin-top:0;margin-bottom:0;padding-top:var(--wp--preset--spacing--50);padding-right:var(--wp--preset--spacing--50);padding-bottom:var(--wp--preset--spacing--50);padding-left:var(--wp--preset--spacing--50)\">\n<div class=\"wp-block-columns alignwide are-vertically-aligned-center is-layout-flex wp-container-core-columns-is-layout-47c06fe3 wp-block-columns-is-layout-flex\">\n<div class=\"wp-block-column is-vertically-aligned-center is-layout-flow wp-block-column-is-layout-flow\" style=\"flex-basis:50%\">\n<h2 class=\"wp-block-heading\">Szprosy wewn\u0119trzne<\/h2>\n\n\n\n<p>Szprosy wewn\u0119trzne to elementy aluminiowe mocowane mi\u0119dzy szybami w procesie klejenia pakiet\u00f3w. Wyst\u0119puj\u0105 standardowo w kolorach: z\u0142otym, bia\u0142ym, drewnopodobnym, a na zam\u00f3wienie dowolnym wg RAL.<\/p>\n<\/div>\n\n\n\n<div class=\"wp-block-column is-vertically-aligned-center is-layout-flow wp-block-column-is-layout-flow\" style=\"flex-basis:50%\">\n<figure class=\"wp-block-image aligncenter size-full\"><img loading=\"lazy\" decoding=\"async\" width=\"320\" height=\"378\" src=\"http:\/\/sobanski.pl\/wp-content\/uploads\/2025\/02\/image-18.png\" alt=\"\" class=\"wp-image-225\" srcset=\"https:\/\/sobanski.pl\/wp-content\/uploads\/2025\/02\/image-18.png 320w, https:\/\/sobanski.pl\/wp-content\/uploads\/2025\/02\/image-18-254x300.png 254w\" sizes=\"auto, (max-width: 320px) 100vw, 320px\" \/><\/figure>\n<\/div>\n<\/div>\n<\/div>\n\n\n\n<div class=\"wp-block-group alignfull has-base-2-background-color has-background has-global-padding is-layout-constrained wp-container-core-group-is-layout-d89aad35 wp-block-group-is-layout-constrained\" style=\"margin-top:0;margin-bottom:0;padding-top:var(--wp--preset--spacing--50);padding-right:var(--wp--preset--spacing--50);padding-bottom:var(--wp--preset--spacing--50);padding-left:var(--wp--preset--spacing--50)\">\n<div class=\"wp-block-columns alignwide are-vertically-aligned-center is-layout-flex wp-container-core-columns-is-layout-47c06fe3 wp-block-columns-is-layout-flex\">\n<div class=\"wp-block-column is-vertically-aligned-center is-layout-flow wp-block-column-is-layout-flow\" style=\"flex-basis:50%\">\n<h2 class=\"wp-block-heading\">Szprosy ramkowe<\/h2>\n\n\n\n<p>Szprosy ramkowe to zewn\u0119trzne drewniane ramki na zawiasach z zaczepami, kt\u00f3re umo\u017cliwiaj\u0105 ich otwarcie do mycia ca\u0142ej powierzchni szyby.<\/p>\n<\/div>\n\n\n\n<div class=\"wp-block-column is-vertically-aligned-center is-layout-flow wp-block-column-is-layout-flow\" style=\"flex-basis:50%\">\n<figure class=\"wp-block-image aligncenter size-full\"><img loading=\"lazy\" decoding=\"async\" width=\"320\" height=\"378\" src=\"http:\/\/sobanski.pl\/wp-content\/uploads\/2025\/02\/image-17.png\" alt=\"\" class=\"wp-image-224\" srcset=\"https:\/\/sobanski.pl\/wp-content\/uploads\/2025\/02\/image-17.png 320w, https:\/\/sobanski.pl\/wp-content\/uploads\/2025\/02\/image-17-254x300.png 254w\" sizes=\"auto, (max-width: 320px) 100vw, 320px\" \/><\/figure>\n<\/div>\n<\/div>\n<\/div>\n<\/div>\n","protected":false},"excerpt":{"rendered":"<p>Szyby ze szprosami Szprosy konstrukcyjne Szprosy konstrukcyjne s\u0105 cz\u0119\u015bci\u0105 ramy okna i dziel\u0105 szyb\u0119. Szprosy konstrukcyjne stosowane w oknach mog\u0105 mie\u0107 minimaln\u0105 szeroko\u015b\u0107 56 mm. Szprosy naklejane Szprosy naklejane nie s\u0105 cz\u0119\u015bci\u0105 ramy okna, nie dziel\u0105 szyby, s\u0105 bowiem listwami naklejonymi obustronnie. Szprosom tym mog\u0105 odpowiada\u0107 ramki wewn\u0105trz lub nie. \u2013 szprosy tzw. \u201cwiede\u0144skie\u201d szeroko\u015b\u0107: [&hellip;]<\/p>\n","protected":false},"author":1,"featured_media":0,"parent":0,"menu_order":0,"comment_status":"closed","ping_status":"closed","template":"wp-custom-template-pl","meta":{"_eb_attr":"","footnotes":""},"class_list":["post-220","page","type-page","status-publish","hentry"],"_links":{"self":[{"href":"https:\/\/sobanski.pl\/index.php\/wp-json\/wp\/v2\/pages\/220","targetHints":{"allow":["GET"]}}],"collection":[{"href":"https:\/\/sobanski.pl\/index.php\/wp-json\/wp\/v2\/pages"}],"about":[{"href":"https:\/\/sobanski.pl\/index.php\/wp-json\/wp\/v2\/types\/page"}],"author":[{"embeddable":true,"href":"https:\/\/sobanski.pl\/index.php\/wp-json\/wp\/v2\/users\/1"}],"replies":[{"embeddable":true,"href":"https:\/\/sobanski.pl\/index.php\/wp-json\/wp\/v2\/comments?post=220"}],"version-history":[{"count":3,"href":"https:\/\/sobanski.pl\/index.php\/wp-json\/wp\/v2\/pages\/220\/revisions"}],"predecessor-version":[{"id":951,"href":"https:\/\/sobanski.pl\/index.php\/wp-json\/wp\/v2\/pages\/220\/revisions\/951"}],"wp:attachment":[{"href":"https:\/\/sobanski.pl\/index.php\/wp-json\/wp\/v2\/media?parent=220"}],"curies":[{"name":"wp","href":"https:\/\/api.w.org\/{rel}","templated":true}]}}