{"id":135,"date":"2025-02-23T12:08:13","date_gmt":"2025-02-23T12:08:13","guid":{"rendered":"http:\/\/sobanski.pl\/?page_id=135"},"modified":"2025-09-07T13:01:13","modified_gmt":"2025-09-07T13:01:13","slug":"szyby-zespolone","status":"publish","type":"page","link":"https:\/\/sobanski.pl\/index.php\/szyby-zespolone\/","title":{"rendered":"Szyby zespolone"},"content":{"rendered":"\n<div class=\"wp-block-group alignfull has-global-padding is-layout-constrained wp-block-group-is-layout-constrained\">\n<div class=\"wp-block-group alignfull has-base-background-color has-background has-global-padding is-layout-constrained wp-container-core-group-is-layout-c7a42c40 wp-block-group-is-layout-constrained\" style=\"margin-top:0;margin-bottom:0;padding-top:var(--wp--preset--spacing--20);padding-right:var(--wp--preset--spacing--50);padding-bottom:var(--wp--preset--spacing--20);padding-left:var(--wp--preset--spacing--50)\">\n<div class=\"wp-block-columns alignwide is-layout-flex wp-container-core-columns-is-layout-549b0c86 wp-block-columns-is-layout-flex\">\n<div class=\"wp-block-column is-layout-flow wp-container-core-column-is-layout-119bc444 wp-block-column-is-layout-flow\" style=\"flex-basis:100%\">\n<p class=\"has-heading-font-family has-large-font-size\" style=\"line-height:1\"><br><em>Szyby\u00a0<\/em><strong>przeciws\u0142oneczne<\/strong><\/p>\n\n\n\n<p class=\"has-medium-font-size\">Podstawowym zadaniem szyb przeciws\u0142onecznych jest zapobieganie przegrzewaniu si\u0119 pomieszcze\u0144, co zwi\u0105zane jest z\u00a0wi\u0119kszym komfortem oraz\u00a0ni\u017cszymi kosztami klimatyzacji. Szczeg\u00f3lne znaczenie ma to\u00a0w\u00a0przypadku obiekt\u00f3w u\u017cyteczno\u015bci publicznej np. biurowcach. Jednak\u017ce nowoczesne szk\u0142a przeciws\u0142oneczne mog\u0105 stanowi\u0107 nie tylko skuteczn\u0105 ochron\u0119 przed niepo\u017c\u0105danym nagrzewaniem si\u0119 pomieszcze\u0144, ale\u00a0tak\u017ce charakteryzuj\u0105 si\u0119 bardzo dobrymi w\u0142a\u015bciwo\u015bciami termoizolacyjnymi, dzi\u0119ki czemu ograniczaj\u0105 straty ciep\u0142a zim\u0105.<\/p>\n\n\n\n<div class=\"wp-block-columns is-layout-flex wp-container-core-columns-is-layout-28f84493 wp-block-columns-is-layout-flex\">\n<div class=\"wp-block-column is-layout-flow wp-block-column-is-layout-flow\">\n<figure class=\"wp-block-image size-full\"><img loading=\"lazy\" decoding=\"async\" width=\"523\" height=\"387\" src=\"https:\/\/sobanski.pl\/wp-content\/uploads\/2025\/09\/image.png\" alt=\"\" class=\"wp-image-1067\" srcset=\"https:\/\/sobanski.pl\/wp-content\/uploads\/2025\/09\/image.png 523w, https:\/\/sobanski.pl\/wp-content\/uploads\/2025\/09\/image-300x222.png 300w\" sizes=\"auto, (max-width: 523px) 100vw, 523px\" \/><\/figure>\n<\/div>\n\n\n\n<div class=\"wp-block-column is-layout-flow wp-block-column-is-layout-flow\">\n<figure class=\"wp-block-image size-full\"><img loading=\"lazy\" decoding=\"async\" width=\"558\" height=\"458\" src=\"https:\/\/sobanski.pl\/wp-content\/uploads\/2025\/09\/image-1.png\" alt=\"\" class=\"wp-image-1068\" srcset=\"https:\/\/sobanski.pl\/wp-content\/uploads\/2025\/09\/image-1.png 558w, https:\/\/sobanski.pl\/wp-content\/uploads\/2025\/09\/image-1-300x246.png 300w\" sizes=\"auto, (max-width: 558px) 100vw, 558px\" \/><\/figure>\n<\/div>\n<\/div>\n<\/div>\n<\/div>\n\n\n\n<div style=\"height:20px\" aria-hidden=\"true\" class=\"wp-block-spacer\"><\/div>\n\n\n\n<div class=\"wp-block-columns alignwide is-layout-flex wp-container-core-columns-is-layout-17fc1b09 wp-block-columns-is-layout-flex\">\n<div class=\"wp-block-column is-layout-flow wp-block-column-is-layout-flow\">\n<ul class=\"wp-block-list\">\n<li>Szk\u0142a przeciws\u0142oneczne w zale\u017cno\u015bci od parametr\u00f3w mog\u0105 charakteryzowa\u0107 si\u0119 r\u00f3\u017cnymi kolorami od szarych, przez niebieskie do neutralnych.<\/li>\n\n\n\n<li>Szk\u0142a te mog\u0105 tak\u017ce charakteryzowa\u0107 si\u0119 wysok\u0105 transmisj\u0105 \u015bwiat\u0142a. Dzi\u0119ki czemu z powodzeniem mog\u0105 by\u0107 tak\u017ce stosowane w budownictwie mieszkaniowym w pomieszczeniach nara\u017conych latem na przegrzewanie si\u0119.<\/li>\n<\/ul>\n<\/div>\n\n\n\n<div class=\"wp-block-column is-layout-flow wp-block-column-is-layout-flow\">\n<ul class=\"wp-block-list\">\n<li>G\u0142\u00f3wnym parametrem decyduj\u0105cym o w\u0142a\u015bciwo\u015bciach przeciws\u0142onecznych przeszklenia jest tzw. solar factor \u201eg\u201d, kt\u00f3ry charakteryzuje ca\u0142kowit\u0105 przepuszczalno\u015b\u0107 energii s\u0142onecznej do wn\u0119trza pomieszczenia. Solar factor wyznacza si\u0119 zgodnie z norm\u0105 EN 410. Im mniejsza jego warto\u015b\u0107, tym lepsze w\u0142a\u015bciwo\u015bci przeciws\u0142oneczne szyby zespolonej.<\/li>\n<\/ul>\n<\/div>\n<\/div>\n<\/div>\n\n\n\n<div class=\"wp-block-group alignfull has-base-2-background-color has-background has-global-padding is-layout-constrained wp-container-core-group-is-layout-c7a42c40 wp-block-group-is-layout-constrained\" style=\"margin-top:0;margin-bottom:0;padding-top:var(--wp--preset--spacing--20);padding-right:var(--wp--preset--spacing--50);padding-bottom:var(--wp--preset--spacing--20);padding-left:var(--wp--preset--spacing--50)\">\n<div class=\"wp-block-columns alignwide is-layout-flex wp-container-core-columns-is-layout-549b0c86 wp-block-columns-is-layout-flex\">\n<div class=\"wp-block-column is-layout-flow wp-container-core-column-is-layout-119bc444 wp-block-column-is-layout-flow\" style=\"flex-basis:100%\">\n<p class=\"has-heading-font-family has-large-font-size\" style=\"line-height:1\"><br>Szyby\u00a0<strong>d\u017awi\u0119koch\u0142onne<\/strong><\/p>\n\n\n\n<p class=\"has-medium-font-size\">Ochrona przed ha\u0142asem ma zasadnicze znaczenie dla\u00a0jako\u015bci naszego \u017cycia. Powinna by\u0107 stosowana wsz\u0119dzie tam, gdzie nie mo\u017cna zlikwidowa\u0107 lub zmniejszy\u0107 \u017ar\u00f3d\u0142a ha\u0142asu. Wysokie w\u0142a\u015bciwo\u015bci d\u017awi\u0119koizolacyjne szyb uzyskuje si\u0119 poprzez: zastosowanie szyb laminowanych zbudowanych w\u00a0oparciu o\u00a0specjalne folie znacznie poprawiaj\u0105ce akustyczno\u015b\u0107 szyby, zwi\u0119kszenie masy szk\u0142a tzn. zastosowanie przynajmniej jednej szyby o\u00a0du\u017cym ci\u0119\u017carze powierzchniowym, asymetryczn\u0105 budow\u0119 szyby zespolonej.<\/p>\n\n\n\n<div class=\"wp-block-columns is-layout-flex wp-container-core-columns-is-layout-28f84493 wp-block-columns-is-layout-flex\">\n<div class=\"wp-block-column is-layout-flow wp-block-column-is-layout-flow\">\n<figure class=\"wp-block-image size-full\"><img loading=\"lazy\" decoding=\"async\" width=\"613\" height=\"371\" src=\"https:\/\/sobanski.pl\/wp-content\/uploads\/2025\/09\/image-2.png\" alt=\"\" class=\"wp-image-1069\" srcset=\"https:\/\/sobanski.pl\/wp-content\/uploads\/2025\/09\/image-2.png 613w, https:\/\/sobanski.pl\/wp-content\/uploads\/2025\/09\/image-2-300x182.png 300w\" sizes=\"auto, (max-width: 613px) 100vw, 613px\" \/><\/figure>\n<\/div>\n\n\n\n<div class=\"wp-block-column is-layout-flow wp-block-column-is-layout-flow\">\n<figure class=\"wp-block-image size-full\"><img loading=\"lazy\" decoding=\"async\" width=\"583\" height=\"393\" src=\"https:\/\/sobanski.pl\/wp-content\/uploads\/2025\/09\/image-3.png\" alt=\"\" class=\"wp-image-1070\" srcset=\"https:\/\/sobanski.pl\/wp-content\/uploads\/2025\/09\/image-3.png 583w, https:\/\/sobanski.pl\/wp-content\/uploads\/2025\/09\/image-3-300x202.png 300w\" sizes=\"auto, (max-width: 583px) 100vw, 583px\" \/><\/figure>\n<\/div>\n<\/div>\n<\/div>\n<\/div>\n\n\n\n<div style=\"height:20px\" aria-hidden=\"true\" class=\"wp-block-spacer\"><\/div>\n\n\n\n<div class=\"wp-block-columns alignwide is-layout-flex wp-container-core-columns-is-layout-17fc1b09 wp-block-columns-is-layout-flex\">\n<div class=\"wp-block-column is-layout-flow wp-block-column-is-layout-flow\">\n<ul class=\"wp-block-list\">\n<li>O w\u0142a\u015bciwo\u015bciach akustycznych okna w\u00a0najwi\u0119kszym stopniu decyduje rodzaj i\u00a0budowa szyby zespolonej. Jednak\u017ce przy wyborze odpowiedniego dla\u00a0nas rozwi\u0105zania nale\u017cy wzi\u0105\u0107 tak\u017ce pod uwag\u0119 elementy, takie jak profil okna, okucia, fachowy monta\u017c itd.\u00a0 Wielko\u015bci t\u0142umienia ha\u0142asu nie da si\u0119 \u0142atwo obliczy\u0107. W\u00a0zwi\u0105zku z\u00a0tym celem dobrania odpowiedniego dla\u00a0nas rozwi\u0105zania powinni si\u0119 zaj\u0105\u0107 fachowcy.<\/li>\n<\/ul>\n<\/div>\n\n\n\n<div class=\"wp-block-column is-layout-flow wp-block-column-is-layout-flow\">\n<ul class=\"wp-block-list\">\n<li>Ochron\u0119 d\u017awi\u0119koizolacyjn\u0105 mo\u017cna \u0142\u0105czy\u0107 z\u00a0innymi funkcjami np. termoizolacyjno\u015bci\u0105, bezpiecze\u0144stwem, ochron\u0105 przeciws\u0142oneczn\u0105 np. poprzez zastosowanie szyb z\u00a0pow\u0142okami lub szyb laminowanych o\u00a0okre\u015blonej budowie.<\/li>\n\n\n\n<li>Izolacyjno\u015b\u0107 akustyczn\u0105 szyb zespolonych wyznacza si\u0119 w\u00a0oparciu o\u00a0norm\u0119 EN 12354. Wielko\u015b\u0107 t\u0142umienia d\u017awi\u0119ku przenoszonego drog\u0105 powietrzn\u0105 okre\u015bla wa\u017cona warto\u015b\u0107 t\u0142umienia Rw oraz\u00a0wska\u017aniki adaptacyjne C i\u00a0Ctr. Szyby zespolone, w\u00a0zale\u017cno\u015bci od\u00a0ich konstrukcji, osi\u0105gaj\u0105 izolacyjno\u015b\u0107 akustyczn\u0105 w\u00a0granicach Rw=28 do\u00a053 dB.<\/li>\n<\/ul>\n<\/div>\n<\/div>\n<\/div>\n\n\n\n<div class=\"wp-block-group alignfull has-base-background-color has-background has-global-padding is-layout-constrained wp-container-core-group-is-layout-c7a42c40 wp-block-group-is-layout-constrained\" style=\"margin-top:0;margin-bottom:0;padding-top:var(--wp--preset--spacing--20);padding-right:var(--wp--preset--spacing--50);padding-bottom:var(--wp--preset--spacing--20);padding-left:var(--wp--preset--spacing--50)\">\n<div class=\"wp-block-columns alignwide is-layout-flex wp-container-core-columns-is-layout-549b0c86 wp-block-columns-is-layout-flex\">\n<div class=\"wp-block-column is-layout-flow wp-container-core-column-is-layout-119bc444 wp-block-column-is-layout-flow\" style=\"flex-basis:100%\">\n<p class=\"has-heading-font-family has-large-font-size\" style=\"line-height:1\"><br>Szyby\u00a0<strong>termoizolacyjne<\/strong><\/p>\n\n\n\n<p class=\"has-medium-font-size\">W obecnych czasach znacz\u0105cym sk\u0142adnikiem \u015bwiadomej pod wzgl\u0119dem ekologicznym i\u00a0ekonomicznym technologii budowlanej jest wysokowydajna izolacja cieplna. W\u00a0celu ograniczenia strat ciep\u0142a z\u00a0pomieszczenia na\u00a0zewn\u0105trz, w\u00a0oknach montuje si\u0119 szyby termoizolacyjne z\u00a0pow\u0142ok\u0105 niskoemisyjn\u0105 umieszczon\u0105\u00a0do wewn\u0105trz przestrzeni mi\u0119dzyszybowej.<br><\/p>\n\n\n\n<div class=\"wp-block-columns is-layout-flex wp-container-core-columns-is-layout-28f84493 wp-block-columns-is-layout-flex\">\n<div class=\"wp-block-column is-layout-flow wp-block-column-is-layout-flow\">\n<figure class=\"wp-block-image size-full\"><img loading=\"lazy\" decoding=\"async\" width=\"513\" height=\"351\" src=\"https:\/\/sobanski.pl\/wp-content\/uploads\/2025\/09\/image-4.png\" alt=\"\" class=\"wp-image-1071\" srcset=\"https:\/\/sobanski.pl\/wp-content\/uploads\/2025\/09\/image-4.png 513w, https:\/\/sobanski.pl\/wp-content\/uploads\/2025\/09\/image-4-300x205.png 300w\" sizes=\"auto, (max-width: 513px) 100vw, 513px\" \/><\/figure>\n<\/div>\n\n\n\n<div class=\"wp-block-column is-layout-flow wp-block-column-is-layout-flow\">\n<figure class=\"wp-block-image size-full\"><img loading=\"lazy\" decoding=\"async\" width=\"544\" height=\"387\" src=\"https:\/\/sobanski.pl\/wp-content\/uploads\/2025\/09\/image-5.png\" alt=\"\" class=\"wp-image-1072\" srcset=\"https:\/\/sobanski.pl\/wp-content\/uploads\/2025\/09\/image-5.png 544w, https:\/\/sobanski.pl\/wp-content\/uploads\/2025\/09\/image-5-300x213.png 300w\" sizes=\"auto, (max-width: 544px) 100vw, 544px\" \/><\/figure>\n<\/div>\n<\/div>\n<\/div>\n<\/div>\n\n\n\n<div style=\"height:20px\" aria-hidden=\"true\" class=\"wp-block-spacer\"><\/div>\n\n\n\n<div class=\"wp-block-columns alignwide is-layout-flex wp-container-core-columns-is-layout-cb40aab8 wp-block-columns-is-layout-flex\" style=\"padding-right:0;padding-left:0\">\n<div class=\"wp-block-column is-layout-flow wp-block-column-is-layout-flow\">\n<ul class=\"wp-block-list\">\n<li>Pow\u0142oka ta powstaje w\u00a0wyniku napylania metod\u0105 magnetronow\u0105 na\u00a0powierzchni\u0119 szk\u0142a float bardzo cienkiego uk\u0142adu warstw metali i\u00a0tlenk\u00f3w metali, kt\u00f3ry ma zdolno\u015b\u0107 odbijania promieniowania d\u0142ugofalowego (np. ciep\u0142o wypromieniowane z\u00a0grzejnik\u00f3w czy ciep\u0142o oddawane przez\u00a0ludzi, zwierz\u0119ta oraz\u00a0przedmioty), natomiast prawie bez\u00a0przeszk\u00f3d\u00a0 przepuszcza promieniowanie kr\u00f3tkofalowe (s\u0142oneczne). Dodatkowo promieniowanie s\u0142oneczne przenikaj\u0105c przez\u00a0przeszklenie powoduje nagrzewanie si\u0119 \u015bcian, pod\u0142\u00f3g, mebli itd., i\u00a0zostaje zamienione na\u00a0promieniowanie d\u0142ugofalowe, kt\u00f3re jest odbijane do\u00a0wewn\u0105trz (tzw. efekt cieplarniany). Zastosowanie w\u00a0oknie szyby zespolonej termoizolacyjnej zapewnia tak\u017ce wysoki komfort w\u00a0pomieszczeniu, przede wszystkim poprzez redukcj\u0119 tzw. ci\u0105g\u00f3w zimnego powietrza oraz\u00a0ograniczenie zjawiska kondensacji na\u00a0szybach. Wype\u0142nienie przestrzeni mi\u0119dzyszybowej gazem szlachetnym tj. argon lub krypton powoduje dodatkowe obni\u017cenie strat ciep\u0142a z\u00a0pomieszczenia.<\/li>\n<\/ul>\n<\/div>\n\n\n\n<div class=\"wp-block-column is-layout-flow wp-block-column-is-layout-flow\">\n<ul class=\"wp-block-list\">\n<li>G\u0142\u00f3wnym parametrem okre\u015blaj\u0105cym w\u0142a\u015bciwo\u015bci termoizolacyjne szyb zespolonych jest wsp\u00f3\u0142czynnik przenikalno\u015bci cieplnej Ug, kt\u00f3ry charakteryzuje ilo\u015b\u0107 ciep\u0142a przenikaj\u0105cego przez\u00a0szyb\u0119 na\u00a0zewn\u0105trz. Im ni\u017cszy wsp\u00f3\u0142czynnik Ug, tym lepsze w\u0142a\u015bciwo\u015bci termoizolacyjne. Oblicza si\u0119 go zgodnie z\u00a0norm\u0105 EN 673.<\/li>\n\n\n\n<li>Zakres oferowanych przez nas szyb termoizolacyjnych:<\/li>\n<\/ul>\n\n\n\n<p><strong>Szyba zespolona jednokomorowa: Ug=1.6 do 0,9 [W\/m2K]<br>Szyba zespolona dwukomorowa: Ug=0.7 do 0.4 [W\/m2K]<\/strong><\/p>\n<\/div>\n<\/div>\n<\/div>\n\n\n\n<div class=\"wp-block-group alignfull has-base-2-background-color has-background has-global-padding is-layout-constrained wp-container-core-group-is-layout-c7a42c40 wp-block-group-is-layout-constrained\" style=\"margin-top:0;margin-bottom:0;padding-top:var(--wp--preset--spacing--20);padding-right:var(--wp--preset--spacing--50);padding-bottom:var(--wp--preset--spacing--20);padding-left:var(--wp--preset--spacing--50)\">\n<div class=\"wp-block-columns alignwide is-layout-flex wp-container-core-columns-is-layout-549b0c86 wp-block-columns-is-layout-flex\">\n<div class=\"wp-block-column is-layout-flow wp-container-core-column-is-layout-119bc444 wp-block-column-is-layout-flow\" style=\"flex-basis:100%\">\n<p class=\"has-heading-font-family has-large-font-size\" style=\"line-height:1\"><br>Szyby\u00a0<strong>bezpieczne i antyw\u0142amaniowe<\/strong><\/p>\n\n\n\n<p style=\"padding-top:0;padding-right:0;padding-bottom:0;padding-left:0\">Podstawowym zadaniem szyb antyw\u0142amaniowych (a w\u0142a\u015bciwie szyb ochronnych) jest ochrona domu przed kradzie\u017c\u0105. Zastosowanie, w&nbsp;oknie ze wzmocnionymi okuciami, takiej szyby pozwala na&nbsp;rezygnacj\u0119 z&nbsp;dodatkowych zabezpiecze\u0144 takich jak kraty, okiennice, rolety itd., dzi\u0119ki czemu elewacja zachowuje estetyczny wygl\u0105d. Szyba antyw\u0142amaniowa jest szyb\u0105 laminowan\u0105. Oczywi\u015bcie dla w\u0142a\u015bciwego stopnia ochrony musi by\u0107 zastosowana rama o odpowiedniej konstrukcji.<\/p>\n\n\n\n<p>Stopie\u0144 ochrony mo\u017cemy dopasowywa\u0107 do&nbsp;swoich potrzeb stosuj\u0105c r\u00f3\u017cne kombinacje szk\u0142a oraz&nbsp;warstw trudno rozci\u0105gliwej folii PVB, EVA lub SentryGlas. Im wi\u0119cej warstw szk\u0142a i&nbsp;im grubsza folia, tym wi\u0119ksze bezpiecze\u0144stwo. W&nbsp;domach jednorodzinnych stosuje si\u0119 g\u0142\u00f3wnie szyby klas P3A (dwie tafle szk\u0142a i&nbsp;3 warstwy) i&nbsp;P4A (dwie tafle szk\u0142a i&nbsp;4 warstwy folii), poniewa\u017c s\u0105 przez&nbsp;towarzystwa ubezpieczeniowe uznawane za odpowiednie zabezpieczenie budynku, co skutkuje z regu\u0142y zmniejszeniem sk\u0142adki ubezpieczeniowej.<\/p>\n\n\n\n<p class=\"has-medium-font-size\">Szyby laminowane s\u0105 r\u00f3wnie\u017c szybami bezpiecznymi dla u\u017cytkownika \u2013 w przypadku ich rozbicia folia \u0142\u0105cz\u0105ca tafle szk\u0142a laminowanego zapobiega powa\u017cnym zranieniom.<\/p>\n<\/div>\n<\/div>\n\n\n\n<figure class=\"wp-block-image size-full\"><img loading=\"lazy\" decoding=\"async\" width=\"584\" height=\"389\" src=\"https:\/\/sobanski.pl\/wp-content\/uploads\/2025\/09\/image-7.png\" alt=\"\" class=\"wp-image-1074\" srcset=\"https:\/\/sobanski.pl\/wp-content\/uploads\/2025\/09\/image-7.png 584w, https:\/\/sobanski.pl\/wp-content\/uploads\/2025\/09\/image-7-300x200.png 300w\" sizes=\"auto, (max-width: 584px) 100vw, 584px\" \/><\/figure>\n\n\n\n<div style=\"height:20px\" aria-hidden=\"true\" class=\"wp-block-spacer\"><\/div>\n\n\n\n<div class=\"wp-block-columns alignwide is-layout-flex wp-container-core-columns-is-layout-17fc1b09 wp-block-columns-is-layout-flex\">\n<div class=\"wp-block-column is-layout-flow wp-block-column-is-layout-flow\">\n<p>Szyby potocznie zwane antyw\u0142amaniowymi s\u0105 okre\u015blane jako szyby ochronne oraz badane i klasyfikowane pod wzgl\u0119dem ich odporno\u015bci pod dzia\u0142aniem r\u0119cznego ataku. Norma okre\u015bla odporno\u015b\u0107 w klasach P1A, P2A, P3A, P4A, P5A, P6B, P7B i P8B. Jej klasyfikacji poddawane s\u0105 przede wszystkim szyby warstwowe. Pomimo potocznej nazwy &#8222;antyw\u0142amaniowe&#8221; nie stanowi\u0105 one ca\u0142kowitej bariery nie do przebycia. Szyby te, zw\u0142aszcza w ni\u017cszych klasach, maj\u0105 za zadanie jedynie stanowi\u0107 czasowe zabezpieczenie przed w\u0142amaniem, op\u00f3\u017ani\u0107 i utrudni\u0107 wtargni\u0119cie.<\/p>\n\n\n\n<h2 class=\"wp-block-heading has-large-font-size\">Klasy odporno\u015bci szyb antyw\u0142amaniowych<\/h2>\n\n\n\n<p><strong>Klasa&nbsp;P1A.<\/strong>&nbsp;Chroni\u0105 przed zranieniem podczas rozbicia<\/p>\n\n\n\n<p><strong>Klasa&nbsp;P2A.<\/strong>&nbsp;Chroni\u0105 przed zranieniem i kr\u00f3tkotrwale zabezpieczaj\u0105 przed wtargni\u0119ciem<\/p>\n\n\n\n<p><strong>Klasa&nbsp;P3A.<\/strong>&nbsp;Szyby antyw\u0142amaniowe&nbsp;w tej&nbsp;klasie&nbsp;utrudniaj\u0105 w\u0142amanie<\/p>\n\n\n\n<p><strong>Klasa&nbsp;P4A.<\/strong>&nbsp;S\u0105 to&nbsp;szyby&nbsp;maj\u0105ce zwi\u0119kszon\u0105 odporno\u015b\u0107 na ewentualne w\u0142amania<\/p>\n\n\n\n<p><strong>Klasa&nbsp;P6B.<\/strong>&nbsp;Wysoka odporno\u015b\u0107 na w\u0142amanie<\/p>\n\n\n\n<p><strong>Klasa&nbsp;P7B.<\/strong>&nbsp;Wysoka odporno\u015b\u0107 na w\u0142amanie<\/p>\n\n\n\n<p><strong>Klasa&nbsp;P8B.<\/strong>&nbsp;Najwy\u017csza odporno\u015b\u0107 na w\u0142amanie<\/p>\n<\/div>\n<\/div>\n\n\n\n<p>Wszystkie szyby ochronne mo\u017cna wykonywa\u0107 w pakietach zespolonych o dodatkowych funkcjach takich jak ochrona przed s\u0142o\u0144cem, podwy\u017cszona izolacja akustyczna, podwy\u017cszona izolacja cieplna.<\/p>\n<\/div>\n<\/div>\n","protected":false},"excerpt":{"rendered":"<p>Szyby\u00a0przeciws\u0142oneczne Podstawowym zadaniem szyb przeciws\u0142onecznych jest zapobieganie przegrzewaniu si\u0119 pomieszcze\u0144, co zwi\u0105zane jest z\u00a0wi\u0119kszym komfortem oraz\u00a0ni\u017cszymi kosztami klimatyzacji. Szczeg\u00f3lne znaczenie ma to\u00a0w\u00a0przypadku obiekt\u00f3w u\u017cyteczno\u015bci publicznej np. biurowcach. Jednak\u017ce nowoczesne szk\u0142a przeciws\u0142oneczne mog\u0105 stanowi\u0107 nie tylko skuteczn\u0105 ochron\u0119 przed niepo\u017c\u0105danym nagrzewaniem si\u0119 pomieszcze\u0144, ale\u00a0tak\u017ce charakteryzuj\u0105 si\u0119 bardzo dobrymi w\u0142a\u015bciwo\u015bciami termoizolacyjnymi, dzi\u0119ki czemu ograniczaj\u0105 straty ciep\u0142a zim\u0105. [&hellip;]<\/p>\n","protected":false},"author":1,"featured_media":0,"parent":0,"menu_order":0,"comment_status":"closed","ping_status":"closed","template":"wp-custom-template-pl","meta":{"_eb_attr":"","footnotes":""},"class_list":["post-135","page","type-page","status-publish","hentry"],"_links":{"self":[{"href":"https:\/\/sobanski.pl\/index.php\/wp-json\/wp\/v2\/pages\/135","targetHints":{"allow":["GET"]}}],"collection":[{"href":"https:\/\/sobanski.pl\/index.php\/wp-json\/wp\/v2\/pages"}],"about":[{"href":"https:\/\/sobanski.pl\/index.php\/wp-json\/wp\/v2\/types\/page"}],"author":[{"embeddable":true,"href":"https:\/\/sobanski.pl\/index.php\/wp-json\/wp\/v2\/users\/1"}],"replies":[{"embeddable":true,"href":"https:\/\/sobanski.pl\/index.php\/wp-json\/wp\/v2\/comments?post=135"}],"version-history":[{"count":6,"href":"https:\/\/sobanski.pl\/index.php\/wp-json\/wp\/v2\/pages\/135\/revisions"}],"predecessor-version":[{"id":1075,"href":"https:\/\/sobanski.pl\/index.php\/wp-json\/wp\/v2\/pages\/135\/revisions\/1075"}],"wp:attachment":[{"href":"https:\/\/sobanski.pl\/index.php\/wp-json\/wp\/v2\/media?parent=135"}],"curies":[{"name":"wp","href":"https:\/\/api.w.org\/{rel}","templated":true}]}}