{"id":134,"date":"2025-02-02T13:29:28","date_gmt":"2025-02-02T13:29:28","guid":{"rendered":"http:\/\/sobanski.pl\/?page_id=134"},"modified":"2026-01-02T12:33:28","modified_gmt":"2026-01-02T12:33:28","slug":"ogrody-zimowe","status":"publish","type":"page","link":"https:\/\/sobanski.pl\/index.php\/ogrody-zimowe\/","title":{"rendered":"Ogrody zimowe PL"},"content":{"rendered":"\n<div class=\"wp-block-group alignfull has-global-padding is-layout-constrained wp-block-group-is-layout-constrained\">\n<h2 class=\"wp-block-heading has-text-align-center\" style=\"padding-top:var(--wp--preset--spacing--30)\"><strong>Ogrody zimowe<\/strong><\/h2>\n\n\n\n<div class=\"wp-block-group alignfull has-accent-2-background-color has-background has-global-padding is-layout-constrained wp-container-core-group-is-layout-669513ed wp-block-group-is-layout-constrained\" style=\"margin-top:0;margin-bottom:0;padding-top:var(--wp--preset--spacing--50);padding-right:var(--wp--preset--spacing--50);padding-bottom:var(--wp--preset--spacing--50);padding-left:var(--wp--preset--spacing--50)\">\n<div class=\"wp-block-columns alignwide is-layout-flex wp-container-core-columns-is-layout-28f84493 wp-block-columns-is-layout-flex\">\n<div class=\"wp-block-column is-layout-flow wp-block-column-is-layout-flow\" style=\"flex-basis:70%\">\n<p>Istot\u0105 konstrukcji ogrodu zimowego jest dach oraz przeszklenia pionowe. Ca\u0142a konstrukcja wykonana jest z drewna mahoniowego lub sosnowego klejonego wielowarstwowo. \u015aciany pionowe ogrodu, ich podzia\u0142, wynika z za\u0142o\u017ce\u0144 projektowo-konstrukcyjnych. W zale\u017cno\u015bci od projektu, mog\u0105 sk\u0142ada\u0107 si\u0119 z: ram sta\u0142ych, okien, drzwi balkonowych oraz drzwi przesuwnych nisko progowych typu HS. Stosujemy okucia obwiedniowe firmy ROTO, kt\u00f3re pozwalaj\u0105 na otwieranie okien: rozwieralnie, rozwierno-uchylnie, uchylnie oraz przesuwne. W standardzie wprowadzono pierwszy stopie\u0144 antyw\u0142amaniowo\u015bci. Okucia te pozwalaj\u0105 na mikro rozszczelnienie, a tym samym w\u0142a\u015bciw\u0105 wentylacj\u0119. Jeste\u015bmy w stanie wykona\u0107 ka\u017cde indywidualne zam\u00f3wienie m.in. ramy sta\u0142e, \u0142ukowe, trapezowe, tr\u00f3jk\u0105tne, witryny. Do okien mo\u017cna zastosowa\u0107 szprosy wewn\u0105trzszybowe, zewn\u0119trzne otwierane, wiede\u0144skie (naklejane na szybie), konstrukcyjne.<br>Konstrukcja ogrod\u00f3w zimowych zawiera stolark\u0119 drewnian\u0105 wykonan\u0105 w systemie Euroline II 68, ENERGO 78 lub PASSIV 92 zgodne z aprobat\u0105 techniczn\u0105 oraz elementy drewniane.<\/p>\n<\/div>\n\n\n\n<div class=\"wp-block-column is-layout-flow wp-block-column-is-layout-flow\">\n<figure class=\"wp-block-image size-full has-custom-border\"><img loading=\"lazy\" decoding=\"async\" width=\"499\" height=\"665\" src=\"http:\/\/sobanski.pl\/wp-content\/uploads\/2025\/02\/DSC_01121-edited-1.jpg\" alt=\"\" class=\"wp-image-163\" style=\"border-radius:15px\" srcset=\"https:\/\/sobanski.pl\/wp-content\/uploads\/2025\/02\/DSC_01121-edited-1.jpg 499w, https:\/\/sobanski.pl\/wp-content\/uploads\/2025\/02\/DSC_01121-edited-1-225x300.jpg 225w\" sizes=\"auto, (max-width: 499px) 100vw, 499px\" \/><\/figure>\n<\/div>\n<\/div>\n\n\n\n<div style=\"height:21px\" aria-hidden=\"true\" class=\"wp-block-spacer\"><\/div>\n\n\n\n<figure class=\"wp-block-image alignwide size-full is-style-rounded is-style-rounded--1\"><img loading=\"lazy\" decoding=\"async\" width=\"1000\" height=\"400\" src=\"http:\/\/sobanski.pl\/wp-content\/uploads\/2025\/02\/ogrody-zimowe-baner.jpg\" alt=\"\" class=\"wp-image-148\" srcset=\"https:\/\/sobanski.pl\/wp-content\/uploads\/2025\/02\/ogrody-zimowe-baner.jpg 1000w, https:\/\/sobanski.pl\/wp-content\/uploads\/2025\/02\/ogrody-zimowe-baner-300x120.jpg 300w, https:\/\/sobanski.pl\/wp-content\/uploads\/2025\/02\/ogrody-zimowe-baner-768x307.jpg 768w\" sizes=\"auto, (max-width: 1000px) 100vw, 1000px\" \/><\/figure>\n<\/div>\n\n\n\n<div class=\"wp-block-group alignfull has-base-2-color has-contrast-background-color has-text-color has-background has-link-color wp-elements-6fd1f41be0776daecb1981f98158c121 has-global-padding is-layout-constrained wp-container-core-group-is-layout-facafb6f wp-block-group-is-layout-constrained\" style=\"margin-top:0;margin-bottom:0;padding-top:var(--wp--preset--spacing--50);padding-right:var(--wp--preset--spacing--50);padding-bottom:var(--wp--preset--spacing--50);padding-left:var(--wp--preset--spacing--50)\">\n<div class=\"wp-block-columns alignwide is-layout-flex wp-container-core-columns-is-layout-d1c656ed wp-block-columns-is-layout-flex\">\n<div class=\"wp-block-column is-vertically-aligned-stretch is-layout-flow wp-block-column-is-layout-flow\" style=\"padding-right:0;flex-basis:60%\">\n<div class=\"wp-block-group is-vertical is-content-justification-stretch is-layout-flex wp-container-core-group-is-layout-ae24f51d wp-block-group-is-layout-flex\" style=\"min-height:100%\">\n<figure class=\"wp-block-image size-full is-resized is-style-rounded is-style-rounded--2\"><img loading=\"lazy\" decoding=\"async\" width=\"422\" height=\"750\" src=\"http:\/\/sobanski.pl\/wp-content\/uploads\/2025\/02\/P1000493-edited.jpg\" alt=\"\" class=\"wp-image-158\" style=\"aspect-ratio:0.5625;object-fit:cover;width:635px;height:auto\" srcset=\"https:\/\/sobanski.pl\/wp-content\/uploads\/2025\/02\/P1000493-edited.jpg 422w, https:\/\/sobanski.pl\/wp-content\/uploads\/2025\/02\/P1000493-edited-169x300.jpg 169w\" sizes=\"auto, (max-width: 422px) 100vw, 422px\" \/><\/figure>\n\n\n\n<p>Wykonanie konstrukcji dachowej jest najbardziej kosztownym i czasoch\u0142onnym elementem ogrodu.<\/p>\n<\/div>\n<\/div>\n\n\n\n<div class=\"wp-block-column is-layout-flow wp-block-column-is-layout-flow\" style=\"flex-basis:40%\">\n<div class=\"wp-block-group has-global-padding is-layout-constrained wp-block-group-is-layout-constrained\">\n<p>Indywidualno\u015b\u0107 i z\u0142o\u017cono\u015b\u0107 ogrodu zimowego polega przede wszystkim na konstrukcji dachowej. Elementy wi\u0119\u017aby dachowej (wie\u0144ce, krokwie, kolanka, mur\u0142aty) wykonywane s\u0105 z wysokiej klasy kszta\u0142townik\u00f3w drewnianych zapewniaj\u0105cych odpowiedni\u0105 wytrzyma\u0142o\u015b\u0107 konstrukcji, a jednocze\u015bnie swoj\u0105 estetyk\u0105 podkre\u015blaj\u0105 pi\u0119kno naturalnego drewna. W zale\u017cno\u015bci od projektu dachy mog\u0105 by\u0107 jedno-, dwu- lub wielospadowe. Cz\u0119sto k\u0105t pochy\u0142o\u015bci ogrodu nawi\u0105zuje do pochy\u0142o\u015bci istniej\u0105cego budynku. Wszystkie elementy drewniane malowane s\u0105 farbami kryj\u0105cymi i ukazuj\u0105cymi struktur\u0119 drewna marki REMMERS, kt\u00f3re dodatkowo zabezpieczaj\u0105 przed szkodliwym dzia\u0142aniem czynnik\u00f3w atmosferycznych.<\/p>\n\n\n\n<div style=\"height:30px\" aria-hidden=\"true\" class=\"wp-block-spacer\"><\/div>\n\n\n\n<div class=\"wp-block-group is-layout-flow wp-block-group-is-layout-flow\">\n<p class=\"has-medium-font-size\">W po\u0142aci dachowej na krokwie nak\u0142adane s\u0105 profile aluminiowe, w kt\u00f3rych montowane s\u0105 zestawy szybowe zapewniaj\u0105ce szczelno\u015b\u0107 na wody opadowe.<\/p>\n\n\n\n<figure class=\"wp-block-image size-full is-resized is-style-rounded is-style-rounded--3\"><img loading=\"lazy\" decoding=\"async\" width=\"563\" height=\"750\" src=\"http:\/\/sobanski.pl\/wp-content\/uploads\/2025\/02\/P1000482-edited-2.jpg\" alt=\"\" class=\"wp-image-157\" style=\"aspect-ratio:0.5625;object-fit:cover;width:330px;height:auto\" srcset=\"https:\/\/sobanski.pl\/wp-content\/uploads\/2025\/02\/P1000482-edited-2.jpg 563w, https:\/\/sobanski.pl\/wp-content\/uploads\/2025\/02\/P1000482-edited-2-225x300.jpg 225w\" sizes=\"auto, (max-width: 563px) 100vw, 563px\" \/><\/figure>\n<\/div>\n<\/div>\n<\/div>\n<\/div>\n<\/div>\n<\/div>\n","protected":false},"excerpt":{"rendered":"<p>Ogrody zimowe Istot\u0105 konstrukcji ogrodu zimowego jest dach oraz przeszklenia pionowe. Ca\u0142a konstrukcja wykonana jest z drewna mahoniowego lub sosnowego klejonego wielowarstwowo. \u015aciany pionowe ogrodu, ich podzia\u0142, wynika z za\u0142o\u017ce\u0144 projektowo-konstrukcyjnych. W zale\u017cno\u015bci od projektu, mog\u0105 sk\u0142ada\u0107 si\u0119 z: ram sta\u0142ych, okien, drzwi balkonowych oraz drzwi przesuwnych nisko progowych typu HS. Stosujemy okucia obwiedniowe firmy [&hellip;]<\/p>\n","protected":false},"author":1,"featured_media":0,"parent":0,"menu_order":0,"comment_status":"closed","ping_status":"closed","template":"wp-custom-template-pl","meta":{"_eb_attr":"","footnotes":""},"class_list":["post-134","page","type-page","status-publish","hentry"],"_links":{"self":[{"href":"https:\/\/sobanski.pl\/index.php\/wp-json\/wp\/v2\/pages\/134","targetHints":{"allow":["GET"]}}],"collection":[{"href":"https:\/\/sobanski.pl\/index.php\/wp-json\/wp\/v2\/pages"}],"about":[{"href":"https:\/\/sobanski.pl\/index.php\/wp-json\/wp\/v2\/types\/page"}],"author":[{"embeddable":true,"href":"https:\/\/sobanski.pl\/index.php\/wp-json\/wp\/v2\/users\/1"}],"replies":[{"embeddable":true,"href":"https:\/\/sobanski.pl\/index.php\/wp-json\/wp\/v2\/comments?post=134"}],"version-history":[{"count":10,"href":"https:\/\/sobanski.pl\/index.php\/wp-json\/wp\/v2\/pages\/134\/revisions"}],"predecessor-version":[{"id":1453,"href":"https:\/\/sobanski.pl\/index.php\/wp-json\/wp\/v2\/pages\/134\/revisions\/1453"}],"wp:attachment":[{"href":"https:\/\/sobanski.pl\/index.php\/wp-json\/wp\/v2\/media?parent=134"}],"curies":[{"name":"wp","href":"https:\/\/api.w.org\/{rel}","templated":true}]}}