{"id":1015,"date":"2025-04-21T18:47:25","date_gmt":"2025-04-21T18:47:25","guid":{"rendered":"http:\/\/sobanski.pl\/?page_id=1015"},"modified":"2025-11-27T12:32:01","modified_gmt":"2025-11-27T12:32:01","slug":"1015-2","status":"publish","type":"page","link":"https:\/\/sobanski.pl\/index.php\/1015-2\/","title":{"rendered":"Kontakt PL"},"content":{"rendered":"\n<div class=\"wp-block-group has-base-2-background-color has-background has-global-padding is-layout-constrained wp-block-group-is-layout-constrained\">\n<p class=\"has-text-align-center has-large-font-size\" style=\"padding-top:var(--wp--preset--spacing--30);padding-bottom:var(--wp--preset--spacing--30)\">Masz pytania? Skontaktuj si\u0119 z nami \u2013 ch\u0119tnie doradzimy i pomo\u017cemy!<\/p>\n\n\n\n<div class=\"wp-block-columns alignwide has-base-background-color has-background is-layout-flex wp-container-core-columns-is-layout-28b55a6e wp-block-columns-is-layout-flex\" style=\"padding-top:var(--wp--preset--spacing--10);padding-bottom:var(--wp--preset--spacing--10)\">\n<div class=\"wp-block-column is-layout-flow wp-block-column-is-layout-flow\" style=\"padding-right:var(--wp--preset--spacing--10);padding-left:var(--wp--preset--spacing--10);flex-basis:50%\">\n<p class=\"has-text-align-right\"><strong>Napisz lub zadzwo\u0144 \u2013 odpowiemy na ka\u017cde pytanie<\/strong>:<\/p>\n<\/div>\n\n\n\n<div class=\"wp-block-column is-layout-flow wp-block-column-is-layout-flow\" style=\"padding-right:var(--wp--preset--spacing--10);padding-left:var(--wp--preset--spacing--10);flex-basis:50%\">\n<p class=\"has-text-align-left\">\n  e-mail: <a href=\"mailto:sobanski@sobanski.pl\">sobanski@sobanski.pl<\/a><br>\n  tel.: <a href=\"tel:+48627615505\">+48 62 761 55 05<\/a>\n<\/p>\n\n\n\n<p class=\"has-text-align-left\">Doradca techniczny:<br>Henryk Matuszczak tel.: <a href=\"tel:+48602188104\">+48 602 188 104<\/a><\/p>\n<\/div>\n<\/div>\n\n\n\n<div class=\"wp-block-columns alignwide is-layout-flex wp-container-core-columns-is-layout-28b55a6e wp-block-columns-is-layout-flex\" style=\"padding-top:var(--wp--preset--spacing--10);padding-bottom:var(--wp--preset--spacing--10)\">\n<div class=\"wp-block-column is-layout-flow wp-block-column-is-layout-flow\" style=\"padding-right:var(--wp--preset--spacing--10);padding-left:var(--wp--preset--spacing--10);flex-basis:50%\">\n<p class=\"has-text-align-right\"><strong>Odwied\u017a nas pod adresem:<\/strong><\/p>\n<\/div>\n\n\n\n<div class=\"wp-block-column is-layout-flow wp-block-column-is-layout-flow\" style=\"padding-right:var(--wp--preset--spacing--10);padding-left:var(--wp--preset--spacing--10);flex-basis:50%\">\n<p>Czechel 18a<br>63-322 Go\u0142uch\u00f3w<\/p>\n<\/div>\n<\/div>\n\n\n\n<div class=\"wp-block-group alignwide has-global-padding is-layout-constrained wp-block-group-is-layout-constrained\">\n<div style=\"position:relative; padding-bottom:56.25%; height:0; overflow:hidden; max-width:100%;\">\n  <iframe \n    src=\"https:\/\/www.google.com\/maps\/embed?pb=!1m18!1m12!1m3!1d2927.2240290856794!2d17.91967087689251!3d51.7926998898209!2m3!1f0!2f0!3f0!3m2!1i1024!2i768!4f13.1!3m3!1m2!1s0x471acc3132ed7437%3A0x40fa0704ca337697!2sZAK%C5%81AD%20STOLARKI%20BUDOWLANEJ%20%22SOBA%C5%83SKI%22%20SP.%20JAWNA!5e1!3m2!1spl!2spl!4v1745261186108!5m2!1spl!2spl\" \n    style=\"position:absolute; top:0; left:0; width:100%; height:100%; border:0;\" \n    allowfullscreen=\"\" \n    loading=\"lazy\" \n    referrerpolicy=\"no-referrer-when-downgrade\">\n  <\/iframe>\n<\/div>\n<\/div>\n<\/div>\n","protected":false},"excerpt":{"rendered":"<p>Masz pytania? Skontaktuj si\u0119 z nami \u2013 ch\u0119tnie doradzimy i pomo\u017cemy! Napisz lub zadzwo\u0144 \u2013 odpowiemy na ka\u017cde pytanie: e-mail: sobanski@sobanski.pl tel.: +48 62 761 55 05 Doradca techniczny:Henryk Matuszczak tel.: +48 602 188 104 Odwied\u017a nas pod adresem: Czechel 18a63-322 Go\u0142uch\u00f3w<\/p>\n","protected":false},"author":1,"featured_media":0,"parent":0,"menu_order":0,"comment_status":"closed","ping_status":"closed","template":"wp-custom-template-pl","meta":{"_eb_attr":"","footnotes":""},"class_list":["post-1015","page","type-page","status-publish","hentry"],"_links":{"self":[{"href":"https:\/\/sobanski.pl\/index.php\/wp-json\/wp\/v2\/pages\/1015","targetHints":{"allow":["GET"]}}],"collection":[{"href":"https:\/\/sobanski.pl\/index.php\/wp-json\/wp\/v2\/pages"}],"about":[{"href":"https:\/\/sobanski.pl\/index.php\/wp-json\/wp\/v2\/types\/page"}],"author":[{"embeddable":true,"href":"https:\/\/sobanski.pl\/index.php\/wp-json\/wp\/v2\/users\/1"}],"replies":[{"embeddable":true,"href":"https:\/\/sobanski.pl\/index.php\/wp-json\/wp\/v2\/comments?post=1015"}],"version-history":[{"count":13,"href":"https:\/\/sobanski.pl\/index.php\/wp-json\/wp\/v2\/pages\/1015\/revisions"}],"predecessor-version":[{"id":1427,"href":"https:\/\/sobanski.pl\/index.php\/wp-json\/wp\/v2\/pages\/1015\/revisions\/1427"}],"wp:attachment":[{"href":"https:\/\/sobanski.pl\/index.php\/wp-json\/wp\/v2\/media?parent=1015"}],"curies":[{"name":"wp","href":"https:\/\/api.w.org\/{rel}","templated":true}]}}